{"id":31037,"date":"2025-04-10T12:08:39","date_gmt":"2025-04-10T10:08:39","guid":{"rendered":"https:\/\/myspainfood.com\/producto\/kokotxas-izland-extra-500gr\/"},"modified":"2025-07-28T10:36:30","modified_gmt":"2025-07-28T08:36:30","slug":"kokotxas-izland-extra-500gr","status":"publish","type":"product","link":"https:\/\/myspainfood.com\/hu\/producto\/kokotxas-izland-extra-500gr\/","title":{"rendered":"Kokotxas Izland Extra 500gr"},"content":{"rendered":"<p>A <a href=\"https:\/\/labarajilla.es\/bacalao\/\" target=\"_blank\" rel=\"noopener noreferrer nofollow\">La Barajilla<\/a> Kokotxas Islandia Extra 500 gr-os Kokotxas Islandia Extra term\u00e9k\u00e9t text\u00far\u00e1ja miatt nagyra \u00e9rt\u00e9kelik.<\/p>\n<p>Ezek a kokotx\u00e1k j\u00f3 izomt\u00f6meggel rendelkeznek, amely a hal k\u00e9t als\u00f3 \u00e1llkapcsa k\u00f6z\u00f6tt helyezkedik el.<\/p>\n<ul>\n<li><strong>F\u00c9L<\/strong>: T\u0151kehal ( Gadus Morhua )<u><\/u><u><\/u><\/li>\n<li><strong>HAL\u00c1SZ\u00d3Z\u00d3K\u00d6R<\/strong>: \u00c9szaknyugat-atlanti ( FAO 27 )<u><\/u><u><\/u><\/li>\n<li><strong>T\u00c1ROL\u00c1S<\/strong>: 0\u00baC \u00e9s 5\u00baC k\u00f6z\u00f6tt.<\/li>\n<\/ul>\n<p>T\u00e1pl\u00e1lkoz\u00e1stani szempontb\u00f3l a t\u0151kehal magas biol\u00f3giai \u00e9rt\u00e9k\u0171 \u00e9s em\u00e9szthet\u0151 feh\u00e9rj\u00e9ben gazdag, alacsony zs\u00edr- \u00e9s kal\u00f3riatartalm\u00fa \u00e9lelmiszer.<\/p>\n<p>A v\u00edztartalom k\u00f6r\u00fclbel\u00fcl 80% (a friss t\u0151kehalban).<\/p>\n<p>Ez a t\u0151kehal j\u00f3 forr\u00e1sa a szervezet sz\u00e1m\u00e1ra n\u00e9lk\u00fcl\u00f6zhetetlen vitaminoknak (f\u0151k\u00e9nt a B-csoportba tartoz\u00f3 vitaminoknak) \u00e9s \u00e1sv\u00e1nyi s\u00f3knak.<\/p>\n<p>A friss vagy s\u00f3tlan\u00edtott t\u0151kehalat a magas v\u00e9rnyom\u00e1sban szenved\u0151k is fogyaszthatj\u00e1k, mivel alacsony a n\u00e1triumtartalma \u00e9s gazdag k\u00e1liumban.<\/p>\n<p>&#8222;A t\u0151kehal a Gadus nemzets\u00e9gbe tartoz\u00f3 sz\u00e1mos halfaj k\u00f6z\u00f6s neve, b\u00e1r ugyanannak a nemzets\u00e9gnek n\u00e9h\u00e1ny faj\u00e1nak m\u00e1s neve is lehet.<\/p>\n<p>A leggyakoribb faj az atlanti t\u0151kehal (Gadus morhua vagy k\u00f6z\u00f6ns\u00e9ges t\u0151kehal).<\/p>\n<p>Ha Kokotxas Islandia Extra 500gr vagy b\u00e1rmilyen m\u00e1s t\u00edpus\u00fa <a href=\"https:\/\/latiendadesami.com\/categoria-producto\/frio\/\" rel=\"noopener noreferrer nofollow\" target=\"_blank\">hideg<\/a> term\u00e9ket szeretne v\u00e1s\u00e1rolni, ne habozzon, n\u00e9zze meg online katal\u00f3gusunkat, hogy megismerje a t\u0151kehal sz\u00e9les v\u00e1laszt\u00e9k\u00e1t.<\/p>\n<p>Tov\u00e1bbi inform\u00e1ci\u00f3\u00e9rt \u00edrjon nek\u00fcnk.<\/p>\n","protected":false},"excerpt":{"rendered":"<p>A La Barajilla Kokotxas Islandia Extra 500 gr-os Kokotxas Islandia Extra term\u00e9k\u00e9t text\u00far\u00e1ja miatt nagyra \u00e9rt\u00e9kelik. Ezek a kokotx\u00e1k j\u00f3 izomt\u00f6meggel rendelkeznek, amely a hal k\u00e9t als\u00f3 \u00e1llkapcsa k\u00f6z\u00f6tt helyezkedik el. F\u00c9L: T\u0151kehal ( Gadus Morhua ) HAL\u00c1SZ\u00d3Z\u00d3K\u00d6R: \u00c9szaknyugat-atlanti ( FAO 27 ) T\u00c1ROL\u00c1S: 0\u00baC \u00e9s 5\u00baC k\u00f6z\u00f6tt. T\u00e1pl\u00e1lkoz\u00e1stani szempontb\u00f3l a t\u0151kehal magas biol\u00f3giai \u00e9rt\u00e9k\u0171 [&hellip;]<\/p>\n","protected":false},"featured_media":11161,"template":"","meta":{"_et_pb_use_builder":"","_et_pb_old_content":"","_et_gb_content_width":""},"product_brand":[1290],"product_cat":[1837,3532],"product_tag":[],"class_list":{"0":"post-31037","1":"product","2":"type-product","3":"status-publish","4":"has-post-thumbnail","6":"product_brand-la-barajilla","7":"product_cat-hideg","8":"product_cat-tokehal","9":"product_shipping_class-hidegszallitas","11":"first","12":"outofstock","13":"taxable","14":"shipping-taxable","15":"purchasable","16":"product-type-simple"},"_links":{"self":[{"href":"https:\/\/myspainfood.com\/hu\/wp-json\/wp\/v2\/product\/31037","targetHints":{"allow":["GET"]}}],"collection":[{"href":"https:\/\/myspainfood.com\/hu\/wp-json\/wp\/v2\/product"}],"about":[{"href":"https:\/\/myspainfood.com\/hu\/wp-json\/wp\/v2\/types\/product"}],"wp:featuredmedia":[{"embeddable":true,"href":"https:\/\/myspainfood.com\/hu\/wp-json\/wp\/v2\/media\/11161"}],"wp:attachment":[{"href":"https:\/\/myspainfood.com\/hu\/wp-json\/wp\/v2\/media?parent=31037"}],"wp:term":[{"taxonomy":"product_brand","embeddable":true,"href":"https:\/\/myspainfood.com\/hu\/wp-json\/wp\/v2\/product_brand?post=31037"},{"taxonomy":"product_cat","embeddable":true,"href":"https:\/\/myspainfood.com\/hu\/wp-json\/wp\/v2\/product_cat?post=31037"},{"taxonomy":"product_tag","embeddable":true,"href":"https:\/\/myspainfood.com\/hu\/wp-json\/wp\/v2\/product_tag?post=31037"}],"curies":[{"name":"wp","href":"https:\/\/api.w.org\/{rel}","templated":true}]}}