{"id":31450,"date":"2025-04-10T12:08:39","date_gmt":"2025-04-10T10:08:39","guid":{"rendered":"https:\/\/myspainfood.com\/producto\/cruceiro-de-ferreiros-albarino\/"},"modified":"2025-04-10T12:08:39","modified_gmt":"2025-04-10T10:08:39","slug":"cruceiro-de-ferreiros-albarino","status":"publish","type":"product","link":"https:\/\/myspainfood.com\/hu\/producto\/cruceiro-de-ferreiros-albarino\/","title":{"rendered":"Cruceiro de Ferreiros Albari\u00f1o"},"content":{"rendered":"<p>Ez a klasszikus gal\u00edciai bor tiszta \u00e9s vil\u00e1gos, szinte z\u00f6ld sz\u00edn\u0171. A gr\u00e9pfr\u00fat arom\u00e1i vir\u00e1gos h\u00e1tt\u00e9rben \u00e9nekelnek, \u00e1sv\u00e1nyoss\u00e1got sejtetve. Testes, j\u00f3 szerkezet\u0171 \u00e9s er\u0151teljes lecseng\u00e9s\u0171, remek bor k\u00f6nny\u0171 hal\u00e9telekhez vagy friss sajtokhoz.  <\/p>\n<div>Albari\u00f1o, Godello \u00e9s Loureiro sz\u0151l\u0151fajt\u00e1kb\u00f3l k\u00e9sz\u00fclt bora ez\u00fcst\u00e9rmet kapott a 2017-es International Wine Awards-on feh\u00e9rbor kateg\u00f3ri\u00e1ban.<\/div>\n<p>N\u00e9v\/ter\u00fclet: Ixp Do Mi\u00f1o<\/p>\n","protected":false},"excerpt":{"rendered":"<p>Ez a klasszikus gal\u00edciai bor tiszta \u00e9s vil\u00e1gos, szinte z\u00f6ld sz\u00edn\u0171. A gr\u00e9pfr\u00fat arom\u00e1i vir\u00e1gos h\u00e1tt\u00e9rben \u00e9nekelnek, \u00e1sv\u00e1nyoss\u00e1got sejtetve. Testes, j\u00f3 szerkezet\u0171 \u00e9s er\u0151teljes lecseng\u00e9s\u0171, remek bor k\u00f6nny\u0171 hal\u00e9telekhez vagy friss sajtokhoz. Albari\u00f1o, Godello \u00e9s Loureiro sz\u0151l\u0151fajt\u00e1kb\u00f3l k\u00e9sz\u00fclt bora ez\u00fcst\u00e9rmet kapott a 2017-es International Wine Awards-on feh\u00e9rbor kateg\u00f3ri\u00e1ban. N\u00e9v\/ter\u00fclet: Ixp Do Mi\u00f1o<\/p>\n","protected":false},"featured_media":11449,"template":"","meta":{"_et_pb_use_builder":"","_et_pb_old_content":"","_et_gb_content_width":""},"product_brand":[1302],"product_cat":[6266,4875],"product_tag":[7022],"class_list":{"0":"post-31450","1":"product","2":"type-product","3":"status-publish","4":"has-post-thumbnail","6":"product_brand-galiciano","7":"product_cat-bor-hu-2","8":"product_cat-italok","9":"product_tag-albarino-hu","11":"first","12":"instock","13":"taxable","14":"shipping-taxable","15":"purchasable","16":"product-type-variable"},"_links":{"self":[{"href":"https:\/\/myspainfood.com\/hu\/wp-json\/wp\/v2\/product\/31450","targetHints":{"allow":["GET"]}}],"collection":[{"href":"https:\/\/myspainfood.com\/hu\/wp-json\/wp\/v2\/product"}],"about":[{"href":"https:\/\/myspainfood.com\/hu\/wp-json\/wp\/v2\/types\/product"}],"wp:featuredmedia":[{"embeddable":true,"href":"https:\/\/myspainfood.com\/hu\/wp-json\/wp\/v2\/media\/11449"}],"wp:attachment":[{"href":"https:\/\/myspainfood.com\/hu\/wp-json\/wp\/v2\/media?parent=31450"}],"wp:term":[{"taxonomy":"product_brand","embeddable":true,"href":"https:\/\/myspainfood.com\/hu\/wp-json\/wp\/v2\/product_brand?post=31450"},{"taxonomy":"product_cat","embeddable":true,"href":"https:\/\/myspainfood.com\/hu\/wp-json\/wp\/v2\/product_cat?post=31450"},{"taxonomy":"product_tag","embeddable":true,"href":"https:\/\/myspainfood.com\/hu\/wp-json\/wp\/v2\/product_tag?post=31450"}],"curies":[{"name":"wp","href":"https:\/\/api.w.org\/{rel}","templated":true}]}}