{"id":31655,"date":"2025-04-10T12:09:08","date_gmt":"2025-04-10T10:09:08","guid":{"rendered":"https:\/\/myspainfood.com\/producto\/juhsajt-rozmaringgal-el-gran-cardenal\/"},"modified":"2025-07-28T10:36:32","modified_gmt":"2025-07-28T08:36:32","slug":"juhsajt-rozmaringgal-el-gran-cardenal","status":"publish","type":"product","link":"https:\/\/myspainfood.com\/hu\/producto\/juhsajt-rozmaringgal-el-gran-cardenal\/","title":{"rendered":"Juhsajt rozmaringgal El Gran Cardenal"},"content":{"rendered":"<div class=\"et_pb_blurb_container\">\n<div class=\"et_pb_blurb_container\">\n<h4 class=\"et_pb_module_header\">Birk\u00e1k rozmaringgal<\/h4>\n<div class=\"et_pb_blurb_description\">A rozmaring a mediterr\u00e1n t\u00e9rs\u00e9gre jellemz\u0151 arom\u00e1s n\u00f6v\u00e9ny. Arom\u00e1ja \u00e1titatja a Castellano de Oveja sajtunkat, \u00e9s ez\u00e1ltal nagyon \u00e1rnyalt illatot \u00e9s \u00edzt k\u00f6lcs\u00f6n\u00f6z neki, valamint seg\u00edt megv\u00e9deni a sajtot. <\/p>\n<p>A vir\u00e1gok nyelv\u00e9n a rozmaring a j\u00f3hiszem\u0171s\u00e9g \u00e9s a nyitotts\u00e1g szimb\u00f3luma.<\/p><\/div>\n<\/div>\n<\/div>\n","protected":false},"excerpt":{"rendered":"<p>Birk\u00e1k rozmaringgal A rozmaring a mediterr\u00e1n t\u00e9rs\u00e9gre jellemz\u0151 arom\u00e1s n\u00f6v\u00e9ny. Arom\u00e1ja \u00e1titatja a Castellano de Oveja sajtunkat, \u00e9s ez\u00e1ltal nagyon \u00e1rnyalt illatot \u00e9s \u00edzt k\u00f6lcs\u00f6n\u00f6z neki, valamint seg\u00edt megv\u00e9deni a sajtot. A vir\u00e1gok nyelv\u00e9n a rozmaring a j\u00f3hiszem\u0171s\u00e9g \u00e9s a nyitotts\u00e1g szimb\u00f3luma.<\/p>\n","protected":false},"featured_media":11683,"template":"","meta":{"_et_pb_use_builder":"","_et_pb_old_content":"","_et_gb_content_width":""},"product_brand":[1319],"product_cat":[2740,1837,2278],"product_tag":[],"class_list":{"0":"post-31655","1":"product","2":"type-product","3":"status-publish","4":"has-post-thumbnail","6":"product_brand-el-gran-cardenal","7":"product_cat-gyogyitas","8":"product_cat-hideg","9":"product_cat-sajt-es-kolbasz","10":"product_shipping_class-hidegszallitas","12":"first","13":"outofstock","14":"taxable","15":"shipping-taxable","16":"purchasable","17":"product-type-variable"},"_links":{"self":[{"href":"https:\/\/myspainfood.com\/hu\/wp-json\/wp\/v2\/product\/31655","targetHints":{"allow":["GET"]}}],"collection":[{"href":"https:\/\/myspainfood.com\/hu\/wp-json\/wp\/v2\/product"}],"about":[{"href":"https:\/\/myspainfood.com\/hu\/wp-json\/wp\/v2\/types\/product"}],"wp:featuredmedia":[{"embeddable":true,"href":"https:\/\/myspainfood.com\/hu\/wp-json\/wp\/v2\/media\/11683"}],"wp:attachment":[{"href":"https:\/\/myspainfood.com\/hu\/wp-json\/wp\/v2\/media?parent=31655"}],"wp:term":[{"taxonomy":"product_brand","embeddable":true,"href":"https:\/\/myspainfood.com\/hu\/wp-json\/wp\/v2\/product_brand?post=31655"},{"taxonomy":"product_cat","embeddable":true,"href":"https:\/\/myspainfood.com\/hu\/wp-json\/wp\/v2\/product_cat?post=31655"},{"taxonomy":"product_tag","embeddable":true,"href":"https:\/\/myspainfood.com\/hu\/wp-json\/wp\/v2\/product_tag?post=31655"}],"curies":[{"name":"wp","href":"https:\/\/api.w.org\/{rel}","templated":true}]}}