{"id":31778,"date":"2025-04-10T12:09:10","date_gmt":"2025-04-10T10:09:10","guid":{"rendered":"https:\/\/myspainfood.com\/producto\/kecske-es-tehensajt-fekete-fokhagymaval-el-gran-cardenal\/"},"modified":"2025-06-24T16:11:43","modified_gmt":"2025-06-24T14:11:43","slug":"kecske-es-tehensajt-fekete-fokhagymaval-el-gran-cardenal","status":"publish","type":"product","link":"https:\/\/myspainfood.com\/hu\/producto\/kecske-es-tehensajt-fekete-fokhagymaval-el-gran-cardenal\/","title":{"rendered":"Kecske- \u00e9s teh\u00e9nsajt fekete fokhagym\u00e1val El Gran Cardenal"},"content":{"rendered":"<div class=\"et_pb_blurb_container\">\n<div class=\"et_pb_blurb_container\">\n<div class=\"et_pb_blurb_container\">\n<h4 class=\"et_pb_module_header\">Kecske fekete fokhagym\u00e1val<\/h4>\n<div class=\"et_pb_blurb_description\">Kecske- \u00e9s teh\u00e9ntejb\u0151l k\u00e9sz\u00fclt kr\u00e9mes sajt, belsej\u00e9ben fekete fokhagym\u00e1val. Ez enyh\u00e9n \u00e9des \u00edzt \u00e9s antioxid\u00e1ns tulajdons\u00e1gokat k\u00f6lcs\u00f6n\u00f6z neki. <\/p>\n<p>M\u00e1s tulajdons\u00e1gokat is tulajdon\u00edtanak neki, p\u00e9ld\u00e1ul a r\u00e1k kock\u00e1zat\u00e1nak cs\u00f6kkent\u00e9s\u00e9t \u00e9s az \u00e9let meghosszabb\u00edt\u00e1s\u00e1t. Az biztos, hogy a kecsketej \u00e9s a fekete fokhagyma egy\u00fcttes \u00edz\u00e9nek eredm\u00e9nye kellemes meglepet\u00e9s lesz. <\/p><\/div>\n<\/div>\n<\/div>\n<\/div>\n","protected":false},"excerpt":{"rendered":"<p>Kecske fekete fokhagym\u00e1val Kecske- \u00e9s teh\u00e9ntejb\u0151l k\u00e9sz\u00fclt kr\u00e9mes sajt, belsej\u00e9ben fekete fokhagym\u00e1val. Ez enyh\u00e9n \u00e9des \u00edzt \u00e9s antioxid\u00e1ns tulajdons\u00e1gokat k\u00f6lcs\u00f6n\u00f6z neki. M\u00e1s tulajdons\u00e1gokat is tulajdon\u00edtanak neki, p\u00e9ld\u00e1ul a r\u00e1k kock\u00e1zat\u00e1nak cs\u00f6kkent\u00e9s\u00e9t \u00e9s az \u00e9let meghosszabb\u00edt\u00e1s\u00e1t. Az biztos, hogy a kecsketej \u00e9s a fekete fokhagyma egy\u00fcttes \u00edz\u00e9nek eredm\u00e9nye kellemes meglepet\u00e9s lesz.<\/p>\n","protected":false},"featured_media":11746,"template":"","meta":{"_et_pb_use_builder":"","_et_pb_old_content":"","_et_gb_content_width":""},"product_brand":[1319],"product_cat":[2740,1837,2278],"product_tag":[],"class_list":{"0":"post-31778","1":"product","2":"type-product","3":"status-publish","4":"has-post-thumbnail","6":"product_brand-el-gran-cardenal","7":"product_cat-gyogyitas","8":"product_cat-hideg","9":"product_cat-sajt-es-kolbasz","10":"product_shipping_class-hidegszallitas","12":"first","13":"outofstock","14":"taxable","15":"shipping-taxable","16":"purchasable","17":"product-type-variable"},"_links":{"self":[{"href":"https:\/\/myspainfood.com\/hu\/wp-json\/wp\/v2\/product\/31778","targetHints":{"allow":["GET"]}}],"collection":[{"href":"https:\/\/myspainfood.com\/hu\/wp-json\/wp\/v2\/product"}],"about":[{"href":"https:\/\/myspainfood.com\/hu\/wp-json\/wp\/v2\/types\/product"}],"wp:featuredmedia":[{"embeddable":true,"href":"https:\/\/myspainfood.com\/hu\/wp-json\/wp\/v2\/media\/11746"}],"wp:attachment":[{"href":"https:\/\/myspainfood.com\/hu\/wp-json\/wp\/v2\/media?parent=31778"}],"wp:term":[{"taxonomy":"product_brand","embeddable":true,"href":"https:\/\/myspainfood.com\/hu\/wp-json\/wp\/v2\/product_brand?post=31778"},{"taxonomy":"product_cat","embeddable":true,"href":"https:\/\/myspainfood.com\/hu\/wp-json\/wp\/v2\/product_cat?post=31778"},{"taxonomy":"product_tag","embeddable":true,"href":"https:\/\/myspainfood.com\/hu\/wp-json\/wp\/v2\/product_tag?post=31778"}],"curies":[{"name":"wp","href":"https:\/\/api.w.org\/{rel}","templated":true}]}}