{"id":31815,"date":"2025-04-10T12:08:54","date_gmt":"2025-04-10T10:08:54","guid":{"rendered":"https:\/\/myspainfood.com\/producto\/sanmer-black-pearl-olive-140-160-egesz-5kg\/"},"modified":"2025-05-08T20:45:07","modified_gmt":"2025-05-08T18:45:07","slug":"sanmer-black-pearl-olive-140-160-egesz-5kg","status":"publish","type":"product","link":"https:\/\/myspainfood.com\/hu\/producto\/sanmer-black-pearl-olive-140-160-egesz-5kg\/","title":{"rendered":"Sanmer Black Pearl Olive 140\/160 eg\u00e9sz 5kg"},"content":{"rendered":"<p>Intenz\u00edv fekete sz\u00edn, er\u0151s f\u00e9ny, l\u00e9d\u00fas h\u00fas \u00e9s kellemes text\u00fara. Nagyszer\u0171 k\u00eds\u00e9r\u0151je friss sal\u00e1t\u00e1knak \u00e9s pizz\u00e1knak, \u00edzletes b\u00e1rmilyen enyhe \u00e9telhez. <\/p>\n","protected":false},"excerpt":{"rendered":"<p>Intenz\u00edv fekete sz\u00edn, er\u0151s f\u00e9ny, l\u00e9d\u00fas h\u00fas \u00e9s kellemes text\u00fara. Nagyszer\u0171 k\u00eds\u00e9r\u0151je friss sal\u00e1t\u00e1knak \u00e9s pizz\u00e1knak, \u00edzletes b\u00e1rmilyen enyhe \u00e9telhez.<\/p>\n","protected":false},"featured_media":11494,"template":"","meta":{"_et_pb_use_builder":"","_et_pb_old_content":"","_et_gb_content_width":""},"product_brand":[1069,1303],"product_cat":[1569,1568],"product_tag":[7070,2048],"class_list":{"0":"post-31815","1":"product","2":"type-product","3":"status-publish","4":"has-post-thumbnail","6":"product_brand-sangar","7":"product_brand-sanmer","8":"product_cat-olajbogyo","9":"product_cat-savanyusagok","10":"product_tag-fekete","11":"product_tag-kamilla","13":"first","14":"outofstock","15":"taxable","16":"shipping-taxable","17":"purchasable","18":"product-type-simple"},"_links":{"self":[{"href":"https:\/\/myspainfood.com\/hu\/wp-json\/wp\/v2\/product\/31815","targetHints":{"allow":["GET"]}}],"collection":[{"href":"https:\/\/myspainfood.com\/hu\/wp-json\/wp\/v2\/product"}],"about":[{"href":"https:\/\/myspainfood.com\/hu\/wp-json\/wp\/v2\/types\/product"}],"wp:featuredmedia":[{"embeddable":true,"href":"https:\/\/myspainfood.com\/hu\/wp-json\/wp\/v2\/media\/11494"}],"wp:attachment":[{"href":"https:\/\/myspainfood.com\/hu\/wp-json\/wp\/v2\/media?parent=31815"}],"wp:term":[{"taxonomy":"product_brand","embeddable":true,"href":"https:\/\/myspainfood.com\/hu\/wp-json\/wp\/v2\/product_brand?post=31815"},{"taxonomy":"product_cat","embeddable":true,"href":"https:\/\/myspainfood.com\/hu\/wp-json\/wp\/v2\/product_cat?post=31815"},{"taxonomy":"product_tag","embeddable":true,"href":"https:\/\/myspainfood.com\/hu\/wp-json\/wp\/v2\/product_tag?post=31815"}],"curies":[{"name":"wp","href":"https:\/\/api.w.org\/{rel}","templated":true}]}}