{"id":31968,"date":"2025-04-10T12:08:31","date_gmt":"2025-04-10T10:08:31","guid":{"rendered":"https:\/\/myspainfood.com\/producto\/morzsolt-extra-csont-nelkuli-tokehal-5kg\/"},"modified":"2025-06-24T14:16:12","modified_gmt":"2025-06-24T12:16:12","slug":"morzsolt-extra-csont-nelkuli-tokehal-5kg","status":"publish","type":"product","link":"https:\/\/myspainfood.com\/hu\/producto\/morzsolt-extra-csont-nelkuli-tokehal-5kg\/","title":{"rendered":"Morzsolt extra csont n\u00e9lk\u00fcli t\u0151kehal 5kg"},"content":{"rendered":"","protected":false},"excerpt":{"rendered":"","protected":false},"featured_media":10999,"template":"","meta":{"_et_pb_use_builder":"","_et_pb_old_content":"","_et_gb_content_width":""},"product_brand":[],"product_cat":[1837,3532],"product_tag":[],"class_list":{"0":"post-31968","1":"product","2":"type-product","3":"status-publish","4":"has-post-thumbnail","6":"product_cat-hideg","7":"product_cat-tokehal","8":"product_shipping_class-hidegszallitas","10":"first","11":"outofstock","12":"taxable","13":"shipping-taxable","14":"purchasable","15":"product-type-simple"},"_links":{"self":[{"href":"https:\/\/myspainfood.com\/hu\/wp-json\/wp\/v2\/product\/31968","targetHints":{"allow":["GET"]}}],"collection":[{"href":"https:\/\/myspainfood.com\/hu\/wp-json\/wp\/v2\/product"}],"about":[{"href":"https:\/\/myspainfood.com\/hu\/wp-json\/wp\/v2\/types\/product"}],"wp:featuredmedia":[{"embeddable":true,"href":"https:\/\/myspainfood.com\/hu\/wp-json\/wp\/v2\/media\/10999"}],"wp:attachment":[{"href":"https:\/\/myspainfood.com\/hu\/wp-json\/wp\/v2\/media?parent=31968"}],"wp:term":[{"taxonomy":"product_brand","embeddable":true,"href":"https:\/\/myspainfood.com\/hu\/wp-json\/wp\/v2\/product_brand?post=31968"},{"taxonomy":"product_cat","embeddable":true,"href":"https:\/\/myspainfood.com\/hu\/wp-json\/wp\/v2\/product_cat?post=31968"},{"taxonomy":"product_tag","embeddable":true,"href":"https:\/\/myspainfood.com\/hu\/wp-json\/wp\/v2\/product_tag?post=31968"}],"curies":[{"name":"wp","href":"https:\/\/api.w.org\/{rel}","templated":true}]}}