{"id":32087,"date":"2025-04-10T12:08:59","date_gmt":"2025-04-10T10:08:59","guid":{"rendered":"https:\/\/myspainfood.com\/producto\/m-jesus-de-la-hoz-monsalve-2024-verdejo\/"},"modified":"2025-09-02T10:42:59","modified_gmt":"2025-09-02T08:42:59","slug":"m-jesus-de-la-hoz-monsalve-2024-verdejo","status":"publish","type":"product","link":"https:\/\/myspainfood.com\/hu\/producto\/m-jesus-de-la-hoz-monsalve-2024-verdejo\/","title":{"rendered":"M Jesus de La Hoz Monsalve 2024 Verdejo"},"content":{"rendered":"<div class=\"cs-blog-content\">\n<p>Ezt a bort a bor\u00e1szattal kapcsolatos csal\u00e1di hagyom\u00e1nyok tisztelet\u00e9re nevezt\u00e9k el. A bork\u00e9sz\u00edt\u0151 berendez\u00e9sek a legmodernebb technol\u00f3gi\u00e1val vannak felszerelve, hogy a must ne vesz\u00edtsen semmit a fajtajelleg\u00e9b\u0151l. A rozsdamentes ac\u00e9ltart\u00e1lyokban t\u00f6rt\u00e9n\u0151 erjeszt\u00e9s abszol\u00fat h\u0151m\u00e9rs\u00e9klet-szab\u00e1lyoz\u00e1st biztos\u00edt, tiszteletben tartva az egyes folyamatok szigor\u00fa min\u0151s\u00e9gellen\u0151rz\u00e9s\u00e9t. <\/p>\n<p><strong>Sz\u00edn:<\/strong> vil\u00e1gos szalmasz\u00edn\u0171.<\/p>\n<p><strong>Illat:<\/strong> kifejez\u0151, fajtajelleges, friss gy\u00fcm\u00f6lcs\u00f6k.<\/p>\n<p>\u00cdz<strong>:<\/strong> \u00edzletes, gy\u00fcm\u00f6lcs\u00f6s, friss, h\u00fasos.<\/p>\n<\/div>\n<h1><span class=\"vintage\"> <\/span><\/h1>\n","protected":false},"excerpt":{"rendered":"<p>Ezt a bort a bor\u00e1szattal kapcsolatos csal\u00e1di hagyom\u00e1nyok tisztelet\u00e9re nevezt\u00e9k el. A bork\u00e9sz\u00edt\u0151 berendez\u00e9sek a legmodernebb technol\u00f3gi\u00e1val vannak felszerelve, hogy a must ne vesz\u00edtsen semmit a fajtajelleg\u00e9b\u0151l. A rozsdamentes ac\u00e9ltart\u00e1lyokban t\u00f6rt\u00e9n\u0151 erjeszt\u00e9s abszol\u00fat h\u0151m\u00e9rs\u00e9klet-szab\u00e1lyoz\u00e1st biztos\u00edt, tiszteletben tartva az egyes folyamatok szigor\u00fa min\u0151s\u00e9gellen\u0151rz\u00e9s\u00e9t. Sz\u00edn: vil\u00e1gos szalmasz\u00edn\u0171. Illat: kifejez\u0151, fajtajelleges, friss gy\u00fcm\u00f6lcs\u00f6k. \u00cdz: \u00edzletes, gy\u00fcm\u00f6lcs\u00f6s, friss, h\u00fasos.<\/p>\n","protected":false},"featured_media":11773,"template":"","meta":{"_et_pb_use_builder":"","_et_pb_old_content":"","_et_gb_content_width":""},"product_brand":[1140],"product_cat":[5267,4875],"product_tag":[7089,7090],"class_list":{"0":"post-32087","1":"product","2":"type-product","3":"status-publish","4":"has-post-thumbnail","6":"product_brand-ladera-de-los-obispos","7":"product_cat-bor-hu","8":"product_cat-italok","9":"product_tag-gotikus","10":"product_tag-kerek","12":"first","13":"instock","14":"featured","15":"taxable","16":"shipping-taxable","17":"purchasable","18":"product-type-variable"},"_links":{"self":[{"href":"https:\/\/myspainfood.com\/hu\/wp-json\/wp\/v2\/product\/32087","targetHints":{"allow":["GET"]}}],"collection":[{"href":"https:\/\/myspainfood.com\/hu\/wp-json\/wp\/v2\/product"}],"about":[{"href":"https:\/\/myspainfood.com\/hu\/wp-json\/wp\/v2\/types\/product"}],"wp:featuredmedia":[{"embeddable":true,"href":"https:\/\/myspainfood.com\/hu\/wp-json\/wp\/v2\/media\/11773"}],"wp:attachment":[{"href":"https:\/\/myspainfood.com\/hu\/wp-json\/wp\/v2\/media?parent=32087"}],"wp:term":[{"taxonomy":"product_brand","embeddable":true,"href":"https:\/\/myspainfood.com\/hu\/wp-json\/wp\/v2\/product_brand?post=32087"},{"taxonomy":"product_cat","embeddable":true,"href":"https:\/\/myspainfood.com\/hu\/wp-json\/wp\/v2\/product_cat?post=32087"},{"taxonomy":"product_tag","embeddable":true,"href":"https:\/\/myspainfood.com\/hu\/wp-json\/wp\/v2\/product_tag?post=32087"}],"curies":[{"name":"wp","href":"https:\/\/api.w.org\/{rel}","templated":true}]}}