{"id":32324,"date":"2025-04-10T12:09:28","date_gmt":"2025-04-10T10:09:28","guid":{"rendered":"https:\/\/myspainfood.com\/producto\/el-gran-cardenal-pacolt-iberiai-sajt\/"},"modified":"2025-07-28T10:39:13","modified_gmt":"2025-07-28T08:39:13","slug":"el-gran-cardenal-pacolt-iberiai-sajt","status":"publish","type":"product","link":"https:\/\/myspainfood.com\/hu\/producto\/el-gran-cardenal-pacolt-iberiai-sajt\/","title":{"rendered":"El Gran Cardenal p\u00e1colt ib\u00e9riai sajt"},"content":{"rendered":"<div class=\"et_pb_blurb_container\">\n<div class=\"et_pb_blurb_container\">\n<div class=\"et_pb_column et_pb_column_4_4 et_pb_column_1 et_pb_css_mix_blend_mode_passthrough et-last-child\">\n<div class=\"et_pb_module et_pb_text et_pb_text_1 et_pb_text_align_justified et_pb_bg_layout_light\">\n<div class=\"et_pb_text_inner\">Csal\u00e1di recept alapj\u00e1n k\u00e9sz\u00fclt, tejeink kiv\u00e1l\u00f3 kever\u00e9k\u00e9vel, \u00edgy \u00e9rve el nagy intenzit\u00e1st \u00e9s tart\u00f3ss\u00e1got a sz\u00e1jban. A sajtok k\u00fcl\u00f6nb\u00f6z\u0151 \u00e9rlel\u00e9si id\u0151vel k\u00e9sz\u00fclnek a fa sz\u00e1r\u00edt\u00f3ban, f\u00e9lig \u00e9rlelve (2-4 h\u00f3napos \u00e9rlel\u00e9s) \u00e9s \u00e9rlelve (4-6 h\u00f3napos \u00e9rlel\u00e9s). <\/div>\n<\/div>\n<\/div>\n<\/div>\n<\/div>\n","protected":false},"excerpt":{"rendered":"<p>Csal\u00e1di recept alapj\u00e1n k\u00e9sz\u00fclt, tejeink kiv\u00e1l\u00f3 kever\u00e9k\u00e9vel, \u00edgy \u00e9rve el nagy intenzit\u00e1st \u00e9s tart\u00f3ss\u00e1got a sz\u00e1jban. A sajtok k\u00fcl\u00f6nb\u00f6z\u0151 \u00e9rlel\u00e9si id\u0151vel k\u00e9sz\u00fclnek a fa sz\u00e1r\u00edt\u00f3ban, f\u00e9lig \u00e9rlelve (2-4 h\u00f3napos \u00e9rlel\u00e9s) \u00e9s \u00e9rlelve (4-6 h\u00f3napos \u00e9rlel\u00e9s).<\/p>\n","protected":false},"featured_media":12043,"template":"","meta":{"_et_pb_use_builder":"","_et_pb_old_content":"","_et_gb_content_width":""},"product_brand":[1319],"product_cat":[2740,1837,2278],"product_tag":[],"class_list":{"0":"post-32324","1":"product","2":"type-product","3":"status-publish","4":"has-post-thumbnail","6":"product_brand-el-gran-cardenal","7":"product_cat-gyogyitas","8":"product_cat-hideg","9":"product_cat-sajt-es-kolbasz","10":"product_shipping_class-hidegszallitas","12":"first","13":"outofstock","14":"taxable","15":"shipping-taxable","16":"product-type-variable"},"_links":{"self":[{"href":"https:\/\/myspainfood.com\/hu\/wp-json\/wp\/v2\/product\/32324","targetHints":{"allow":["GET"]}}],"collection":[{"href":"https:\/\/myspainfood.com\/hu\/wp-json\/wp\/v2\/product"}],"about":[{"href":"https:\/\/myspainfood.com\/hu\/wp-json\/wp\/v2\/types\/product"}],"wp:featuredmedia":[{"embeddable":true,"href":"https:\/\/myspainfood.com\/hu\/wp-json\/wp\/v2\/media\/12043"}],"wp:attachment":[{"href":"https:\/\/myspainfood.com\/hu\/wp-json\/wp\/v2\/media?parent=32324"}],"wp:term":[{"taxonomy":"product_brand","embeddable":true,"href":"https:\/\/myspainfood.com\/hu\/wp-json\/wp\/v2\/product_brand?post=32324"},{"taxonomy":"product_cat","embeddable":true,"href":"https:\/\/myspainfood.com\/hu\/wp-json\/wp\/v2\/product_cat?post=32324"},{"taxonomy":"product_tag","embeddable":true,"href":"https:\/\/myspainfood.com\/hu\/wp-json\/wp\/v2\/product_tag?post=32324"}],"curies":[{"name":"wp","href":"https:\/\/api.w.org\/{rel}","templated":true}]}}