{"id":32609,"date":"2025-04-10T12:09:05","date_gmt":"2025-04-10T10:09:05","guid":{"rendered":"https:\/\/myspainfood.com\/producto\/extra-szuz-olivaolaj-valdezarza-5-liter-2\/"},"modified":"2026-01-29T12:10:59","modified_gmt":"2026-01-29T11:10:59","slug":"extra-szuz-olivaolaj-valdezarza-5-liter-2","status":"publish","type":"product","link":"https:\/\/myspainfood.com\/hu\/producto\/extra-szuz-olivaolaj-valdezarza-5-liter-2\/","title":{"rendered":"Extra sz\u0171z ol\u00edvaolaj VALDEZARZA 5 liter"},"content":{"rendered":"<p>A Valdezarza Extra Sz\u0171z Ol\u00edvaolaj 5l egy kiv\u00e1l\u00f3 kateg\u00f3ri\u00e1j\u00fa extra sz\u0171z ol\u00edvaolaj, amelyet k\u00f6zvetlen\u00fcl az olajbogy\u00f3b\u00f3l \u00e9s kiz\u00e1r\u00f3lag mechanikus elj\u00e1r\u00e1ssal nyernek.<\/p>\n<p>Valdezarza a Montes de Toledo (Spanyolorsz\u00e1g) sz\u00edv\u00e9ben tal\u00e1lhat\u00f3, \u00e9s az olajfaligetek \u00e9s a term\u00e9szet integr\u00e1lt \u00f6kosziszt\u00e9m\u00e1ja.<\/p>\n<p>A legjobb ol\u00edvabogy\u00f3l\u00e9 olajbogy\u00f3b\u00f3l k\u00e9sz\u00fcl: <a href=\"https:\/\/aceitesvaldezarza.com\/quienes-somos\/\" target=\"_blank\" rel=\"noopener noreferrer nofollow\">VALDEZARZA<\/a> extra sz\u0171z ol\u00edvaolaj.<\/p>\n<p>A Valdezarza birtok San Mart\u00edn de Montalb\u00e1n telep\u00fcl\u00e9sen tal\u00e1lhat\u00f3, amely f\u00f6ldrajzilag a Montes de Toledo hegys\u00e9ghez tartozik.<\/p>\n<p>A 700 hekt\u00e1ros ter\u00fclet nagy r\u00e9sze v\u00e9dett mediterr\u00e1n erd\u0151nek \u00e9s ellen\u0151rz\u00f6tt \u00f6kosziszt\u00e9m\u00e1nak min\u0151s\u00fcl.<\/p>\n<p>Ez a hely az ib\u00e9riai hi\u00faz visszatelep\u00edt\u00e9si projekt r\u00e9sze, \u00e9s l\u00e1tv\u00e1nyos k\u00e9peket l\u00e1that az olajf\u00e1k alatt pihen\u0151 hi\u00fazokr\u00f3l.<\/p>\n<p>Csomagol\u00f3\u00fczem\u00fck nagyobb ellen\u0151rz\u00e9st biztos\u00edt sz\u00e1mukra a teljes k\u00f6rfolyamat felett az olajf\u00e1t\u00f3l a csomagol\u00e1sig.<\/p>\n<p>Ezen t\u00falmen\u0151en ez a v\u00e1llalat val\u00f3di kutat\u00e1si, fejleszt\u00e9si \u00e9s v\u00e9grehajt\u00e1si projektekkel rendelkezik, mint p\u00e9ld\u00e1ul a Messor projekt.<\/p>\n<p>Ha <a href=\"https:\/\/latiendadesami.com\/categoria-producto\/aceite\/\" rel=\"noopener noreferrer nofollow\" target=\"_blank\">olajat<\/a> szeretne v\u00e1s\u00e1rolni, ne habozzon, n\u00e9zze meg online katal\u00f3gusunkat, hogy megismerje a sz\u00e9les term\u00e9kv\u00e1laszt\u00e9kot, mint p\u00e9ld\u00e1ul a Valdezarza Extra Sz\u0171z Ol\u00edvaolaj 5l.<\/p>\n<p>\u00cdrjon nek\u00fcnk, ha tov\u00e1bbi inform\u00e1ci\u00f3t szeretne kapni b\u00e1rmelyik \u00e9lelmiszer\u00fcnkr\u0151l.<\/p>\n","protected":false},"excerpt":{"rendered":"<p>A Valdezarza Extra Sz\u0171z Ol\u00edvaolaj 5l egy kiv\u00e1l\u00f3 kateg\u00f3ri\u00e1j\u00fa extra sz\u0171z ol\u00edvaolaj, amelyet k\u00f6zvetlen\u00fcl az olajbogy\u00f3b\u00f3l \u00e9s kiz\u00e1r\u00f3lag mechanikus elj\u00e1r\u00e1ssal nyernek. Valdezarza a Montes de Toledo (Spanyolorsz\u00e1g) sz\u00edv\u00e9ben tal\u00e1lhat\u00f3, \u00e9s az olajfaligetek \u00e9s a term\u00e9szet integr\u00e1lt \u00f6kosziszt\u00e9m\u00e1ja. A legjobb ol\u00edvabogy\u00f3l\u00e9 olajbogy\u00f3b\u00f3l k\u00e9sz\u00fcl: VALDEZARZA extra sz\u0171z ol\u00edvaolaj. A Valdezarza birtok San Mart\u00edn de Montalb\u00e1n telep\u00fcl\u00e9sen tal\u00e1lhat\u00f3, [&hellip;]<\/p>\n","protected":false},"featured_media":11620,"template":"","meta":{"_et_pb_use_builder":"","_et_pb_old_content":"","_et_gb_content_width":""},"product_brand":[1221],"product_cat":[2249,2248],"product_tag":[2250],"class_list":{"0":"post-32609","1":"product","2":"type-product","3":"status-publish","4":"has-post-thumbnail","6":"product_brand-valdezarza","7":"product_cat-extra-szuz-oliva","8":"product_cat-olaj","9":"product_tag-olaj","11":"first","12":"outofstock","13":"featured","14":"taxable","15":"shipping-taxable","16":"purchasable","17":"product-type-simple"},"_links":{"self":[{"href":"https:\/\/myspainfood.com\/hu\/wp-json\/wp\/v2\/product\/32609","targetHints":{"allow":["GET"]}}],"collection":[{"href":"https:\/\/myspainfood.com\/hu\/wp-json\/wp\/v2\/product"}],"about":[{"href":"https:\/\/myspainfood.com\/hu\/wp-json\/wp\/v2\/types\/product"}],"wp:featuredmedia":[{"embeddable":true,"href":"https:\/\/myspainfood.com\/hu\/wp-json\/wp\/v2\/media\/11620"}],"wp:attachment":[{"href":"https:\/\/myspainfood.com\/hu\/wp-json\/wp\/v2\/media?parent=32609"}],"wp:term":[{"taxonomy":"product_brand","embeddable":true,"href":"https:\/\/myspainfood.com\/hu\/wp-json\/wp\/v2\/product_brand?post=32609"},{"taxonomy":"product_cat","embeddable":true,"href":"https:\/\/myspainfood.com\/hu\/wp-json\/wp\/v2\/product_cat?post=32609"},{"taxonomy":"product_tag","embeddable":true,"href":"https:\/\/myspainfood.com\/hu\/wp-json\/wp\/v2\/product_tag?post=32609"}],"curies":[{"name":"wp","href":"https:\/\/api.w.org\/{rel}","templated":true}]}}