{"id":32739,"date":"2025-04-10T12:09:07","date_gmt":"2025-04-10T10:09:07","guid":{"rendered":"https:\/\/myspainfood.com\/producto\/el-gran-cardenal-juhsajt-olivaolajjal\/"},"modified":"2025-07-28T10:36:21","modified_gmt":"2025-07-28T08:36:21","slug":"el-gran-cardenal-juhsajt-olivaolajjal","status":"publish","type":"product","link":"https:\/\/myspainfood.com\/hu\/producto\/el-gran-cardenal-juhsajt-olivaolajjal\/","title":{"rendered":"El Gran Cardenal juhsajt ol\u00edvaolajjal"},"content":{"rendered":"<div class=\"et_pb_blurb_container\">\n<div class=\"et_pb_blurb_container\">\n<h4 class=\"et_pb_module_header\">Juhok olajjal<\/h4>\n<div class=\"et_pb_blurb_description\">Kaszt\u00edliai juhsajtunk, amely 4 nemzetk\u00f6zi arany\u00e9rmet nyert, a mediterr\u00e1n \u00e9trend egyik kincs\u00e9vel, az ol\u00edvaolajjal egy\u00fctt.<\/p>\n<p>Ehhez saj\u00e1t olajunkat haszn\u00e1ljuk, amely sz\u00e1z\u00e9ves olajf\u00e1kr\u00f3l sz\u00e1rmazik, amelyeket a San Isidro \u00e1ltal a feles\u00e9g\u00e9vel m\u0171velt f\u00f6ldeken termesztett olajf\u00e1kr\u00f3l&#8230;<\/p><\/div>\n<\/div>\n<\/div>\n","protected":false},"excerpt":{"rendered":"<p>Juhok olajjal Kaszt\u00edliai juhsajtunk, amely 4 nemzetk\u00f6zi arany\u00e9rmet nyert, a mediterr\u00e1n \u00e9trend egyik kincs\u00e9vel, az ol\u00edvaolajjal egy\u00fctt. Ehhez saj\u00e1t olajunkat haszn\u00e1ljuk, amely sz\u00e1z\u00e9ves olajf\u00e1kr\u00f3l sz\u00e1rmazik, amelyeket a San Isidro \u00e1ltal a feles\u00e9g\u00e9vel m\u0171velt f\u00f6ldeken termesztett olajf\u00e1kr\u00f3l&#8230;<\/p>\n","protected":false},"featured_media":11674,"template":"","meta":{"_et_pb_use_builder":"","_et_pb_old_content":"","_et_gb_content_width":""},"product_brand":[1319],"product_cat":[2740,1837,2278],"product_tag":[],"class_list":{"0":"post-32739","1":"product","2":"type-product","3":"status-publish","4":"has-post-thumbnail","6":"product_brand-el-gran-cardenal","7":"product_cat-gyogyitas","8":"product_cat-hideg","9":"product_cat-sajt-es-kolbasz","10":"product_shipping_class-hidegszallitas","12":"first","13":"outofstock","14":"taxable","15":"shipping-taxable","16":"purchasable","17":"product-type-variable"},"_links":{"self":[{"href":"https:\/\/myspainfood.com\/hu\/wp-json\/wp\/v2\/product\/32739","targetHints":{"allow":["GET"]}}],"collection":[{"href":"https:\/\/myspainfood.com\/hu\/wp-json\/wp\/v2\/product"}],"about":[{"href":"https:\/\/myspainfood.com\/hu\/wp-json\/wp\/v2\/types\/product"}],"wp:featuredmedia":[{"embeddable":true,"href":"https:\/\/myspainfood.com\/hu\/wp-json\/wp\/v2\/media\/11674"}],"wp:attachment":[{"href":"https:\/\/myspainfood.com\/hu\/wp-json\/wp\/v2\/media?parent=32739"}],"wp:term":[{"taxonomy":"product_brand","embeddable":true,"href":"https:\/\/myspainfood.com\/hu\/wp-json\/wp\/v2\/product_brand?post=32739"},{"taxonomy":"product_cat","embeddable":true,"href":"https:\/\/myspainfood.com\/hu\/wp-json\/wp\/v2\/product_cat?post=32739"},{"taxonomy":"product_tag","embeddable":true,"href":"https:\/\/myspainfood.com\/hu\/wp-json\/wp\/v2\/product_tag?post=32739"}],"curies":[{"name":"wp","href":"https:\/\/api.w.org\/{rel}","templated":true}]}}