{"id":32799,"date":"2025-04-10T12:09:28","date_gmt":"2025-04-10T10:09:28","guid":{"rendered":"https:\/\/myspainfood.com\/producto\/spanyol-juh-nyers-tejes-sajt-el-gran-cardenal\/"},"modified":"2025-09-09T21:45:00","modified_gmt":"2025-09-09T19:45:00","slug":"spanyol-juh-nyers-tejes-sajt-el-gran-cardenal","status":"publish","type":"product","link":"https:\/\/myspainfood.com\/hu\/producto\/spanyol-juh-nyers-tejes-sajt-el-gran-cardenal\/","title":{"rendered":"Spanyol juh nyers tejes sajt El Gran Cardenal"},"content":{"rendered":"<div class=\"et_pb_blurb_container\">\n<div class=\"et_pb_blurb_container\">\n<div class=\"et_pb_blurb_container\">\n<p class=\"et_pb_module_header\">Nyers birkatej<\/p>\n<div class=\"et_pb_blurb_description\">A legv\u00e1logatottabb, naponta begy\u0171jt\u00f6tt tejb\u0151l k\u00e9sz\u00fcl a frissess\u00e9g \u00e9s a min\u0151s\u00e9g biztos\u00edt\u00e1sa \u00e9rdek\u00e9ben, ami garant\u00e1lja a nagyobb \u00edzt \u00e9s a nagyszer\u0171 arom\u00e1t.<\/div>\n<\/div>\n<\/div>\n<\/div>\n","protected":false},"excerpt":{"rendered":"<p>Nyers birkatej A legv\u00e1logatottabb, naponta begy\u0171jt\u00f6tt tejb\u0151l k\u00e9sz\u00fcl a frissess\u00e9g \u00e9s a min\u0151s\u00e9g biztos\u00edt\u00e1sa \u00e9rdek\u00e9ben, ami garant\u00e1lja a nagyobb \u00edzt \u00e9s a nagyszer\u0171 arom\u00e1t.<\/p>\n","protected":false},"featured_media":12007,"template":"","meta":{"_et_pb_use_builder":"","_et_pb_old_content":"","_et_gb_content_width":""},"product_brand":[1319],"product_cat":[2740,1837,2278],"product_tag":[],"class_list":{"0":"post-32799","1":"product","2":"type-product","3":"status-publish","4":"has-post-thumbnail","6":"product_brand-el-gran-cardenal","7":"product_cat-gyogyitas","8":"product_cat-hideg","9":"product_cat-sajt-es-kolbasz","10":"product_shipping_class-hidegszallitas","12":"first","13":"outofstock","14":"taxable","15":"shipping-taxable","16":"purchasable","17":"product-type-variable"},"_links":{"self":[{"href":"https:\/\/myspainfood.com\/hu\/wp-json\/wp\/v2\/product\/32799","targetHints":{"allow":["GET"]}}],"collection":[{"href":"https:\/\/myspainfood.com\/hu\/wp-json\/wp\/v2\/product"}],"about":[{"href":"https:\/\/myspainfood.com\/hu\/wp-json\/wp\/v2\/types\/product"}],"wp:featuredmedia":[{"embeddable":true,"href":"https:\/\/myspainfood.com\/hu\/wp-json\/wp\/v2\/media\/12007"}],"wp:attachment":[{"href":"https:\/\/myspainfood.com\/hu\/wp-json\/wp\/v2\/media?parent=32799"}],"wp:term":[{"taxonomy":"product_brand","embeddable":true,"href":"https:\/\/myspainfood.com\/hu\/wp-json\/wp\/v2\/product_brand?post=32799"},{"taxonomy":"product_cat","embeddable":true,"href":"https:\/\/myspainfood.com\/hu\/wp-json\/wp\/v2\/product_cat?post=32799"},{"taxonomy":"product_tag","embeddable":true,"href":"https:\/\/myspainfood.com\/hu\/wp-json\/wp\/v2\/product_tag?post=32799"}],"curies":[{"name":"wp","href":"https:\/\/api.w.org\/{rel}","templated":true}]}}