{"id":32928,"date":"2025-04-10T12:09:07","date_gmt":"2025-04-10T10:09:07","guid":{"rendered":"https:\/\/myspainfood.com\/producto\/el-gran-cardenal-szarvasgombas-juhsajt\/"},"modified":"2025-09-02T10:42:40","modified_gmt":"2025-09-02T08:42:40","slug":"el-gran-cardenal-szarvasgombas-juhsajt","status":"publish","type":"product","link":"https:\/\/myspainfood.com\/hu\/producto\/el-gran-cardenal-szarvasgombas-juhsajt\/","title":{"rendered":"El Gran Cardenal szarvasgomb\u00e1s juhsajt"},"content":{"rendered":"<div class=\"et_pb_blurb_container\">\n<h4 class=\"et_pb_module_header\">Szarvasgomb\u00e1s birka<\/h4>\n<div class=\"et_pb_blurb_description\">\n<p>A legexkluz\u00edvabb sajtunk. A 2016-17-es nemzetk\u00f6zi World Cheese Awards szuper arany\u00e9rm\u00e9nek nyertese. <\/p>\n<p>Kiz\u00e1r\u00f3lag a legjobb \u00e1llom\u00e1nyb\u00f3l sz\u00e1rmaz\u00f3 juhtejet haszn\u00e1lunk, a szarvasgomb\u00e1t m\u00e1r a gy\u00e1rt\u00e1s kezdet\u00e9t\u0151l hozz\u00e1adjuk, \u00edgy az eg\u00e9sz \u00e9rlel\u00e9s sor\u00e1n egy\u00fctt l\u00e9teznek, \u00f6sszet\u00e9veszthetetlen arom\u00e1t \u00e9s \u00edzt biztos\u00edtva, tiszteletben tartva a kaszt\u00edliai juhsajt l\u00e9nyeg\u00e9t.<\/p>\n<\/div>\n<\/div>\n","protected":false},"excerpt":{"rendered":"<p>Szarvasgomb\u00e1s birka A legexkluz\u00edvabb sajtunk. A 2016-17-es nemzetk\u00f6zi World Cheese Awards szuper arany\u00e9rm\u00e9nek nyertese. Kiz\u00e1r\u00f3lag a legjobb \u00e1llom\u00e1nyb\u00f3l sz\u00e1rmaz\u00f3 juhtejet haszn\u00e1lunk, a szarvasgomb\u00e1t m\u00e1r a gy\u00e1rt\u00e1s kezdet\u00e9t\u0151l hozz\u00e1adjuk, \u00edgy az eg\u00e9sz \u00e9rlel\u00e9s sor\u00e1n egy\u00fctt l\u00e9teznek, \u00f6sszet\u00e9veszthetetlen arom\u00e1t \u00e9s \u00edzt biztos\u00edtva, tiszteletben tartva a kaszt\u00edliai juhsajt l\u00e9nyeg\u00e9t.<\/p>\n","protected":false},"featured_media":11665,"template":"","meta":{"_et_pb_use_builder":"","_et_pb_old_content":"","_et_gb_content_width":""},"product_brand":[1319],"product_cat":[2740,1837,2278],"product_tag":[],"class_list":{"0":"post-32928","1":"product","2":"type-product","3":"status-publish","4":"has-post-thumbnail","6":"product_brand-el-gran-cardenal","7":"product_cat-gyogyitas","8":"product_cat-hideg","9":"product_cat-sajt-es-kolbasz","10":"product_shipping_class-hidegszallitas","12":"first","13":"outofstock","14":"taxable","15":"shipping-taxable","16":"purchasable","17":"product-type-variable"},"_links":{"self":[{"href":"https:\/\/myspainfood.com\/hu\/wp-json\/wp\/v2\/product\/32928","targetHints":{"allow":["GET"]}}],"collection":[{"href":"https:\/\/myspainfood.com\/hu\/wp-json\/wp\/v2\/product"}],"about":[{"href":"https:\/\/myspainfood.com\/hu\/wp-json\/wp\/v2\/types\/product"}],"wp:featuredmedia":[{"embeddable":true,"href":"https:\/\/myspainfood.com\/hu\/wp-json\/wp\/v2\/media\/11665"}],"wp:attachment":[{"href":"https:\/\/myspainfood.com\/hu\/wp-json\/wp\/v2\/media?parent=32928"}],"wp:term":[{"taxonomy":"product_brand","embeddable":true,"href":"https:\/\/myspainfood.com\/hu\/wp-json\/wp\/v2\/product_brand?post=32928"},{"taxonomy":"product_cat","embeddable":true,"href":"https:\/\/myspainfood.com\/hu\/wp-json\/wp\/v2\/product_cat?post=32928"},{"taxonomy":"product_tag","embeddable":true,"href":"https:\/\/myspainfood.com\/hu\/wp-json\/wp\/v2\/product_tag?post=32928"}],"curies":[{"name":"wp","href":"https:\/\/api.w.org\/{rel}","templated":true}]}}