{"id":32992,"date":"2025-04-10T12:09:42","date_gmt":"2025-04-10T10:09:42","guid":{"rendered":"https:\/\/myspainfood.com\/producto\/el-gran-cardenal-old-blend-sajt\/"},"modified":"2025-07-28T10:34:30","modified_gmt":"2025-07-28T08:34:30","slug":"el-gran-cardenal-old-blend-sajt","status":"publish","type":"product","link":"https:\/\/myspainfood.com\/hu\/producto\/el-gran-cardenal-old-blend-sajt\/","title":{"rendered":"El Gran Cardenal Old Blend sajt"},"content":{"rendered":"<div class=\"et_pb_column et_pb_column_4_4 et_pb_column_1 et_pb_css_mix_blend_mode_passthrough et-last-child\">\n<div class=\"et_pb_module et_pb_text et_pb_text_1 et_pb_text_align_justified et_pb_bg_layout_light\">\n<div class=\"et_pb_text_inner\">\n<p>Csal\u00e1di recept alapj\u00e1n k\u00e9sz\u00fclt, juh- \u00e9s teh\u00e9ntej kever\u00e9k\u00e9b\u0151l, amely l\u00e1gys\u00e1g\u00e1nak \u00e9s kr\u00e9mess\u00e9g\u00e9nek k\u00f6sz\u00f6nhet\u0151en nagyszer\u0171 egyens\u00falyt biztos\u00edt a sz\u00e1jban. Sajtok k\u00fcl\u00f6nb\u00f6z\u0151 \u00e9rlel\u00e9si id\u0151vel, fa sz\u00e1r\u00edt\u00f3ban: Tierno, Semicurado (2-4 h\u00f3napos \u00e9rlel\u00e9s), Curado (4-6 h\u00f3napos \u00e9rlel\u00e9s) \u00e9s Viejo (6-8 h\u00f3napos \u00e9rlel\u00e9s). <\/p>\n<\/div>\n<\/div>\n<\/div>\n","protected":false},"excerpt":{"rendered":"<p>Csal\u00e1di recept alapj\u00e1n k\u00e9sz\u00fclt, juh- \u00e9s teh\u00e9ntej kever\u00e9k\u00e9b\u0151l, amely l\u00e1gys\u00e1g\u00e1nak \u00e9s kr\u00e9mess\u00e9g\u00e9nek k\u00f6sz\u00f6nhet\u0151en nagyszer\u0171 egyens\u00falyt biztos\u00edt a sz\u00e1jban. Sajtok k\u00fcl\u00f6nb\u00f6z\u0151 \u00e9rlel\u00e9si id\u0151vel, fa sz\u00e1r\u00edt\u00f3ban: Tierno, Semicurado (2-4 h\u00f3napos \u00e9rlel\u00e9s), Curado (4-6 h\u00f3napos \u00e9rlel\u00e9s) \u00e9s Viejo (6-8 h\u00f3napos \u00e9rlel\u00e9s).<\/p>\n","protected":false},"featured_media":12079,"template":"","meta":{"_et_pb_use_builder":"","_et_pb_old_content":"","_et_gb_content_width":""},"product_brand":[1319],"product_cat":[2740,1837,2278],"product_tag":[],"class_list":{"0":"post-32992","1":"product","2":"type-product","3":"status-publish","4":"has-post-thumbnail","6":"product_brand-el-gran-cardenal","7":"product_cat-gyogyitas","8":"product_cat-hideg","9":"product_cat-sajt-es-kolbasz","10":"product_shipping_class-hidegszallitas","12":"first","13":"outofstock","14":"taxable","15":"shipping-taxable","16":"product-type-variable"},"_links":{"self":[{"href":"https:\/\/myspainfood.com\/hu\/wp-json\/wp\/v2\/product\/32992","targetHints":{"allow":["GET"]}}],"collection":[{"href":"https:\/\/myspainfood.com\/hu\/wp-json\/wp\/v2\/product"}],"about":[{"href":"https:\/\/myspainfood.com\/hu\/wp-json\/wp\/v2\/types\/product"}],"wp:featuredmedia":[{"embeddable":true,"href":"https:\/\/myspainfood.com\/hu\/wp-json\/wp\/v2\/media\/12079"}],"wp:attachment":[{"href":"https:\/\/myspainfood.com\/hu\/wp-json\/wp\/v2\/media?parent=32992"}],"wp:term":[{"taxonomy":"product_brand","embeddable":true,"href":"https:\/\/myspainfood.com\/hu\/wp-json\/wp\/v2\/product_brand?post=32992"},{"taxonomy":"product_cat","embeddable":true,"href":"https:\/\/myspainfood.com\/hu\/wp-json\/wp\/v2\/product_cat?post=32992"},{"taxonomy":"product_tag","embeddable":true,"href":"https:\/\/myspainfood.com\/hu\/wp-json\/wp\/v2\/product_tag?post=32992"}],"curies":[{"name":"wp","href":"https:\/\/api.w.org\/{rel}","templated":true}]}}