{"id":33463,"date":"2025-04-10T12:10:14","date_gmt":"2025-04-10T10:10:14","guid":{"rendered":"https:\/\/myspainfood.com\/producto\/kakasok-termeszetes-45-65-areoso\/"},"modified":"2025-04-10T12:10:14","modified_gmt":"2025-04-10T10:10:14","slug":"kakasok-termeszetes-45-65-areoso","status":"publish","type":"product","link":"https:\/\/myspainfood.com\/hu\/producto\/kakasok-termeszetes-45-65-areoso\/","title":{"rendered":"Kakasok term\u00e9szetes 45\/65 Areoso"},"content":{"rendered":"<p>Term\u00e9k: Kakasok 45\/65 db.<\/p>\n<p>\u00d6sszetev\u0151k: Kagyl\u00f3, v\u00edz \u00e9s s\u00f3<\/p>\n<p>EL\u0150K\u00c9SZ\u00cdT\u00c9SI FOLYAMAT: A kagyl\u00f3t a kagyl\u00f3hoz hasonl\u00f3 m\u00f3don k\u00e9sz\u00edtik el, b\u00e1r nem olyan finom term\u00e9k, mint a kagyl\u00f3. Az elj\u00e1r\u00e1s a k\u00f6vetkez\u0151: a kagyl\u00f3t v\u00edzben f\u0151zik, a megfelel\u0151 higi\u00e9niai-higi\u00e9niai jellemz\u0151kkel. A teljes h\u00e9jbont\u00e1si \u00e9s v\u00e1logat\u00e1si folyamat automatiz\u00e1lt. Ezut\u00e1n ism\u00e9t forr\u00f3 v\u00edzben moss\u00e1k \u0151ket, \u00e9s onnan csomagolj\u00e1k. Ezut\u00e1n ker\u00fcl bele a fed\u0151folyad\u00e9k, ami ebben az esetben term\u00e9szetes v\u00edz. Lez\u00e1rj\u00e1k \u00e9s steriliz\u00e1lj\u00e1k az adott term\u00e9kre jellemz\u0151 \u00e9s megfelel\u0151 param\u00e9terekkel. Ezut\u00e1n k\u00e9szen \u00e1ll a t\u00e1rol\u00e1sra \u00e9s az \u00e9rt\u00e9kes\u00edt\u00e9sre.      <\/p>\n","protected":false},"excerpt":{"rendered":"<p>Term\u00e9k: Kakasok 45\/65 db. \u00d6sszetev\u0151k: Kagyl\u00f3, v\u00edz \u00e9s s\u00f3 EL\u0150K\u00c9SZ\u00cdT\u00c9SI FOLYAMAT: A kagyl\u00f3t a kagyl\u00f3hoz hasonl\u00f3 m\u00f3don k\u00e9sz\u00edtik el, b\u00e1r nem olyan finom term\u00e9k, mint a kagyl\u00f3. Az elj\u00e1r\u00e1s a k\u00f6vetkez\u0151: a kagyl\u00f3t v\u00edzben f\u0151zik, a megfelel\u0151 higi\u00e9niai-higi\u00e9niai jellemz\u0151kkel. A teljes h\u00e9jbont\u00e1si \u00e9s v\u00e1logat\u00e1si folyamat automatiz\u00e1lt. Ezut\u00e1n ism\u00e9t forr\u00f3 v\u00edzben moss\u00e1k \u0151ket, \u00e9s onnan csomagolj\u00e1k. [&hellip;]<\/p>\n","protected":false},"featured_media":12574,"template":"","meta":{"_et_pb_use_builder":"","_et_pb_old_content":"","_et_gb_content_width":""},"product_brand":[1358,1075],"product_cat":[5671,1955],"product_tag":[],"class_list":{"0":"post-33463","1":"product","2":"type-product","3":"status-publish","4":"has-post-thumbnail","6":"product_brand-areoso","7":"product_brand-oti","8":"product_cat-kakasok","9":"product_cat-megorzi-a","11":"first","12":"outofstock","13":"sale","14":"taxable","15":"shipping-taxable","16":"purchasable","17":"product-type-simple"},"_links":{"self":[{"href":"https:\/\/myspainfood.com\/hu\/wp-json\/wp\/v2\/product\/33463","targetHints":{"allow":["GET"]}}],"collection":[{"href":"https:\/\/myspainfood.com\/hu\/wp-json\/wp\/v2\/product"}],"about":[{"href":"https:\/\/myspainfood.com\/hu\/wp-json\/wp\/v2\/types\/product"}],"wp:featuredmedia":[{"embeddable":true,"href":"https:\/\/myspainfood.com\/hu\/wp-json\/wp\/v2\/media\/12574"}],"wp:attachment":[{"href":"https:\/\/myspainfood.com\/hu\/wp-json\/wp\/v2\/media?parent=33463"}],"wp:term":[{"taxonomy":"product_brand","embeddable":true,"href":"https:\/\/myspainfood.com\/hu\/wp-json\/wp\/v2\/product_brand?post=33463"},{"taxonomy":"product_cat","embeddable":true,"href":"https:\/\/myspainfood.com\/hu\/wp-json\/wp\/v2\/product_cat?post=33463"},{"taxonomy":"product_tag","embeddable":true,"href":"https:\/\/myspainfood.com\/hu\/wp-json\/wp\/v2\/product_tag?post=33463"}],"curies":[{"name":"wp","href":"https:\/\/api.w.org\/{rel}","templated":true}]}}