{"id":33925,"date":"2025-04-10T12:10:21","date_gmt":"2025-04-10T10:10:21","guid":{"rendered":"https:\/\/myspainfood.com\/producto\/kagylo-olivaolajban-areoso-115-g\/"},"modified":"2025-04-10T12:10:21","modified_gmt":"2025-04-10T10:10:21","slug":"kagylo-olivaolajban-areoso-115-g","status":"publish","type":"product","link":"https:\/\/myspainfood.com\/hu\/producto\/kagylo-olivaolajban-areoso-115-g\/","title":{"rendered":"Kagyl\u00f3 ol\u00edvaolajban Areoso 115 g"},"content":{"rendered":"<p>Term\u00e9k: Kagyl\u00f3 ol\u00edvaolajban<\/p>\n<p>Specifik\u00e1ci\u00f3: Gal\u00edciai Riasb\u00f3l sz\u00e1rmaz\u00f3, homog\u00e9n m\u00e9ret\u0171 kagyl\u00f3 (Ensis arcuatus) ol\u00edvaolajban. Tiszt\u00edtott \u00e9s k\u00e9zzel v\u00e1logatott minden egyes konzervdobozban. <\/p>\n<p>\u00d6sszetev\u0151k: 56,5%, ol\u00edvaolaj 43,5% \u00e9s s\u00f3.<\/p>\n<p>Gy\u00e1rt\u00e1si folyamat: A Gal\u00edciai Riasban betakar\u00edtott borotvakagyl\u00f3, a t\u00f6bbi puhatest\u0171hez hasonl\u00f3an, tiszt\u00edt\u00e1si folyamaton megy kereszt\u00fcl, amint a gy\u00e1rba ker\u00fcl. Ezut\u00e1n v\u00edzben, megfelel\u0151 higi\u00e9niai \u00e9s eg\u00e9szs\u00e9g\u00fcgyi jellemz\u0151kkel rendelkez\u0151 v\u00edzben megf\u0151zik \u0151ket; a kagyl\u00f3kat felnyitj\u00e1k, majd k\u00e9zzel h\u00e1mozz\u00e1k ki, nagy gondot ford\u00edtva arra, hogy ne t\u00f6rjenek \u00f6ssze. Ezut\u00e1n meleg s\u00f3s v\u00edzben \u00fajra \u00e1tmoss\u00e1k \u00e9s csomagolj\u00e1k \u0151ket. Ezut\u00e1n ol\u00edvaolajjal vonj\u00e1k be, hogy sima text\u00far\u00e1t \u00e9s intenz\u00edv \u00edzt kapjanak. A t\u00e1rol\u00f3ed\u00e9nyeket lez\u00e1rj\u00e1k \u00e9s steriliz\u00e1lj\u00e1k az erre a term\u00e9kre jellemz\u0151 \u00e9s megfelel\u0151 param\u00e9terekkel, \u00edgy teremtve meg a t\u00f6k\u00e9letes l\u00e9gk\u00f6rt a hossz\u00fa t\u00e1v\u00fa tart\u00f3s\u00edt\u00e1shoz, mindenf\u00e9le tart\u00f3s\u00edt\u00f3szer vagy mesters\u00e9ges adal\u00e9kanyag n\u00e9lk\u00fcl. Ezut\u00e1n k\u00e9szen \u00e1ll a t\u00e1rol\u00e1sra \u00e9s az \u00e9rt\u00e9kes\u00edt\u00e9sre.     <\/p>\n","protected":false},"excerpt":{"rendered":"<p>Term\u00e9k: Kagyl\u00f3 ol\u00edvaolajban Specifik\u00e1ci\u00f3: Gal\u00edciai Riasb\u00f3l sz\u00e1rmaz\u00f3, homog\u00e9n m\u00e9ret\u0171 kagyl\u00f3 (Ensis arcuatus) ol\u00edvaolajban. Tiszt\u00edtott \u00e9s k\u00e9zzel v\u00e1logatott minden egyes konzervdobozban. \u00d6sszetev\u0151k: 56,5%, ol\u00edvaolaj 43,5% \u00e9s s\u00f3. Gy\u00e1rt\u00e1si folyamat: A Gal\u00edciai Riasban betakar\u00edtott borotvakagyl\u00f3, a t\u00f6bbi puhatest\u0171hez hasonl\u00f3an, tiszt\u00edt\u00e1si folyamaton megy kereszt\u00fcl, amint a gy\u00e1rba ker\u00fcl. Ezut\u00e1n v\u00edzben, megfelel\u0151 higi\u00e9niai \u00e9s eg\u00e9szs\u00e9g\u00fcgyi jellemz\u0151kkel rendelkez\u0151 v\u00edzben megf\u0151zik [&hellip;]<\/p>\n","protected":false},"featured_media":12898,"template":"","meta":{"_et_pb_use_builder":"","_et_pb_old_content":"","_et_gb_content_width":""},"product_brand":[1358],"product_cat":[7603,1955],"product_tag":[],"class_list":{"0":"post-33925","1":"product","2":"type-product","3":"status-publish","4":"has-post-thumbnail","6":"product_brand-areoso","7":"product_cat-borotvak","8":"product_cat-megorzi-a","10":"first","11":"outofstock","12":"taxable","13":"shipping-taxable","14":"product-type-variable"},"_links":{"self":[{"href":"https:\/\/myspainfood.com\/hu\/wp-json\/wp\/v2\/product\/33925","targetHints":{"allow":["GET"]}}],"collection":[{"href":"https:\/\/myspainfood.com\/hu\/wp-json\/wp\/v2\/product"}],"about":[{"href":"https:\/\/myspainfood.com\/hu\/wp-json\/wp\/v2\/types\/product"}],"wp:featuredmedia":[{"embeddable":true,"href":"https:\/\/myspainfood.com\/hu\/wp-json\/wp\/v2\/media\/12898"}],"wp:attachment":[{"href":"https:\/\/myspainfood.com\/hu\/wp-json\/wp\/v2\/media?parent=33925"}],"wp:term":[{"taxonomy":"product_brand","embeddable":true,"href":"https:\/\/myspainfood.com\/hu\/wp-json\/wp\/v2\/product_brand?post=33925"},{"taxonomy":"product_cat","embeddable":true,"href":"https:\/\/myspainfood.com\/hu\/wp-json\/wp\/v2\/product_cat?post=33925"},{"taxonomy":"product_tag","embeddable":true,"href":"https:\/\/myspainfood.com\/hu\/wp-json\/wp\/v2\/product_tag?post=33925"}],"curies":[{"name":"wp","href":"https:\/\/api.w.org\/{rel}","templated":true}]}}