{"id":34077,"date":"2025-04-10T12:09:58","date_gmt":"2025-04-10T10:09:58","guid":{"rendered":"https:\/\/myspainfood.com\/producto\/banderillas-extra-fuszeres-chicon-900-grammos-kiszereles-6-darab\/"},"modified":"2025-04-10T12:09:58","modified_gmt":"2025-04-10T10:09:58","slug":"banderillas-extra-fuszeres-chicon-900-grammos-kiszereles-6-darab","status":"publish","type":"product","link":"https:\/\/myspainfood.com\/hu\/producto\/banderillas-extra-fuszeres-chicon-900-grammos-kiszereles-6-darab\/","title":{"rendered":"Banderillas Extra (f\u0171szeres) Chic\u00f3n 900 grammos kiszerel\u00e9s 6 darab"},"content":{"rendered":"<p>A Banderillas extra picantes olyan <a href=\"https:\/\/aceitunaschiconlebron.com\/catalogo\/banderillas-picantes\/\" target=\"_blank\" rel=\"noopener noreferrer nofollow\">savany\u00fas\u00e1g<\/a>, amelyet el\u0151\u00e9telk\u00e9nt fogyasztanak minden nap \u00e9telk\u00e9nt haz\u00e1nk sz\u00e1mos szeglet\u00e9ben.<\/p>\n<p>Az \u00f6sszetev\u0151k \u00e1ltal biztos\u00edtott \u00edzek kever\u00e9ke, valamint az ecet \u00e9s a chili cs\u00edp\u0151ss\u00e9ge k\u00fcl\u00f6nleges \u00edzt k\u00f6lcs\u00f6n\u00f6z a f\u0171szeres banderill\u00e1k \u00edz\u00e9nek.<\/p>\n<p>A f\u0171szeres banderill\u00e1k \u00e1ltal\u00e1ban ubork\u00e1b\u00f3l, chilib\u00f3l, hagym\u00e1b\u00f3l, olajbogy\u00f3b\u00f3l \u00e9s paprik\u00e1b\u00f3l \u00e1llnak. Ez\u00e9rt olyan finom ezeknek az \u00edzeknek a kever\u00e9ke. <\/p>\n<h3><strong>Az extra f\u0171szeres Banderillas el\u0151nyei<\/strong><\/h3>\n<p>Tudta, hogy a f\u0171szeres banderill\u00e1k \u00e9s \u00e1ltal\u00e1ban a savany\u00fas\u00e1gok milyen el\u0151ny\u00f6kkel j\u00e1rnak? \u00cdme egy lista a legfontosabbakr\u00f3l: <\/p>\n<ul>\n<li>Probiotikumokban gazdag.<\/li>\n<li>Seg\u00edtik az em\u00e9szt\u00e9st.<\/li>\n<li>Er\u0151s\u00edtik az immunrendszert.<\/li>\n<li>Cs\u00f6kkentik a cukor ut\u00e1ni s\u00f3v\u00e1rg\u00e1st.<\/li>\n<li>Kedvez\u0151 az epeh\u00f3lyag sz\u00e1m\u00e1ra.<\/li>\n<\/ul>\n<p>&nbsp;<\/p>\n<p>Ha ol\u00edvabogy\u00f3t vagy b\u00e1rmilyen m\u00e1s t\u00edpus\u00fa <a href=\"https:\/\/latiendadesami.com\/categoria-producto\/encurtidos\/\" rel=\"noopener noreferrer nofollow\" target=\"_blank\">savany\u00fas\u00e1got<\/a> szeretne v\u00e1s\u00e1rolni, ne habozzon, n\u00e9zze meg online katal\u00f3gusunkat, hogy megn\u00e9zze <a href=\"https:\/\/latiendadesami.com\/categoria-producto\/encurtidos\/aceitunas\/\" target=\"_blank\" rel=\"noopener noreferrer nofollow\">ol\u00edvabogy\u00f3ink<\/a> sz\u00e9les v\u00e1laszt\u00e9k\u00e1t.<\/p>\n","protected":false},"excerpt":{"rendered":"<p>banderillas picante<\/p>\n<p>Mennyis\u00e9gt\u0151l f\u00fcgg.<\/p>\n","protected":false},"featured_media":12268,"template":"","meta":{"_et_pb_use_builder":"","_et_pb_old_content":"","_et_gb_content_width":""},"product_brand":[1036],"product_cat":[2927,3107],"product_tag":[4114,2078],"class_list":{"0":"post-34077","1":"product","2":"type-product","3":"status-publish","4":"has-post-thumbnail","6":"product_brand-chicon","7":"product_cat-nagykereskedelem","8":"product_cat-savanyusagok-hu","9":"product_tag-extra-hu","10":"product_tag-fuszeres","12":"first","13":"instock","14":"taxable","15":"shipping-taxable","16":"purchasable","17":"product-type-variable"},"_links":{"self":[{"href":"https:\/\/myspainfood.com\/hu\/wp-json\/wp\/v2\/product\/34077","targetHints":{"allow":["GET"]}}],"collection":[{"href":"https:\/\/myspainfood.com\/hu\/wp-json\/wp\/v2\/product"}],"about":[{"href":"https:\/\/myspainfood.com\/hu\/wp-json\/wp\/v2\/types\/product"}],"wp:featuredmedia":[{"embeddable":true,"href":"https:\/\/myspainfood.com\/hu\/wp-json\/wp\/v2\/media\/12268"}],"wp:attachment":[{"href":"https:\/\/myspainfood.com\/hu\/wp-json\/wp\/v2\/media?parent=34077"}],"wp:term":[{"taxonomy":"product_brand","embeddable":true,"href":"https:\/\/myspainfood.com\/hu\/wp-json\/wp\/v2\/product_brand?post=34077"},{"taxonomy":"product_cat","embeddable":true,"href":"https:\/\/myspainfood.com\/hu\/wp-json\/wp\/v2\/product_cat?post=34077"},{"taxonomy":"product_tag","embeddable":true,"href":"https:\/\/myspainfood.com\/hu\/wp-json\/wp\/v2\/product_tag?post=34077"}],"curies":[{"name":"wp","href":"https:\/\/api.w.org\/{rel}","templated":true}]}}