{"id":34191,"date":"2025-04-10T12:09:58","date_gmt":"2025-04-10T10:09:58","guid":{"rendered":"https:\/\/myspainfood.com\/producto\/chicon-extra-olajbogyo-uborka-900-grammos-kiszereles-6-darab\/"},"modified":"2025-04-10T12:09:58","modified_gmt":"2025-04-10T10:09:58","slug":"chicon-extra-olajbogyo-uborka-900-grammos-kiszereles-6-darab","status":"publish","type":"product","link":"https:\/\/myspainfood.com\/hu\/producto\/chicon-extra-olajbogyo-uborka-900-grammos-kiszereles-6-darab\/","title":{"rendered":"Chic\u00f3n Extra olajbogy\u00f3 uborka 900 grammos kiszerel\u00e9s 6 darab"},"content":{"rendered":"<p>A <a href=\"https:\/\/aceitunaschiconlebron.com\/\" target=\"_blank\" rel=\"noopener noreferrer nofollow\">Chic\u00f3n<\/a> Extra ubork\u00e1t a malagai Antequer\u00e1ban k\u00e9sz\u00edtik.<\/p>\n<p>A hagyom\u00e1nyos recept szerint \u00e9s hagyom\u00e1nyos m\u00f3don k\u00e9sz\u00fclnek.<\/p>\n<p>Ezek extra kicsi, zsenge ubork\u00e1k, ezzel a k\u00f6nny\u0171 \u00e9s \u00e9tv\u00e1gygerjeszt\u0151 ecetes \u00e9rint\u00e9ssel.<\/p>\n<p>Az \u00f6sszetev\u0151k \u00e1ltal biztos\u00edtott \u00edzek kever\u00e9ke \u00e9s az ecet hozz\u00e1ad\u00e1sa k\u00fcl\u00f6nleges \u00edzt ad, amely nagyon kellemes az \u00edzlel\u00e9snek.<\/p>\n<p>A savany\u00fas\u00e1g olyan snack, amely er\u0151s\u00edti az immunrendszert, ami azt jelenti, hogy t\u00e1mogatja a szervezet v\u00e9dekez\u0151k\u00e9pess\u00e9g\u00e9t \u00e9s \u00e1ltal\u00e1nos eg\u00e9szs\u00e9g\u00e9t.<\/p>\n<h3><strong>Az extra uborka el\u0151nyei<\/strong><\/h3>\n<p>Tudtad, hogy a savany\u00fas\u00e1gnak \u00e1ltal\u00e1ban milyen el\u0151nyei vannak? \u00cdme egy lista a legfontosabbakr\u00f3l: <\/p>\n<ul>\n<li>Probiotikumokban gazdag.<\/li>\n<li>Seg\u00edtik az em\u00e9szt\u00e9st.<\/li>\n<li>Er\u0151s\u00edtik az immunrendszert.<\/li>\n<li>Cs\u00f6kkentik a cukor ut\u00e1ni s\u00f3v\u00e1rg\u00e1st.<\/li>\n<li>Kedvez\u0151 az epeh\u00f3lyag sz\u00e1m\u00e1ra.<\/li>\n<\/ul>\n<p>Ha ol\u00edvabogy\u00f3t vagy b\u00e1rmilyen m\u00e1s t\u00edpus\u00fa <a href=\"https:\/\/latiendadesami.com\/categoria-producto\/encurtidos\/\" rel=\"noopener noreferrer nofollow\" target=\"_blank\">savany\u00fas\u00e1got<\/a> szeretne v\u00e1s\u00e1rolni, ne habozzon, n\u00e9zze meg online katal\u00f3gusunkat, hogy megn\u00e9zze <a href=\"https:\/\/latiendadesami.com\/categoria-producto\/encurtidos\/pepinillos\/\" target=\"_blank\" rel=\"noopener noreferrer nofollow\">ol\u00edvabogy\u00f3ink<\/a> sz\u00e9les v\u00e1laszt\u00e9k\u00e1t.<\/p>\n","protected":false},"excerpt":{"rendered":"<p>A Chic\u00f3n Extra ubork\u00e1t a malagai Antequer\u00e1ban k\u00e9sz\u00edtik. A hagyom\u00e1nyos recept szerint \u00e9s hagyom\u00e1nyos m\u00f3don k\u00e9sz\u00fclnek. Ezek extra kicsi, zsenge ubork\u00e1k, ezzel a k\u00f6nny\u0171 \u00e9s \u00e9tv\u00e1gygerjeszt\u0151 ecetes \u00e9rint\u00e9ssel. Az \u00f6sszetev\u0151k \u00e1ltal biztos\u00edtott \u00edzek kever\u00e9ke \u00e9s az ecet hozz\u00e1ad\u00e1sa k\u00fcl\u00f6nleges \u00edzt ad, amely nagyon kellemes az \u00edzlel\u00e9snek. A savany\u00fas\u00e1g olyan snack, amely er\u0151s\u00edti az immunrendszert, ami [&hellip;]<\/p>\n","protected":false},"featured_media":7066,"template":"","meta":{"_et_pb_use_builder":"","_et_pb_old_content":"","_et_gb_content_width":""},"product_brand":[1036],"product_cat":[2927,3107],"product_tag":[4114],"class_list":{"0":"post-34191","1":"product","2":"type-product","3":"status-publish","4":"has-post-thumbnail","6":"product_brand-chicon","7":"product_cat-nagykereskedelem","8":"product_cat-savanyusagok-hu","9":"product_tag-extra-hu","11":"first","12":"outofstock","13":"taxable","14":"shipping-taxable","15":"purchasable","16":"product-type-variable"},"_links":{"self":[{"href":"https:\/\/myspainfood.com\/hu\/wp-json\/wp\/v2\/product\/34191","targetHints":{"allow":["GET"]}}],"collection":[{"href":"https:\/\/myspainfood.com\/hu\/wp-json\/wp\/v2\/product"}],"about":[{"href":"https:\/\/myspainfood.com\/hu\/wp-json\/wp\/v2\/types\/product"}],"wp:featuredmedia":[{"embeddable":true,"href":"https:\/\/myspainfood.com\/hu\/wp-json\/wp\/v2\/media\/7066"}],"wp:attachment":[{"href":"https:\/\/myspainfood.com\/hu\/wp-json\/wp\/v2\/media?parent=34191"}],"wp:term":[{"taxonomy":"product_brand","embeddable":true,"href":"https:\/\/myspainfood.com\/hu\/wp-json\/wp\/v2\/product_brand?post=34191"},{"taxonomy":"product_cat","embeddable":true,"href":"https:\/\/myspainfood.com\/hu\/wp-json\/wp\/v2\/product_cat?post=34191"},{"taxonomy":"product_tag","embeddable":true,"href":"https:\/\/myspainfood.com\/hu\/wp-json\/wp\/v2\/product_tag?post=34191"}],"curies":[{"name":"wp","href":"https:\/\/api.w.org\/{rel}","templated":true}]}}