{"id":34315,"date":"2025-04-10T12:10:12","date_gmt":"2025-04-10T10:10:12","guid":{"rendered":"https:\/\/myspainfood.com\/producto\/norveg-fustolt-lazac-port-feroer-600-g\/"},"modified":"2025-06-24T13:41:40","modified_gmt":"2025-06-24T11:41:40","slug":"norveg-fustolt-lazac-port-feroer-600-g","status":"publish","type":"product","link":"https:\/\/myspainfood.com\/hu\/producto\/norveg-fustolt-lazac-port-feroer-600-g\/","title":{"rendered":"Norv\u00e9g f\u00fcst\u00f6lt lazac Port Fer\u00f6er 600 g"},"content":{"rendered":"<p>A f\u00fcst\u00f6l\u00e9s az \u00e9lelmiszerek tart\u00f3s\u00edt\u00e1s\u00e1ra haszn\u00e1lt technika.<\/p>\n<p> Az \u00e9lelmiszereket olyan f\u00fcstforr\u00e1snak teszik ki, amely alacsony gyantatartalm\u00fa f\u00e1b\u00f3l k\u00e9sz\u00fclt t\u00fczekb\u0151l sz\u00e1rmazik.<\/p>\n<p> Ez az elj\u00e1r\u00e1s - a tart\u00f3s\u00edt\u00e1son k\u00edv\u00fcl - adja a saj\u00e1tos f\u00fcst\u00f6s \u00edzt.<\/p>\n<p> A f\u00fcst\u00f6lt lazac olyan \u00e9lelmiszer, amelyet a lazacnak a fent le\u00edrt f\u00fcstnek val\u00f3 al\u00e1vet\u00e9s\u00e9vel \u00e1ll\u00edtanak el\u0151, ami hosszabb eltarthat\u00f3s\u00e1gi id\u0151t \u00e9s m\u00e1s, jellegzetes \u00edzt k\u00f6lcs\u00f6n\u00f6z neki.<\/p>\n<p>&nbsp;<\/p>\n","protected":false},"excerpt":{"rendered":"<p>A f\u00fcst\u00f6l\u00e9s az \u00e9lelmiszerek tart\u00f3s\u00edt\u00e1s\u00e1ra haszn\u00e1lt technika. Az \u00e9lelmiszereket olyan f\u00fcstforr\u00e1snak teszik ki, amely alacsony gyantatartalm\u00fa f\u00e1b\u00f3l k\u00e9sz\u00fclt t\u00fczekb\u0151l sz\u00e1rmazik. Ez az elj\u00e1r\u00e1s - a tart\u00f3s\u00edt\u00e1son k\u00edv\u00fcl - adja a saj\u00e1tos f\u00fcst\u00f6s \u00edzt. A f\u00fcst\u00f6lt lazac olyan \u00e9lelmiszer, amelyet a lazacnak a fent le\u00edrt f\u00fcstnek val\u00f3 al\u00e1vet\u00e9s\u00e9vel \u00e1ll\u00edtanak el\u0151, ami hosszabb eltarthat\u00f3s\u00e1gi id\u0151t \u00e9s m\u00e1s, [&hellip;]<\/p>\n","protected":false},"featured_media":12601,"template":"","meta":{"_et_pb_use_builder":"","_et_pb_old_content":"","_et_gb_content_width":""},"product_brand":[1361],"product_cat":[1837,7748,7749],"product_tag":[],"class_list":{"0":"post-34315","1":"product","2":"type-product","3":"status-publish","4":"has-post-thumbnail","6":"product_brand-ahumados-fernandez-molina","7":"product_cat-hideg","8":"product_cat-karacsonyi-kulonkiadas","9":"product_cat-lazac","10":"product_shipping_class-hidegszallitas","12":"first","13":"instock","14":"sale","15":"taxable","16":"shipping-taxable","17":"purchasable","18":"product-type-variable"},"_links":{"self":[{"href":"https:\/\/myspainfood.com\/hu\/wp-json\/wp\/v2\/product\/34315","targetHints":{"allow":["GET"]}}],"collection":[{"href":"https:\/\/myspainfood.com\/hu\/wp-json\/wp\/v2\/product"}],"about":[{"href":"https:\/\/myspainfood.com\/hu\/wp-json\/wp\/v2\/types\/product"}],"wp:featuredmedia":[{"embeddable":true,"href":"https:\/\/myspainfood.com\/hu\/wp-json\/wp\/v2\/media\/12601"}],"wp:attachment":[{"href":"https:\/\/myspainfood.com\/hu\/wp-json\/wp\/v2\/media?parent=34315"}],"wp:term":[{"taxonomy":"product_brand","embeddable":true,"href":"https:\/\/myspainfood.com\/hu\/wp-json\/wp\/v2\/product_brand?post=34315"},{"taxonomy":"product_cat","embeddable":true,"href":"https:\/\/myspainfood.com\/hu\/wp-json\/wp\/v2\/product_cat?post=34315"},{"taxonomy":"product_tag","embeddable":true,"href":"https:\/\/myspainfood.com\/hu\/wp-json\/wp\/v2\/product_tag?post=34315"}],"curies":[{"name":"wp","href":"https:\/\/api.w.org\/{rel}","templated":true}]}}