{"id":34697,"date":"2025-04-10T12:10:13","date_gmt":"2025-04-10T10:10:13","guid":{"rendered":"https:\/\/myspainfood.com\/producto\/flor-de-esgueva-viejo-sajt-32-kg\/"},"modified":"2025-09-10T18:33:53","modified_gmt":"2025-09-10T16:33:53","slug":"flor-de-esgueva-viejo-sajt-32-kg","status":"publish","type":"product","link":"https:\/\/myspainfood.com\/hu\/producto\/flor-de-esgueva-viejo-sajt-32-kg\/","title":{"rendered":"Flor de Esgueva Viejo sajt 3,2 kg"},"content":{"rendered":"<div class=\"et_pb_blurb_container\">\n<div class=\"et_pb_blurb_container\">\n<h1 class=\"vc_custom_heading\">Esgueva Viejo vir\u00e1ga<\/h1>\n<p class=\"vc_custom_heading us_custom_c587e30b\">Kiz\u00e1r\u00f3lag nyers juhtejb\u0151l k\u00e9sz\u00fcl, \u00e9s legal\u00e1bb 7 h\u00f3napig term\u00e9szetes k\u00e9regben \u00e9rlel\u0151dik.<\/p>\n<div class=\"wpb_text_column us_custom_afe9a513\">\n<div class=\"wpb_wrapper\">\n<p>Ez az intenzit\u00e1s \u00e9s a text\u00fara szempontj\u00e1b\u00f3l t\u00f6k\u00e9letes. Nagyon alkalmas a sajtok kedvel\u0151inek, akik szeretik a rugalmas \u00e9s szinte olvad\u00f3 text\u00far\u00e1t, de an\u00e9lk\u00fcl, hogy a sz\u00e1jban elvesz\u00edten\u00e9 a tiszta juh \u00edz\u00e9t \u00e9s intenzit\u00e1s\u00e1t. Hossz\u00fa \u00e9s tart\u00f3s ut\u00f3\u00edze van, amely n\u00e9h\u00e1ny percig kellemes \u00e9rz\u00e9st hagy maga ut\u00e1n.  <\/p>\n<\/div>\n<\/div>\n<\/div>\n<\/div>\n","protected":false},"excerpt":{"rendered":"<p>Esgueva Viejo vir\u00e1ga Kiz\u00e1r\u00f3lag nyers juhtejb\u0151l k\u00e9sz\u00fcl, \u00e9s legal\u00e1bb 7 h\u00f3napig term\u00e9szetes k\u00e9regben \u00e9rlel\u0151dik. Ez az intenzit\u00e1s \u00e9s a text\u00fara szempontj\u00e1b\u00f3l t\u00f6k\u00e9letes. Nagyon alkalmas a sajtok kedvel\u0151inek, akik szeretik a rugalmas \u00e9s szinte olvad\u00f3 text\u00far\u00e1t, de an\u00e9lk\u00fcl, hogy a sz\u00e1jban elvesz\u00edten\u00e9 a tiszta juh \u00edz\u00e9t \u00e9s intenzit\u00e1s\u00e1t. Hossz\u00fa \u00e9s tart\u00f3s ut\u00f3\u00edze van, amely n\u00e9h\u00e1ny percig [&hellip;]<\/p>\n","protected":false},"featured_media":12655,"template":"","meta":{"_et_pb_use_builder":"","_et_pb_old_content":"","_et_gb_content_width":""},"product_brand":[1367],"product_cat":[2740,1837,2278],"product_tag":[],"class_list":{"0":"post-34697","1":"product","2":"type-product","3":"status-publish","4":"has-post-thumbnail","6":"product_brand-flor-de-esgueva","7":"product_cat-gyogyitas","8":"product_cat-hideg","9":"product_cat-sajt-es-kolbasz","10":"product_shipping_class-hidegszallitas","12":"first","13":"outofstock","14":"taxable","15":"shipping-taxable","16":"purchasable","17":"product-type-variable"},"_links":{"self":[{"href":"https:\/\/myspainfood.com\/hu\/wp-json\/wp\/v2\/product\/34697","targetHints":{"allow":["GET"]}}],"collection":[{"href":"https:\/\/myspainfood.com\/hu\/wp-json\/wp\/v2\/product"}],"about":[{"href":"https:\/\/myspainfood.com\/hu\/wp-json\/wp\/v2\/types\/product"}],"wp:featuredmedia":[{"embeddable":true,"href":"https:\/\/myspainfood.com\/hu\/wp-json\/wp\/v2\/media\/12655"}],"wp:attachment":[{"href":"https:\/\/myspainfood.com\/hu\/wp-json\/wp\/v2\/media?parent=34697"}],"wp:term":[{"taxonomy":"product_brand","embeddable":true,"href":"https:\/\/myspainfood.com\/hu\/wp-json\/wp\/v2\/product_brand?post=34697"},{"taxonomy":"product_cat","embeddable":true,"href":"https:\/\/myspainfood.com\/hu\/wp-json\/wp\/v2\/product_cat?post=34697"},{"taxonomy":"product_tag","embeddable":true,"href":"https:\/\/myspainfood.com\/hu\/wp-json\/wp\/v2\/product_tag?post=34697"}],"curies":[{"name":"wp","href":"https:\/\/api.w.org\/{rel}","templated":true}]}}