{"id":34808,"date":"2025-04-10T12:09:51","date_gmt":"2025-04-10T10:09:51","guid":{"rendered":"https:\/\/myspainfood.com\/producto\/bor-cucamonas-verdejo-de-rueda-2022-bodegas-gotica-120-palack-120-palack\/"},"modified":"2025-04-10T12:09:51","modified_gmt":"2025-04-10T10:09:51","slug":"bor-cucamonas-verdejo-de-rueda-2022-bodegas-gotica-120-palack-120-palack","status":"publish","type":"product","link":"https:\/\/myspainfood.com\/hu\/producto\/bor-cucamonas-verdejo-de-rueda-2022-bodegas-gotica-120-palack-120-palack\/","title":{"rendered":"Bor Cucamonas verdejo de Rueda 2022 bodegas G\u00f3tica 120 palack 120 palack"},"content":{"rendered":"<p><strong>Verdejo - <em>100% Verdejo<\/em><\/strong><\/p>\n<p>100% Verdejo sz\u0151l\u0151b\u0151l, a DO f\u0151 fajt\u00e1j\u00e1b\u00f3l. Rueda. Kiv\u00e1l\u00f3 min\u0151s\u00e9g\u0171 borokat ad, friss, nagyon gy\u00fcm\u00f6lcs\u00f6s, z\u00f6ldess\u00e1rga sz\u00edn\u0171, citrusos arom\u00e1kkal, testes \u00e9s nagyon glicerines.  <\/p>\n<p>&nbsp;<\/p>\n","protected":false},"excerpt":{"rendered":"<p>Cucamonas Verdejo Rueda 2022<\/p>\n","protected":false},"featured_media":8614,"template":"","meta":{"_et_pb_use_builder":"","_et_pb_old_content":"","_et_gb_content_width":""},"product_brand":[1140],"product_cat":[4876,4875,2927],"product_tag":[7089,7090],"class_list":{"0":"post-34808","1":"product","2":"type-product","3":"status-publish","4":"has-post-thumbnail","6":"product_brand-ladera-de-los-obispos","7":"product_cat-bor","8":"product_cat-italok","9":"product_cat-nagykereskedelem","10":"product_tag-gotikus","11":"product_tag-kerek","13":"first","14":"outofstock","15":"featured","16":"taxable","17":"shipping-taxable","18":"purchasable","19":"product-type-simple"},"_links":{"self":[{"href":"https:\/\/myspainfood.com\/hu\/wp-json\/wp\/v2\/product\/34808","targetHints":{"allow":["GET"]}}],"collection":[{"href":"https:\/\/myspainfood.com\/hu\/wp-json\/wp\/v2\/product"}],"about":[{"href":"https:\/\/myspainfood.com\/hu\/wp-json\/wp\/v2\/types\/product"}],"wp:featuredmedia":[{"embeddable":true,"href":"https:\/\/myspainfood.com\/hu\/wp-json\/wp\/v2\/media\/8614"}],"wp:attachment":[{"href":"https:\/\/myspainfood.com\/hu\/wp-json\/wp\/v2\/media?parent=34808"}],"wp:term":[{"taxonomy":"product_brand","embeddable":true,"href":"https:\/\/myspainfood.com\/hu\/wp-json\/wp\/v2\/product_brand?post=34808"},{"taxonomy":"product_cat","embeddable":true,"href":"https:\/\/myspainfood.com\/hu\/wp-json\/wp\/v2\/product_cat?post=34808"},{"taxonomy":"product_tag","embeddable":true,"href":"https:\/\/myspainfood.com\/hu\/wp-json\/wp\/v2\/product_tag?post=34808"}],"curies":[{"name":"wp","href":"https:\/\/api.w.org\/{rel}","templated":true}]}}