{"id":37237,"date":"2025-04-10T12:11:40","date_gmt":"2025-04-10T10:11:40","guid":{"rendered":"https:\/\/myspainfood.com\/producto\/andaluziai-gazpacho-extra-szuz-olivaolajjal-arteoliva-1-literes\/"},"modified":"2026-01-29T12:31:44","modified_gmt":"2026-01-29T11:31:44","slug":"andaluziai-gazpacho-extra-szuz-olivaolajjal-arteoliva-1-literes","status":"publish","type":"product","link":"https:\/\/myspainfood.com\/hu\/producto\/andaluziai-gazpacho-extra-szuz-olivaolajjal-arteoliva-1-literes\/","title":{"rendered":"Andal\u00faziai Gazpacho extra sz\u0171z ol\u00edvaolajjal ARTEOLIVA 1 literes"},"content":{"rendered":"<p>Ez a term\u00e9k h\u0171en k\u00f6veti a val\u00f3di andal\u00faz gazpacho hagyom\u00e1nyos receptj\u00e9t. Kiv\u00e1l\u00f3 min\u0151s\u00e9g\u0171 friss z\u00f6lds\u00e9geket, p\u00e9ld\u00e1ul paradicsomot, ubork\u00e1t, borsot, fokhagym\u00e1t, extra sz\u0171z ol\u00edvaolajat \u00e9s kenyeret, sherry ecetet, vizet \u00e9s tengeri s\u00f3t tartalmaz. A piacon kaphat\u00f3 m\u00e1s term\u00e9kekkel ellent\u00e9tben az &#8222;ArteOliva&#8221; gazpacho t\u00f6bb extra sz\u0171z ol\u00edvaolajat \u00e9s kenyeret tartalmaz, amely a hagyom\u00e1nyos recept n\u00e9lk\u00fcl\u00f6zhetetlen \u00f6sszetev\u0151j\u00e9nek sz\u00e1m\u00edt.  <\/p>\n","protected":false},"excerpt":{"rendered":"<p>Ez a term\u00e9k h\u0171en k\u00f6veti a val\u00f3di andal\u00faz gazpacho hagyom\u00e1nyos receptj\u00e9t. Kiv\u00e1l\u00f3 min\u0151s\u00e9g\u0171 friss z\u00f6lds\u00e9geket, p\u00e9ld\u00e1ul paradicsomot, ubork\u00e1t, borsot, fokhagym\u00e1t, extra sz\u0171z ol\u00edvaolajat \u00e9s kenyeret, sherry ecetet, vizet \u00e9s tengeri s\u00f3t tartalmaz. A piacon kaphat\u00f3 m\u00e1s term\u00e9kekkel ellent\u00e9tben az &#8222;ArteOliva&#8221; gazpacho t\u00f6bb extra sz\u0171z ol\u00edvaolajat \u00e9s kenyeret tartalmaz, amely a hagyom\u00e1nyos recept n\u00e9lk\u00fcl\u00f6zhetetlen \u00f6sszetev\u0151j\u00e9nek sz\u00e1m\u00edt.<\/p>\n","protected":false},"featured_media":14086,"template":"","meta":{"_et_pb_use_builder":"","_et_pb_old_content":"","_et_gb_content_width":""},"product_brand":[1457],"product_cat":[2249,4875,1955],"product_tag":[],"class_list":{"0":"post-37237","1":"product","2":"type-product","3":"status-publish","4":"has-post-thumbnail","6":"product_brand-arteoliva","7":"product_cat-extra-szuz-oliva","8":"product_cat-italok","9":"product_cat-megorzi-a","11":"first","12":"outofstock","13":"taxable","14":"shipping-taxable","15":"product-type-variable"},"_links":{"self":[{"href":"https:\/\/myspainfood.com\/hu\/wp-json\/wp\/v2\/product\/37237","targetHints":{"allow":["GET"]}}],"collection":[{"href":"https:\/\/myspainfood.com\/hu\/wp-json\/wp\/v2\/product"}],"about":[{"href":"https:\/\/myspainfood.com\/hu\/wp-json\/wp\/v2\/types\/product"}],"wp:featuredmedia":[{"embeddable":true,"href":"https:\/\/myspainfood.com\/hu\/wp-json\/wp\/v2\/media\/14086"}],"wp:attachment":[{"href":"https:\/\/myspainfood.com\/hu\/wp-json\/wp\/v2\/media?parent=37237"}],"wp:term":[{"taxonomy":"product_brand","embeddable":true,"href":"https:\/\/myspainfood.com\/hu\/wp-json\/wp\/v2\/product_brand?post=37237"},{"taxonomy":"product_cat","embeddable":true,"href":"https:\/\/myspainfood.com\/hu\/wp-json\/wp\/v2\/product_cat?post=37237"},{"taxonomy":"product_tag","embeddable":true,"href":"https:\/\/myspainfood.com\/hu\/wp-json\/wp\/v2\/product_tag?post=37237"}],"curies":[{"name":"wp","href":"https:\/\/api.w.org\/{rel}","templated":true}]}}