{"id":37477,"date":"2025-04-10T12:05:45","date_gmt":"2025-04-10T10:05:45","guid":{"rendered":"https:\/\/myspainfood.com\/producto\/rantotta-45-kg\/"},"modified":"2025-04-10T12:05:45","modified_gmt":"2025-04-10T10:05:45","slug":"rantotta-45-kg","status":"publish","type":"product","link":"https:\/\/myspainfood.com\/hu\/producto\/rantotta-45-kg\/","title":{"rendered":"R\u00e1ntotta 4,5 kg"},"content":{"rendered":"<p>Ez a 4,5 kg-os, v\u00edzben, s\u00f3ban \u00e9s ecetben s\u00fclt savany\u00fas\u00e1g olajbogy\u00f3t, hagym\u00e1t \u00e9s ubork\u00e1t tartalmaz.<\/p>\n<p>Az olajbogy\u00f3 \u00e9s a savany\u00fas\u00e1g e <a href=\"https:\/\/www.google.com\/search?q=revuelto+aceitunas+s%C3%A1ngar&amp;sxsrf=APq-WBt1wkTZta0IAEDoueZPBxEuaY8Dtw:1644308614563&amp;source=lnms&amp;tbm=isch&amp;sa=X&amp;ved=2ahUKEwjouvz21u_1AhVV_rsIHacjBd0Q_AUoAXoECAEQAw&amp;biw=1577&amp;bih=780&amp;dpr=1\" target=\"_blank\" rel=\"noopener noreferrer nofollow\">kombin\u00e1ci\u00f3ja<\/a> lehet\u0151v\u00e9 teszi, hogy verhetetlen \u00edzvil\u00e1got \u00e9lvezhessen tapas- vagy el\u0151\u00e9telk\u00edn\u00e1lat\u00e1ban.<\/p>\n<p>Nagyon eg\u00e9szs\u00e9ges kieg\u00e9sz\u00edt\u0151je a hagyom\u00e1nyos t\u00e1pl\u00e1l\u00f3 mediterr\u00e1n \u00e9trend\u00fcnknek.<\/p>\n<p>Spanyolorsz\u00e1gban tal\u00e1lunk olajbogy\u00f3t, ubork\u00e1t, almagro padlizs\u00e1nt, s\u00e1rgar\u00e9p\u00e1t, hagym\u00e1t, nagyon hagyom\u00e1nyos kapribogy\u00f3t, fokhagym\u00e1t vagy ak\u00e1r ezek kever\u00e9k\u00e9t.<\/p>\n<p>Gyakran szolg\u00e1lj\u00e1k fel tapas-k\u00e9nt s\u00f6r mell\u00e9 (ecettartalmuk miatt nem borhoz).<\/p>\n<p>A savany\u00fas\u00e1gok a vil\u00e1g minden t\u00e1j\u00e1n az \u00e9telek tart\u00f3s\u00edt\u00e1s\u00e1nak \u0151si technik\u00e1j\u00e1b\u00f3l a spanyol gasztron\u00f3mia egyik legn\u00e9pszer\u0171bb tapas\u00e1v\u00e1 vagy el\u0151\u00e9tel\u00e9v\u00e9 v\u00e1ltak.<\/p>\n<h3><strong>A r\u00e1ntotta el\u0151nyei 4.5kg<\/strong><\/h3>\n<p>Tudta, hogy milyen el\u0151nyei vannak a 4,5 kg r\u00e1ntott\u00e1nak \u00e9s a savany\u00fas\u00e1gnak \u00e1ltal\u00e1ban? \u00cdme egy lista a legfontosabbakr\u00f3l: <\/p>\n<ul>\n<li>Probiotikumokban gazdag.<\/li>\n<li>Seg\u00edtik az em\u00e9szt\u00e9st.<\/li>\n<li>Er\u0151s\u00edtik az immunrendszert.<\/li>\n<li>Cs\u00f6kkentik a cukor ut\u00e1ni s\u00f3v\u00e1rg\u00e1st.<\/li>\n<li>Kedvez\u0151 az epeh\u00f3lyag sz\u00e1m\u00e1ra.<\/li>\n<\/ul>\n<p>&nbsp;<\/p>\n<p>Ha olajbogy\u00f3t vagy b\u00e1rmilyen m\u00e1s t\u00edpus\u00fa <a href=\"https:\/\/latiendadesami.com\/categoria-producto\/encurtidos\/\" rel=\"noopener noreferrer nofollow\" target=\"_blank\">savany\u00fas\u00e1got<\/a> szeretne v\u00e1s\u00e1rolni, ne habozzon, n\u00e9zze meg online katal\u00f3gusunkat, hogy megn\u00e9zze az <a href=\"https:\/\/latiendadesami.com\/categoria-producto\/encurtidos\/aceitunas\/\" target=\"_blank\" rel=\"noopener noreferrer nofollow\">olajbogy\u00f3<\/a> vagy a Revuelto 4,5 kg sz\u00e9les v\u00e1laszt\u00e9k\u00e1t.<\/p>\n<p>Tov\u00e1bbi inform\u00e1ci\u00f3\u00e9rt \u00edrjon nek\u00fcnk.<\/p>\n","protected":false},"excerpt":{"rendered":"<p>Ez a 4,5 kg-os, v\u00edzben, s\u00f3ban \u00e9s ecetben s\u00fclt savany\u00fas\u00e1g olajbogy\u00f3t, hagym\u00e1t \u00e9s ubork\u00e1t tartalmaz. Az olajbogy\u00f3 \u00e9s a savany\u00fas\u00e1g e kombin\u00e1ci\u00f3ja lehet\u0151v\u00e9 teszi, hogy verhetetlen \u00edzvil\u00e1got \u00e9lvezhessen tapas- vagy el\u0151\u00e9telk\u00edn\u00e1lat\u00e1ban. Nagyon eg\u00e9szs\u00e9ges kieg\u00e9sz\u00edt\u0151je a hagyom\u00e1nyos t\u00e1pl\u00e1l\u00f3 mediterr\u00e1n \u00e9trend\u00fcnknek. Spanyolorsz\u00e1gban tal\u00e1lunk olajbogy\u00f3t, ubork\u00e1t, almagro padlizs\u00e1nt, s\u00e1rgar\u00e9p\u00e1t, hagym\u00e1t, nagyon hagyom\u00e1nyos kapribogy\u00f3t, fokhagym\u00e1t vagy ak\u00e1r ezek kever\u00e9k\u00e9t. [&hellip;]<\/p>\n","protected":false},"featured_media":7759,"template":"","meta":{"_et_pb_use_builder":"","_et_pb_old_content":"","_et_gb_content_width":""},"product_brand":[1069],"product_cat":[1569,1568,2001],"product_tag":[8133],"class_list":{"0":"post-37477","1":"product","2":"type-product","3":"status-publish","4":"has-post-thumbnail","6":"product_brand-sangar","7":"product_cat-olajbogyo","8":"product_cat-savanyusagok","9":"product_cat-uborka","10":"product_tag-rantotta","12":"first","13":"outofstock","14":"taxable","15":"shipping-taxable","16":"purchasable","17":"product-type-simple"},"_links":{"self":[{"href":"https:\/\/myspainfood.com\/hu\/wp-json\/wp\/v2\/product\/37477","targetHints":{"allow":["GET"]}}],"collection":[{"href":"https:\/\/myspainfood.com\/hu\/wp-json\/wp\/v2\/product"}],"about":[{"href":"https:\/\/myspainfood.com\/hu\/wp-json\/wp\/v2\/types\/product"}],"wp:featuredmedia":[{"embeddable":true,"href":"https:\/\/myspainfood.com\/hu\/wp-json\/wp\/v2\/media\/7759"}],"wp:attachment":[{"href":"https:\/\/myspainfood.com\/hu\/wp-json\/wp\/v2\/media?parent=37477"}],"wp:term":[{"taxonomy":"product_brand","embeddable":true,"href":"https:\/\/myspainfood.com\/hu\/wp-json\/wp\/v2\/product_brand?post=37477"},{"taxonomy":"product_cat","embeddable":true,"href":"https:\/\/myspainfood.com\/hu\/wp-json\/wp\/v2\/product_cat?post=37477"},{"taxonomy":"product_tag","embeddable":true,"href":"https:\/\/myspainfood.com\/hu\/wp-json\/wp\/v2\/product_tag?post=37477"}],"curies":[{"name":"wp","href":"https:\/\/api.w.org\/{rel}","templated":true}]}}