{"id":37478,"date":"2025-04-10T12:05:09","date_gmt":"2025-04-10T10:05:09","guid":{"rendered":"https:\/\/myspainfood.com\/producto\/feher-fokhagyma-900-gr-chicon\/"},"modified":"2025-08-17T20:34:12","modified_gmt":"2025-08-17T18:34:12","slug":"feher-fokhagyma-900-gr-chicon","status":"publish","type":"product","link":"https:\/\/myspainfood.com\/hu\/producto\/feher-fokhagyma-900-gr-chicon\/","title":{"rendered":"Feh\u00e9r fokhagyma 900 gr Chic\u00f3n"},"content":{"rendered":"<p><strong>Feh\u00e9r fokhagyma olajban<\/strong>, h\u00e1mozva, feldolgozva \u00e9s p\u00e1colva, hogy term\u00e9szetes \u00edz\u00e9t l\u00e1gy\u00edtsa, ugyanakkor meg\u0151rizze eredeti tulajdons\u00e1gait.<\/p>\n<p>Az olajban s\u00fclt fokhagyma \u00ednyencs\u00e9g az \u00edzlel\u0151bimb\u00f3k sz\u00e1m\u00e1ra, ak\u00e1r el\u0151\u00e9telk\u00e9nt, ak\u00e1r a legjobb \u00e9telek k\u00eds\u00e9r\u0151jek\u00e9nt.<\/p>\n<h3><strong>A feh\u00e9r <a href=\"https:\/\/aceitunaschiconlebron.com\/catalogo\/ajos-en-aceite\/\" target=\"_blank\" rel=\"noopener noreferrer nofollow\">fokhagymaolaj<\/a> el\u0151nyei<\/strong><\/h3>\n<p>Tudja, hogy mi a f\u0151 el\u0151nye az olajban l\u00e9v\u0151 fokhagym\u00e1nak savany\u00fas\u00e1gk\u00e9nt? Nos, sok m\u00e1s tulajdons\u00e1ga mellett gazdag probiotikumokban, er\u0151s\u00edti az immunrendszert \u00e9s m\u00e9g az em\u00e9szt\u00e9st is seg\u00edti. <\/p>\n<p>A savany\u00fas\u00e1gok a vil\u00e1g minden t\u00e1j\u00e1n az \u00e9lelmiszerek tart\u00f3s\u00edt\u00e1s\u00e1nak \u0151si technik\u00e1j\u00e1b\u00f3l a spanyol gasztron\u00f3mia egyik legkedveltebb tapas\u00e1v\u00e1 vagy snackj\u00e9v\u00e9 v\u00e1ltak. Online katal\u00f3gusunkban a finom <strong>fokhagym\u00e1s olajban<\/strong> mellett m\u00e1s t\u00edpus\u00fa savany\u00fas\u00e1gokat is tal\u00e1lhat, mint p\u00e9ld\u00e1ul kapribogy\u00f3t, \u00e9des banderill\u00e1t vagy f\u0171szeres banderill\u00e1t. <\/p>\n<h3><strong>Tulajdons\u00e1gok P\u00e1colt fokhagyma<\/strong><\/h3>\n<p><strong>Antibiotikus tulajdons\u00e1gokkal<\/strong> rendelkezik. A fokhagymaolaj a mikrob\u00e1k sz\u00e9les sk\u00e1l\u00e1j\u00e1t elpuszt\u00edtja, p\u00e9ld\u00e1ul a v\u00edrusokat, bakt\u00e9riumokat, gomb\u00e1kat \u00e9s parazit\u00e1kat. <\/p>\n<p><strong>Nyugtat\u00f3 hat\u00e1s\u00fa<\/strong>, C-vitamin-forr\u00e1s, enzimek \u00e9s \u00e1sv\u00e1nyi anyagok, amelyek seg\u00edtenek a szervezet v\u00e9dekez\u0151k\u00e9pess\u00e9g\u00e9nek \u00e9s immunit\u00e1s\u00e1nak er\u0151s\u00edt\u00e9s\u00e9ben.<\/p>\n<p><strong>Az olajban l\u00e9v\u0151 fokhagyma megv\u00e9di a sz\u00edv\u00fcnket<\/strong> a sz\u00edv- \u00e9s \u00e9rrendszeri sz\u00edvprobl\u00e9m\u00e1kt\u00f3l, p\u00e9ld\u00e1ul a sz\u00edvinfarktust\u00f3l \u00e9s az \u00e9relmeszesed\u00e9st\u0151l.<\/p>\n<p><strong>A p\u00e1colt fokhagyma<\/strong> m\u00e1sik <strong>tulajdons\u00e1ga<\/strong>, hogy cs\u00f6kkenti a koleszterinszintet, mivel k\u00e9pes m\u00e9rs\u00e9kelten cs\u00f6kkenteni a v\u00e9r triglicerid- \u00e9s \u00f6sszkoleszterinszintj\u00e9t, ami cs\u00f6kkentheti az art\u00e9ri\u00e1s plakkokat.<\/p>\n<p>R\u00f6viden, az olajban vagy <a href=\"https:\/\/latiendadesami.com\/categoria-producto\/encurtidos\/\" target=\"_blank\" rel=\"noopener noreferrer nofollow\">p\u00e1colt<\/a> fokhagym\u00e1nak sz\u00e1mos tulajdons\u00e1ga \u00e9s el\u0151nye van az emberi eg\u00e9szs\u00e9gre.<\/p>\n","protected":false},"excerpt":{"rendered":"<p>Feh\u00e9r fokhagyma olajban, h\u00e1mozva, feldolgozva \u00e9s p\u00e1colva, hogy term\u00e9szetes \u00edz\u00e9t l\u00e1gy\u00edtsa, ugyanakkor meg\u0151rizze eredeti tulajdons\u00e1gait. Az olajban s\u00fclt fokhagyma \u00ednyencs\u00e9g az \u00edzlel\u0151bimb\u00f3k sz\u00e1m\u00e1ra, ak\u00e1r el\u0151\u00e9telk\u00e9nt, ak\u00e1r a legjobb \u00e9telek k\u00eds\u00e9r\u0151jek\u00e9nt. A feh\u00e9r fokhagymaolaj el\u0151nyei Tudja, hogy mi a f\u0151 el\u0151nye az olajban l\u00e9v\u0151 fokhagym\u00e1nak savany\u00fas\u00e1gk\u00e9nt? Nos, sok m\u00e1s tulajdons\u00e1ga mellett gazdag probiotikumokban, er\u0151s\u00edti az immunrendszert [&hellip;]<\/p>\n","protected":false},"featured_media":7219,"template":"","meta":{"_et_pb_use_builder":"","_et_pb_old_content":"","_et_gb_content_width":""},"product_brand":[1036],"product_cat":[1581,1568],"product_tag":[4187,1583],"class_list":{"0":"post-37478","1":"product","2":"type-product","3":"status-publish","4":"has-post-thumbnail","6":"product_brand-chicon","7":"product_cat-fokhagyma","8":"product_cat-savanyusagok","9":"product_tag-feher","10":"product_tag-fokhagyma","12":"first","13":"instock","14":"taxable","15":"shipping-taxable","16":"purchasable","17":"product-type-variable"},"_links":{"self":[{"href":"https:\/\/myspainfood.com\/hu\/wp-json\/wp\/v2\/product\/37478","targetHints":{"allow":["GET"]}}],"collection":[{"href":"https:\/\/myspainfood.com\/hu\/wp-json\/wp\/v2\/product"}],"about":[{"href":"https:\/\/myspainfood.com\/hu\/wp-json\/wp\/v2\/types\/product"}],"wp:featuredmedia":[{"embeddable":true,"href":"https:\/\/myspainfood.com\/hu\/wp-json\/wp\/v2\/media\/7219"}],"wp:attachment":[{"href":"https:\/\/myspainfood.com\/hu\/wp-json\/wp\/v2\/media?parent=37478"}],"wp:term":[{"taxonomy":"product_brand","embeddable":true,"href":"https:\/\/myspainfood.com\/hu\/wp-json\/wp\/v2\/product_brand?post=37478"},{"taxonomy":"product_cat","embeddable":true,"href":"https:\/\/myspainfood.com\/hu\/wp-json\/wp\/v2\/product_cat?post=37478"},{"taxonomy":"product_tag","embeddable":true,"href":"https:\/\/myspainfood.com\/hu\/wp-json\/wp\/v2\/product_tag?post=37478"}],"curies":[{"name":"wp","href":"https:\/\/api.w.org\/{rel}","templated":true}]}}