{"id":37503,"date":"2025-04-10T12:08:44","date_gmt":"2025-04-10T10:08:44","guid":{"rendered":"https:\/\/myspainfood.com\/producto\/len-polip-60-egyseg\/"},"modified":"2026-04-24T07:40:00","modified_gmt":"2026-04-24T05:40:00","slug":"len-polip-60-egyseg","status":"publish","type":"product","link":"https:\/\/myspainfood.com\/hu\/producto\/len-polip-60-egyseg\/","title":{"rendered":"Len polip 60 egys\u00e9g"},"content":{"rendered":"<p>Olaj (85% napraforg\u00f3, 15% ol\u00edva), polip, szardell\u00e1val t\u00f6lt\u00f6tt olajbogy\u00f3, paprika, uborka \u00e9s hagyma.<\/p>\n","protected":false},"excerpt":{"rendered":"<p>Olaj (85% napraforg\u00f3, 15% ol\u00edva), polip, szardell\u00e1val t\u00f6lt\u00f6tt olajbogy\u00f3, paprika, uborka \u00e9s hagyma.<\/p>\n","protected":false},"featured_media":11287,"template":"","meta":{"_et_pb_use_builder":"","_et_pb_old_content":"","_et_gb_content_width":""},"product_brand":[],"product_cat":[1837,8141,1569,1841,1568,1839,2001],"product_tag":[],"class_list":{"0":"post-37503","1":"product","2":"type-product","3":"status-publish","4":"has-post-thumbnail","6":"product_cat-hideg","7":"product_cat-octopus-hu","8":"product_cat-olajbogyo","9":"product_cat-pintxos-hu","10":"product_cat-savanyusagok","11":"product_cat-szardella","12":"product_cat-uborka","13":"product_shipping_class-hidegszallitas","15":"first","16":"outofstock","17":"taxable","18":"shipping-taxable","19":"purchasable","20":"product-type-simple"},"_links":{"self":[{"href":"https:\/\/myspainfood.com\/hu\/wp-json\/wp\/v2\/product\/37503","targetHints":{"allow":["GET"]}}],"collection":[{"href":"https:\/\/myspainfood.com\/hu\/wp-json\/wp\/v2\/product"}],"about":[{"href":"https:\/\/myspainfood.com\/hu\/wp-json\/wp\/v2\/types\/product"}],"wp:featuredmedia":[{"embeddable":true,"href":"https:\/\/myspainfood.com\/hu\/wp-json\/wp\/v2\/media\/11287"}],"wp:attachment":[{"href":"https:\/\/myspainfood.com\/hu\/wp-json\/wp\/v2\/media?parent=37503"}],"wp:term":[{"taxonomy":"product_brand","embeddable":true,"href":"https:\/\/myspainfood.com\/hu\/wp-json\/wp\/v2\/product_brand?post=37503"},{"taxonomy":"product_cat","embeddable":true,"href":"https:\/\/myspainfood.com\/hu\/wp-json\/wp\/v2\/product_cat?post=37503"},{"taxonomy":"product_tag","embeddable":true,"href":"https:\/\/myspainfood.com\/hu\/wp-json\/wp\/v2\/product_tag?post=37503"}],"curies":[{"name":"wp","href":"https:\/\/api.w.org\/{rel}","templated":true}]}}