{"id":37532,"date":"2025-04-10T12:08:46","date_gmt":"2025-04-10T10:08:46","guid":{"rendered":"https:\/\/myspainfood.com\/producto\/haromszoros-szardella-55-darab\/"},"modified":"2026-04-24T07:38:22","modified_gmt":"2026-04-24T05:38:22","slug":"haromszoros-szardella-55-darab","status":"publish","type":"product","link":"https:\/\/myspainfood.com\/hu\/producto\/haromszoros-szardella-55-darab\/","title":{"rendered":"H\u00e1romszoros szardella 55 darab"},"content":{"rendered":"<p>Olaj (85% napraforg\u00f3olaj, 15% ol\u00edvaolaj), <strong>szardell\u00e1val<\/strong> t\u00f6lt\u00f6tt olajbogy\u00f3,<strong> szardella<\/strong> ecetben \u00e9s piparra.<\/p>\n","protected":false},"excerpt":{"rendered":"<p>Olaj (85% napraforg\u00f3olaj, 15% ol\u00edvaolaj), szardell\u00e1val t\u00f6lt\u00f6tt olajbogy\u00f3, szardella ecetben \u00e9s piparra.<\/p>\n","protected":false},"featured_media":11341,"template":"","meta":{"_et_pb_use_builder":"","_et_pb_old_content":"","_et_gb_content_width":""},"product_brand":[],"product_cat":[1837,1569,1841,1568,1888,1839],"product_tag":[],"class_list":{"0":"post-37532","1":"product","2":"type-product","3":"status-publish","4":"has-post-thumbnail","6":"product_cat-hideg","7":"product_cat-olajbogyo","8":"product_cat-pintxos-hu","9":"product_cat-savanyusagok","10":"product_cat-szardella-hu","11":"product_cat-szardella","12":"product_shipping_class-hidegszallitas","14":"first","15":"instock","16":"taxable","17":"shipping-taxable","18":"purchasable","19":"product-type-simple"},"_links":{"self":[{"href":"https:\/\/myspainfood.com\/hu\/wp-json\/wp\/v2\/product\/37532","targetHints":{"allow":["GET"]}}],"collection":[{"href":"https:\/\/myspainfood.com\/hu\/wp-json\/wp\/v2\/product"}],"about":[{"href":"https:\/\/myspainfood.com\/hu\/wp-json\/wp\/v2\/types\/product"}],"wp:featuredmedia":[{"embeddable":true,"href":"https:\/\/myspainfood.com\/hu\/wp-json\/wp\/v2\/media\/11341"}],"wp:attachment":[{"href":"https:\/\/myspainfood.com\/hu\/wp-json\/wp\/v2\/media?parent=37532"}],"wp:term":[{"taxonomy":"product_brand","embeddable":true,"href":"https:\/\/myspainfood.com\/hu\/wp-json\/wp\/v2\/product_brand?post=37532"},{"taxonomy":"product_cat","embeddable":true,"href":"https:\/\/myspainfood.com\/hu\/wp-json\/wp\/v2\/product_cat?post=37532"},{"taxonomy":"product_tag","embeddable":true,"href":"https:\/\/myspainfood.com\/hu\/wp-json\/wp\/v2\/product_tag?post=37532"}],"curies":[{"name":"wp","href":"https:\/\/api.w.org\/{rel}","templated":true}]}}