{"id":37898,"date":"2025-04-10T12:10:38","date_gmt":"2025-04-10T10:10:38","guid":{"rendered":"https:\/\/myspainfood.com\/producto\/almagro-padlizsan-50-60-darab\/"},"modified":"2025-04-10T12:10:38","modified_gmt":"2025-04-10T10:10:38","slug":"almagro-padlizsan-50-60-darab","status":"publish","type":"product","link":"https:\/\/myspainfood.com\/hu\/producto\/almagro-padlizsan-50-60-darab\/","title":{"rendered":"Almagro padlizs\u00e1n 50\/60 darab"},"content":{"rendered":"<p>Az Aubergena embuchada de Almagro hagyom\u00e1nyos term\u00e9k Campo de Calatrava r\u00e9gi\u00f3b\u00f3l, La <a href=\"https:\/\/www.laencajera.es\/berenjenas-de-almagro\" target=\"_blank\" rel=\"noopener noreferrer nofollow\">Mancha<\/a> sz\u00edv\u00e9ben.<\/p>\n<p>Oltalom alatt \u00e1ll\u00f3 f\u00f6ldrajzi jelz\u00e9ssel ell\u00e1tott term\u00e9k, amely gasztron\u00f3miai referenciapontt\u00e1 v\u00e1lt, ak\u00e1r aperitifk\u00e9nt, ak\u00e1r meleg vagy hideg \u00e9telekben.<\/p>\n<p>\u00d6sszetev\u0151k: S\u00f3, borecet, bors, \u00e9desk\u00f6m\u00e9ny, term\u00e9szetes f\u0171szerek (fokhagyma, k\u00f6m\u00e9ny, paprika, ol\u00edvaolaj), \u00edzfokoz\u00f3 (E-621), savany\u00edt\u00f3szer (E-330), tart\u00f3s\u00edt\u00f3szerek (E-270, E-211, E-202E-223), antioxid\u00e1ns (E-300) \u00e9s term\u00e9szetes arom\u00e1k.<\/p>\n<p>Tartsa h\u0171v\u00f6s, sz\u00e1raz helyen, 3\u00baC \u00e9s 10\u00baC k\u00f6z\u00f6tt.<\/p>\n<p>V\u00e9dje a napf\u00e9nyt\u0151l \u00e9s az er\u0151s szagokt\u00f3l.<\/p>\n<p>Az Almagro padlizs\u00e1n, miut\u00e1n a csomagot felbontott\u00e1k, tartsa h\u0171tve, \u00e9s 30 napon bel\u00fcl fogyassza el.<\/p>\n<p>Ha olajbogy\u00f3t vagy b\u00e1rmilyen m\u00e1s t\u00edpus\u00fa <a href=\"https:\/\/latiendadesami.com\/categoria-producto\/encurtidos\/\" rel=\"noopener noreferrer nofollow\" target=\"_blank\">savany\u00fas\u00e1got<\/a> szeretne v\u00e1s\u00e1rolni, ne habozzon, n\u00e9zze meg online katal\u00f3gusunkat, hogy megismerje a <a href=\"https:\/\/latiendadesami.com\/categoria-producto\/encurtidos\/berenjenas\/\" target=\"_blank\" rel=\"noopener noreferrer nofollow\">padlizs\u00e1nok<\/a> sz\u00e9les v\u00e1laszt\u00e9k\u00e1t.<\/p>\n<p>A m\u00e1rka a La Encajonera, egy 1990-ben alap\u00edtott csal\u00e1di v\u00e1llalkoz\u00e1s, amely La Mancha sz\u00edv\u00e9ben, ALMAGRO v\u00e1ros\u00e1ban, Ciudad Real tartom\u00e1nyban tal\u00e1lhat\u00f3.<\/p>\n<p>Term\u00e9keinek gy\u00e1rt\u00e1si folyamata ugyanazon a term\u0151ter\u00fcleten kezd\u0151dik, a legjobb min\u0151s\u00e9g\u0171 term\u00e9k kiv\u00e1laszt\u00e1s\u00e1val.<\/p>\n<p>A gy\u00e1r a legmodernebb technol\u00f3gi\u00e1val van felszerelve, mik\u00f6zben meg\u0151rzi a k\u00e9zm\u0171vesek hagyom\u00e1nyait \u00e9s tud\u00e1s\u00e1t.<\/p>\n","protected":false},"excerpt":{"rendered":"<p>Az Aubergena embuchada de Almagro hagyom\u00e1nyos term\u00e9k Campo de Calatrava r\u00e9gi\u00f3b\u00f3l, La Mancha sz\u00edv\u00e9ben. Oltalom alatt \u00e1ll\u00f3 f\u00f6ldrajzi jelz\u00e9ssel ell\u00e1tott term\u00e9k, amely gasztron\u00f3miai referenciapontt\u00e1 v\u00e1lt, ak\u00e1r aperitifk\u00e9nt, ak\u00e1r meleg vagy hideg \u00e9telekben. \u00d6sszetev\u0151k: S\u00f3, borecet, bors, \u00e9desk\u00f6m\u00e9ny, term\u00e9szetes f\u0171szerek (fokhagyma, k\u00f6m\u00e9ny, paprika, ol\u00edvaolaj), \u00edzfokoz\u00f3 (E-621), savany\u00edt\u00f3szer (E-330), tart\u00f3s\u00edt\u00f3szerek (E-270, E-211, E-202E-223), antioxid\u00e1ns (E-300) \u00e9s term\u00e9szetes [&hellip;]<\/p>\n","protected":false},"featured_media":7484,"template":"","meta":{"_et_pb_use_builder":"","_et_pb_old_content":"","_et_gb_content_width":""},"product_brand":[1057],"product_cat":[2120,1568],"product_tag":[2123],"class_list":{"0":"post-37898","1":"product","2":"type-product","3":"status-publish","4":"has-post-thumbnail","6":"product_brand-la-encajera","7":"product_cat-padlizsan","8":"product_cat-savanyusagok","9":"product_tag-alinada-hu","11":"first","12":"instock","13":"taxable","14":"shipping-taxable","15":"purchasable","16":"product-type-simple"},"_links":{"self":[{"href":"https:\/\/myspainfood.com\/hu\/wp-json\/wp\/v2\/product\/37898","targetHints":{"allow":["GET"]}}],"collection":[{"href":"https:\/\/myspainfood.com\/hu\/wp-json\/wp\/v2\/product"}],"about":[{"href":"https:\/\/myspainfood.com\/hu\/wp-json\/wp\/v2\/types\/product"}],"wp:featuredmedia":[{"embeddable":true,"href":"https:\/\/myspainfood.com\/hu\/wp-json\/wp\/v2\/media\/7484"}],"wp:attachment":[{"href":"https:\/\/myspainfood.com\/hu\/wp-json\/wp\/v2\/media?parent=37898"}],"wp:term":[{"taxonomy":"product_brand","embeddable":true,"href":"https:\/\/myspainfood.com\/hu\/wp-json\/wp\/v2\/product_brand?post=37898"},{"taxonomy":"product_cat","embeddable":true,"href":"https:\/\/myspainfood.com\/hu\/wp-json\/wp\/v2\/product_cat?post=37898"},{"taxonomy":"product_tag","embeddable":true,"href":"https:\/\/myspainfood.com\/hu\/wp-json\/wp\/v2\/product_tag?post=37898"}],"curies":[{"name":"wp","href":"https:\/\/api.w.org\/{rel}","templated":true}]}}