{"id":37911,"date":"2025-04-10T12:10:07","date_gmt":"2025-04-10T10:10:07","guid":{"rendered":"https:\/\/myspainfood.com\/producto\/valogatott-iberiai-pastetomok-gourmet-cazorla\/"},"modified":"2025-08-24T17:54:58","modified_gmt":"2025-08-24T15:54:58","slug":"valogatott-iberiai-pastetomok-gourmet-cazorla","status":"publish","type":"product","link":"https:\/\/myspainfood.com\/hu\/producto\/valogatott-iberiai-pastetomok-gourmet-cazorla\/","title":{"rendered":"V\u00e1logatott ib\u00e9riai p\u00e1st\u00e9tomok Gourmet Cazorla"},"content":{"rendered":"<p>Ez a doboz 6 hagyom\u00e1nyos Gourmet Cazorla p\u00e1st\u00e9tomot tartalmaz.<\/p>\n<p> T\u00f6k\u00e9letes aj\u00e1nd\u00e9k szeretteinek&#8230; sz\u00fclet\u00e9snapra, kar\u00e1csonyra, k\u00f6sz\u00f6netk\u00e9ppen egy f\u00e1radoz\u00e1s\u00e9rt vagy csak \u00fagy, \u00e9s \u00d6nnek is, mert meg\u00e9rdemli.<\/p>\n","protected":false},"excerpt":{"rendered":"<p>Ez a doboz 6 hagyom\u00e1nyos Gourmet Cazorla p\u00e1st\u00e9tomot tartalmaz. T\u00f6k\u00e9letes aj\u00e1nd\u00e9k szeretteinek&#8230; sz\u00fclet\u00e9snapra, kar\u00e1csonyra, k\u00f6sz\u00f6netk\u00e9ppen egy f\u00e1radoz\u00e1s\u00e9rt vagy csak \u00fagy, \u00e9s \u00d6nnek is, mert meg\u00e9rdemli.<\/p>\n","protected":false},"featured_media":12385,"template":"","meta":{"_et_pb_use_builder":"","_et_pb_old_content":"","_et_gb_content_width":""},"product_brand":[],"product_cat":[1955,8188],"product_tag":[],"class_list":{"0":"post-37911","1":"product","2":"type-product","3":"status-publish","4":"has-post-thumbnail","6":"product_cat-megorzi-a","7":"product_cat-pastetom","9":"first","10":"instock","11":"taxable","12":"shipping-taxable","13":"purchasable","14":"product-type-simple"},"_links":{"self":[{"href":"https:\/\/myspainfood.com\/hu\/wp-json\/wp\/v2\/product\/37911","targetHints":{"allow":["GET"]}}],"collection":[{"href":"https:\/\/myspainfood.com\/hu\/wp-json\/wp\/v2\/product"}],"about":[{"href":"https:\/\/myspainfood.com\/hu\/wp-json\/wp\/v2\/types\/product"}],"wp:featuredmedia":[{"embeddable":true,"href":"https:\/\/myspainfood.com\/hu\/wp-json\/wp\/v2\/media\/12385"}],"wp:attachment":[{"href":"https:\/\/myspainfood.com\/hu\/wp-json\/wp\/v2\/media?parent=37911"}],"wp:term":[{"taxonomy":"product_brand","embeddable":true,"href":"https:\/\/myspainfood.com\/hu\/wp-json\/wp\/v2\/product_brand?post=37911"},{"taxonomy":"product_cat","embeddable":true,"href":"https:\/\/myspainfood.com\/hu\/wp-json\/wp\/v2\/product_cat?post=37911"},{"taxonomy":"product_tag","embeddable":true,"href":"https:\/\/myspainfood.com\/hu\/wp-json\/wp\/v2\/product_tag?post=37911"}],"curies":[{"name":"wp","href":"https:\/\/api.w.org\/{rel}","templated":true}]}}