{"id":38186,"date":"2025-04-10T12:14:40","date_gmt":"2025-04-10T10:14:40","guid":{"rendered":"https:\/\/myspainfood.com\/producto\/chile-escabeche-kagylo-10-15-darab-marevento\/"},"modified":"2026-01-30T14:31:00","modified_gmt":"2026-01-30T13:31:00","slug":"chile-escabeche-kagylo-10-15-darab-marevento","status":"publish","type":"product","link":"https:\/\/myspainfood.com\/hu\/producto\/chile-escabeche-kagylo-10-15-darab-marevento\/","title":{"rendered":"Chile escabeche kagyl\u00f3 10-15 darab Marevento"},"content":{"rendered":"<p>Napraforg\u00f3olajban f\u0151zve \u00e9s s\u00fctve. A byssusokat k\u00e9zzel t\u00e1vol\u00edtj\u00e1k el \u00e9s egyes\u00e9vel csomagolj\u00e1k. Teljesen term\u00e9szetes alapanyagokb\u00f3l k\u00e9sz\u00fclt egyedi p\u00e1ccal k\u00eds\u00e9rve. \u00d6sszetev\u0151k: Chilei kagyl\u00f3, escabeche (napraforg\u00f3olaj, v\u00f6r\u00f6sborecet, v\u00edz, term\u00e9szetes arom\u00e1k, f\u0171szerek \u00e9s s\u00f3).<\/p>\n","protected":false},"excerpt":{"rendered":"<p>Napraforg\u00f3olajban f\u0151zve \u00e9s s\u00fctve. A byssusokat k\u00e9zzel t\u00e1vol\u00edtj\u00e1k el \u00e9s egyes\u00e9vel csomagolj\u00e1k. Teljesen term\u00e9szetes alapanyagokb\u00f3l k\u00e9sz\u00fclt egyedi p\u00e1ccal k\u00eds\u00e9rve. \u00d6sszetev\u0151k: Chilei kagyl\u00f3, escabeche (napraforg\u00f3olaj, v\u00f6r\u00f6sborecet, v\u00edz, term\u00e9szetes arom\u00e1k, f\u0171szerek \u00e9s s\u00f3).<\/p>\n","protected":false},"featured_media":14995,"template":"","meta":{"_et_pb_use_builder":"","_et_pb_old_content":"","_et_gb_content_width":""},"product_brand":[1428],"product_cat":[4062,1955],"product_tag":[],"class_list":{"0":"post-38186","1":"product","2":"type-product","3":"status-publish","4":"has-post-thumbnail","6":"product_brand-portonovo","7":"product_cat-kagylo-hu-2","8":"product_cat-megorzi-a","10":"first","11":"instock","12":"taxable","13":"shipping-taxable","14":"purchasable","15":"product-type-variable"},"_links":{"self":[{"href":"https:\/\/myspainfood.com\/hu\/wp-json\/wp\/v2\/product\/38186","targetHints":{"allow":["GET"]}}],"collection":[{"href":"https:\/\/myspainfood.com\/hu\/wp-json\/wp\/v2\/product"}],"about":[{"href":"https:\/\/myspainfood.com\/hu\/wp-json\/wp\/v2\/types\/product"}],"wp:featuredmedia":[{"embeddable":true,"href":"https:\/\/myspainfood.com\/hu\/wp-json\/wp\/v2\/media\/14995"}],"wp:attachment":[{"href":"https:\/\/myspainfood.com\/hu\/wp-json\/wp\/v2\/media?parent=38186"}],"wp:term":[{"taxonomy":"product_brand","embeddable":true,"href":"https:\/\/myspainfood.com\/hu\/wp-json\/wp\/v2\/product_brand?post=38186"},{"taxonomy":"product_cat","embeddable":true,"href":"https:\/\/myspainfood.com\/hu\/wp-json\/wp\/v2\/product_cat?post=38186"},{"taxonomy":"product_tag","embeddable":true,"href":"https:\/\/myspainfood.com\/hu\/wp-json\/wp\/v2\/product_tag?post=38186"}],"curies":[{"name":"wp","href":"https:\/\/api.w.org\/{rel}","templated":true}]}}