{"id":38229,"date":"2025-04-10T12:14:40","date_gmt":"2025-04-10T10:14:40","guid":{"rendered":"https:\/\/myspainfood.com\/producto\/uj-zelandi-kagylo-pacolt-martasban-4-6-db-orias-portonovo-115-gr\/"},"modified":"2026-01-30T14:32:22","modified_gmt":"2026-01-30T13:32:22","slug":"uj-zelandi-kagylo-pacolt-martasban-4-6-db-orias-portonovo-115-gr","status":"publish","type":"product","link":"https:\/\/myspainfood.com\/hu\/producto\/uj-zelandi-kagylo-pacolt-martasban-4-6-db-orias-portonovo-115-gr\/","title":{"rendered":"\u00daj-z\u00e9landi kagyl\u00f3 p\u00e1colt m\u00e1rt\u00e1sban 4-6 db \u00d3ri\u00e1s Portonovo - 115 Gr"},"content":{"rendered":"<p>Fedezze fel a <strong>Gigante Portonovo<\/strong> <strong>\u00faj-z\u00e9landi kagyl\u00f3j\u00e1nak<\/strong> intenz\u00edv \u00edz\u00e9t \u00e9s min\u0151s\u00e9g\u00e9t <strong>p\u00e1colt m\u00e1rt\u00e1sban<\/strong>. Ez a pr\u00e9mium term\u00e9k 4-6 v\u00e1logatott darab nagy kagyl\u00f3t tartalmaz, 115 grammos kiszerel\u00e9sben, amely ide\u00e1lis tapasokhoz, sal\u00e1t\u00e1khoz vagy \u00ednyenc el\u0151\u00e9telk\u00e9nt. <\/p>\n<p>Az \u00faj-z\u00e9landi krist\u00e1lytiszta vizekben nevelt kagyl\u00f3k h\u00fasos text\u00far\u00e1jukkal \u00e9s p\u00e1ratlan \u00edz\u00fckkel t\u0171nnek ki, amelyet a frissess\u00e9g\u00fcket \u00e9s min\u0151s\u00e9g\u00fcket kiemel\u0151 k\u00edm\u00e9letes p\u00e1c fokoz. Feh\u00e9rj\u00e9ben, omega-3 zs\u00edrsavakban \u00e9s alapvet\u0151 \u00e1sv\u00e1nyi anyagokban is gazdagok, \u00edgy eg\u00e9szs\u00e9ges \u00e9s \u00edzletes v\u00e1laszt\u00e1s b\u00e1rmilyen \u00e9trendhez. <\/p>\n<p>Tov\u00e1bbi tenger gy\u00fcm\u00f6lcsei\u00e9rt l\u00e1togasson el konzervek <a href=\"https:\/\/latiendadesami.com\/categoria-producto\/conservas\/\" target=\"_new\" rel=\"noopener noreferrer nofollow\" target=\"_blank\">r\u00e9szleg\u00fcnkbe<\/a>, \u00e9s fedezze fel a <strong>p\u00e1colt \u00faj-z\u00e9landi kagyl\u00f3<\/strong> el\u0151nyeit a kiegyens\u00falyozott \u00e9trendben. K\u00f3stolja meg a min\u0151s\u00e9get \u00e9s az eredetis\u00e9get, amelyet csak a Portonovo tud ny\u00fajtani!<\/p>\n","protected":false},"excerpt":{"rendered":"<p>Fedezze fel a Gigante Portonovo \u00faj-z\u00e9landi kagyl\u00f3j\u00e1nak intenz\u00edv \u00edz\u00e9t \u00e9s min\u0151s\u00e9g\u00e9t p\u00e1colt m\u00e1rt\u00e1sban. Ez a pr\u00e9mium term\u00e9k 4-6 v\u00e1logatott darab nagy kagyl\u00f3t tartalmaz, 115 grammos kiszerel\u00e9sben, amely ide\u00e1lis tapasokhoz, sal\u00e1t\u00e1khoz vagy \u00ednyenc el\u0151\u00e9telk\u00e9nt. Az \u00faj-z\u00e9landi krist\u00e1lytiszta vizekben nevelt kagyl\u00f3k h\u00fasos text\u00far\u00e1jukkal \u00e9s p\u00e1ratlan \u00edz\u00fckkel t\u0171nnek ki, amelyet a frissess\u00e9g\u00fcket \u00e9s min\u0151s\u00e9g\u00fcket kiemel\u0151 k\u00edm\u00e9letes p\u00e1c fokoz. [&hellip;]<\/p>\n","protected":false},"featured_media":14905,"template":"","meta":{"_et_pb_use_builder":"","_et_pb_old_content":"","_et_gb_content_width":""},"product_brand":[1428],"product_cat":[4062,1955],"product_tag":[],"class_list":{"0":"post-38229","1":"product","2":"type-product","3":"status-publish","4":"has-post-thumbnail","6":"product_brand-portonovo","7":"product_cat-kagylo-hu-2","8":"product_cat-megorzi-a","10":"first","11":"outofstock","12":"taxable","13":"shipping-taxable","14":"product-type-variable"},"_links":{"self":[{"href":"https:\/\/myspainfood.com\/hu\/wp-json\/wp\/v2\/product\/38229","targetHints":{"allow":["GET"]}}],"collection":[{"href":"https:\/\/myspainfood.com\/hu\/wp-json\/wp\/v2\/product"}],"about":[{"href":"https:\/\/myspainfood.com\/hu\/wp-json\/wp\/v2\/types\/product"}],"wp:featuredmedia":[{"embeddable":true,"href":"https:\/\/myspainfood.com\/hu\/wp-json\/wp\/v2\/media\/14905"}],"wp:attachment":[{"href":"https:\/\/myspainfood.com\/hu\/wp-json\/wp\/v2\/media?parent=38229"}],"wp:term":[{"taxonomy":"product_brand","embeddable":true,"href":"https:\/\/myspainfood.com\/hu\/wp-json\/wp\/v2\/product_brand?post=38229"},{"taxonomy":"product_cat","embeddable":true,"href":"https:\/\/myspainfood.com\/hu\/wp-json\/wp\/v2\/product_cat?post=38229"},{"taxonomy":"product_tag","embeddable":true,"href":"https:\/\/myspainfood.com\/hu\/wp-json\/wp\/v2\/product_tag?post=38229"}],"curies":[{"name":"wp","href":"https:\/\/api.w.org\/{rel}","templated":true}]}}