{"id":38634,"date":"2025-04-10T12:09:10","date_gmt":"2025-04-10T10:09:10","guid":{"rendered":"https:\/\/myspainfood.com\/producto\/kecske-es-tehensajt-ribera-del-duero-bor-el-gran-cardenal\/"},"modified":"2026-04-24T07:37:03","modified_gmt":"2026-04-24T05:37:03","slug":"kecske-es-tehensajt-ribera-del-duero-bor-el-gran-cardenal","status":"publish","type":"product","link":"https:\/\/myspainfood.com\/hu\/producto\/kecske-es-tehensajt-ribera-del-duero-bor-el-gran-cardenal\/","title":{"rendered":"Kecske- \u00e9s teh\u00e9nsajt Ribera del Duero bor El Gran Cardenal"},"content":{"rendered":"<div class=\"et_pb_blurb_container\">\n<div class=\"et_pb_blurb_container\">\n<h4 class=\"et_pb_module_header\">Kecske Ribera de Duero borral<\/h4>\n<div class=\"et_pb_blurb_description\">\n<p>Kecske- \u00e9s teh\u00e9ntejb\u0151l k\u00e9sz\u00fclt kr\u00e9mes sajt, amelyet a Spanyolorsz\u00e1gban termelt kiv\u00e1l\u00f3 borok egyike, a Ribera del Duero bor k\u00eds\u00e9r (a Kaszt\u00edlia \u00e9s Le\u00f3nban tal\u00e1lhat\u00f3 sz\u0151l\u0151\u00fcltetv\u00e9nyeket mag\u00e1ban foglal\u00f3 borvid\u00e9k).<\/p>\n<p>A bor sz\u00edne a sajt belsej\u00e9ben l\u00e1that\u00f3, mivel azt a gy\u00e1rt\u00e1skor adj\u00e1k hozz\u00e1.<\/p>\n<\/div>\n<\/div>\n<\/div>\n","protected":false},"excerpt":{"rendered":"<p>Kecske Ribera de Duero borral Kecske- \u00e9s teh\u00e9ntejb\u0151l k\u00e9sz\u00fclt kr\u00e9mes sajt, amelyet a Spanyolorsz\u00e1gban termelt kiv\u00e1l\u00f3 borok egyike, a Ribera del Duero bor k\u00eds\u00e9r (a Kaszt\u00edlia \u00e9s Le\u00f3nban tal\u00e1lhat\u00f3 sz\u0151l\u0151\u00fcltetv\u00e9nyeket mag\u00e1ban foglal\u00f3 borvid\u00e9k). A bor sz\u00edne a sajt belsej\u00e9ben l\u00e1that\u00f3, mivel azt a gy\u00e1rt\u00e1skor adj\u00e1k hozz\u00e1.<\/p>\n","protected":false},"featured_media":11737,"template":"","meta":{"_et_pb_use_builder":"","_et_pb_old_content":"","_et_gb_content_width":""},"product_brand":[],"product_cat":[2740,1837,2278],"product_tag":[],"class_list":{"0":"post-38634","1":"product","2":"type-product","3":"status-publish","4":"has-post-thumbnail","6":"product_cat-gyogyitas","7":"product_cat-hideg","8":"product_cat-sajt-es-kolbasz","9":"product_shipping_class-hidegszallitas","11":"first","12":"outofstock","13":"taxable","14":"shipping-taxable","15":"purchasable","16":"product-type-variable"},"_links":{"self":[{"href":"https:\/\/myspainfood.com\/hu\/wp-json\/wp\/v2\/product\/38634","targetHints":{"allow":["GET"]}}],"collection":[{"href":"https:\/\/myspainfood.com\/hu\/wp-json\/wp\/v2\/product"}],"about":[{"href":"https:\/\/myspainfood.com\/hu\/wp-json\/wp\/v2\/types\/product"}],"wp:featuredmedia":[{"embeddable":true,"href":"https:\/\/myspainfood.com\/hu\/wp-json\/wp\/v2\/media\/11737"}],"wp:attachment":[{"href":"https:\/\/myspainfood.com\/hu\/wp-json\/wp\/v2\/media?parent=38634"}],"wp:term":[{"taxonomy":"product_brand","embeddable":true,"href":"https:\/\/myspainfood.com\/hu\/wp-json\/wp\/v2\/product_brand?post=38634"},{"taxonomy":"product_cat","embeddable":true,"href":"https:\/\/myspainfood.com\/hu\/wp-json\/wp\/v2\/product_cat?post=38634"},{"taxonomy":"product_tag","embeddable":true,"href":"https:\/\/myspainfood.com\/hu\/wp-json\/wp\/v2\/product_tag?post=38634"}],"curies":[{"name":"wp","href":"https:\/\/api.w.org\/{rel}","templated":true}]}}