{"id":38701,"date":"2025-04-10T12:09:16","date_gmt":"2025-04-10T10:09:16","guid":{"rendered":"https:\/\/myspainfood.com\/producto\/a-kantabriai-tengeri-szardella-platina-sorozat-olivaolajban\/"},"modified":"2025-06-24T13:39:58","modified_gmt":"2025-06-24T11:39:58","slug":"a-kantabriai-tengeri-szardella-platina-sorozat-olivaolajban","status":"publish","type":"product","link":"https:\/\/myspainfood.com\/hu\/producto\/a-kantabriai-tengeri-szardella-platina-sorozat-olivaolajban\/","title":{"rendered":"A kant\u00e1briai-tengeri szardella platina sorozat ol\u00edvaolajban"},"content":{"rendered":"<p>Az <a href=\"https:\/\/conservasarlequin.com\/serie-oro\/\" target=\"_blank\" rel=\"noopener noreferrer nofollow\">Arlequin<\/a> Platinum Series szardella ol\u00edvaolajban egy k\u00e9zm\u0171ves konzervterm\u00e9k.<\/p>\n<p><strong>E. A. N.:<\/strong> 8421993910985<\/p>\n<p><strong>K\u00f3d:<\/strong> 10010044<\/p>\n<p><strong>Nett\u00f3 s\u00faly: <\/strong>110g \/ 70g<\/p>\n<p><strong>Fil\u00e9k sz\u00e1ma\/darabsz\u00e1m:<\/strong> 12<\/p>\n<p>A Conservas <a href=\"https:\/\/latiendadesami.com\/marca\/arlequin\/\" target=\"_blank\" rel=\"noopener noreferrer nofollow\">Arlequ\u00edn<\/a> k\u00fcldet\u00e9se, hogy kiv\u00e1l\u00f3 term\u00e9ket, a legjobb szolg\u00e1ltat\u00e1st \u00e9s a halkonzervek sz\u00e9les v\u00e1laszt\u00e9k\u00e1t k\u00edn\u00e1lja a legjobb \u00e1ron.<\/p>\n<p>Szint\u00e9n a szardella, az Anchoa Arlequin Serie Oro 00, az ol\u00edvaolajos Serie Platinum, a szardella, a bonito, a s\u00e1rga\u00fasz\u00f3j\u00fa tonhal, a kagyl\u00f3, a makr\u00e9la \u00e9s a szard\u00ednia specialist\u00e1i.<\/p>\n<p>Az El Pa\u00eds c\u00edm\u0171 lap Comidista c\u00edm\u0171 \u00edr\u00e1sa p\u00e9ld\u00e1ul a k\u00f6vetkez\u0151ket \u00edrta a ventresc\u00e1r\u00f3l: &#8222;Olyan gyeng\u00e9d, szinte kr\u00e9mes, hogy az embernek kedve t\u00e1mad hozz\u00e1 menni, \u00e9s boldogan \u00e9lni, am\u00edg az \u00dar el nem veszi&#8221;.<\/p>\n<h4>A konzervek f\u0151 el\u0151nyei<\/h4>\n<ol>\n<li>Meg\u0151rzik mag\u00e1nak az \u00e9lelmiszernek minden t\u00e1panyagtartalm\u00e1t. Az \u00e9lelmiszer meg\u0151rzi frissess\u00e9g\u00e9t. <\/li>\n<li>A felhaszn\u00e1lt \u00e9lelmiszerek eg\u00e9szs\u00e9gesek, ez\u00e9rt magas vitamin- \u00e9s feh\u00e9rjetartalmuk miatt alkalmasak az optim\u00e1lis \u00e9trendre.<\/li>\n<li>Ezek a term\u00e9kek hosszabb \u00e9lettartam\u00faak (jellemz\u0151en 2-5 \u00e9v).<\/li>\n<li>A konzervek nagyon k\u00f6nnyen t\u00e1rolhat\u00f3k, mivel a csomagol\u00e1suk k\u00f6nnyen alkalmazhat\u00f3.<\/li>\n<\/ol>\n<p>Ha tonhalat vagy b\u00e1rmilyen m\u00e1s <a href=\"https:\/\/latiendadesami.com\/categoria-producto\/conservas\/\" rel=\"noopener noreferrer nofollow\" target=\"_blank\">konzervet<\/a> szeretne v\u00e1s\u00e1rolni, ne habozzon, n\u00e9zze meg online katal\u00f3gusunkat, hogy megismerje a <a href=\"https:\/\/latiendadesami.com\/categoria-producto\/conservas\/atun-y-bonito\/\" target=\"_blank\" rel=\"noopener noreferrer nofollow\">tonhal<\/a> sz\u00e9les v\u00e1laszt\u00e9k\u00e1t.<\/p>\n<p>Tov\u00e1bbi inform\u00e1ci\u00f3\u00e9rt \u00edrjon nek\u00fcnk.<\/p>\n","protected":false},"excerpt":{"rendered":"<p>Az Arlequin Platinum Series szardella ol\u00edvaolajban egy k\u00e9zm\u0171ves konzervterm\u00e9k. E. A. N.: 8421993910985 K\u00f3d: 10010044 Nett\u00f3 s\u00faly: 110g \/ 70g Fil\u00e9k sz\u00e1ma\/darabsz\u00e1m: 12 A Conservas Arlequ\u00edn k\u00fcldet\u00e9se, hogy kiv\u00e1l\u00f3 term\u00e9ket, a legjobb szolg\u00e1ltat\u00e1st \u00e9s a halkonzervek sz\u00e9les v\u00e1laszt\u00e9k\u00e1t k\u00edn\u00e1lja a legjobb \u00e1ron. Szint\u00e9n a szardella, az Anchoa Arlequin Serie Oro 00, az ol\u00edvaolajos Serie Platinum, [&hellip;]<\/p>\n","protected":false},"featured_media":11836,"template":"","meta":{"_et_pb_use_builder":"","_et_pb_old_content":"","_et_gb_content_width":""},"product_brand":[1162],"product_cat":[1837,5204],"product_tag":[8221],"class_list":{"0":"post-38701","1":"product","2":"type-product","3":"status-publish","4":"has-post-thumbnail","6":"product_brand-arlequin","7":"product_cat-hideg","8":"product_cat-szardella-hu-3","9":"product_tag-platinum-sorozat","10":"product_shipping_class-hidegszallitas","12":"first","13":"outofstock","14":"sale","15":"taxable","16":"shipping-taxable","17":"purchasable","18":"product-type-simple"},"_links":{"self":[{"href":"https:\/\/myspainfood.com\/hu\/wp-json\/wp\/v2\/product\/38701","targetHints":{"allow":["GET"]}}],"collection":[{"href":"https:\/\/myspainfood.com\/hu\/wp-json\/wp\/v2\/product"}],"about":[{"href":"https:\/\/myspainfood.com\/hu\/wp-json\/wp\/v2\/types\/product"}],"wp:featuredmedia":[{"embeddable":true,"href":"https:\/\/myspainfood.com\/hu\/wp-json\/wp\/v2\/media\/11836"}],"wp:attachment":[{"href":"https:\/\/myspainfood.com\/hu\/wp-json\/wp\/v2\/media?parent=38701"}],"wp:term":[{"taxonomy":"product_brand","embeddable":true,"href":"https:\/\/myspainfood.com\/hu\/wp-json\/wp\/v2\/product_brand?post=38701"},{"taxonomy":"product_cat","embeddable":true,"href":"https:\/\/myspainfood.com\/hu\/wp-json\/wp\/v2\/product_cat?post=38701"},{"taxonomy":"product_tag","embeddable":true,"href":"https:\/\/myspainfood.com\/hu\/wp-json\/wp\/v2\/product_tag?post=38701"}],"curies":[{"name":"wp","href":"https:\/\/api.w.org\/{rel}","templated":true}]}}