{"id":39005,"date":"2025-04-10T12:09:43","date_gmt":"2025-04-10T10:09:43","guid":{"rendered":"https:\/\/myspainfood.com\/producto\/el-gran-cardenal-felkesz-san-isidro-sajt\/"},"modified":"2025-07-28T10:41:45","modified_gmt":"2025-07-28T08:41:45","slug":"el-gran-cardenal-felkesz-san-isidro-sajt","status":"publish","type":"product","link":"https:\/\/myspainfood.com\/hu\/producto\/el-gran-cardenal-felkesz-san-isidro-sajt\/","title":{"rendered":"El Gran Cardenal f\u00e9lk\u00e9sz San Isidro sajt"},"content":{"rendered":"<p>A legl\u00e1gyabb sajt a teh\u00e9ntejb\u0151l k\u00e9sz\u00fclt sajtok k\u00f6z\u00fcl, mivel magasabb a teh\u00e9ntejtartalma, \u00e9s legal\u00e1bb 10% juhtejet tartalmaz.<\/p>\n<p>A sajt \u00e9rlel\u00e9s\u00e9t\u0151l f\u00fcgg\u0151en k\u00e9tf\u00e9le t\u00edpusban kaphat\u00f3: f\u00e9lig \u00e9rlelt (2-4 h\u00f3napos \u00e9rlel\u00e9si id\u0151vel) \u00e9s \u00e9rlelt (4-6 h\u00f3napos \u00e9rlel\u00e9si id\u0151vel).<\/p>\n","protected":false},"excerpt":{"rendered":"<p>A legl\u00e1gyabb sajt a teh\u00e9ntejb\u0151l k\u00e9sz\u00fclt sajtok k\u00f6z\u00fcl, mivel magasabb a teh\u00e9ntejtartalma, \u00e9s legal\u00e1bb 10% juhtejet tartalmaz. A sajt \u00e9rlel\u00e9s\u00e9t\u0151l f\u00fcgg\u0151en k\u00e9tf\u00e9le t\u00edpusban kaphat\u00f3: f\u00e9lig \u00e9rlelt (2-4 h\u00f3napos \u00e9rlel\u00e9si id\u0151vel) \u00e9s \u00e9rlelt (4-6 h\u00f3napos \u00e9rlel\u00e9si id\u0151vel).<\/p>\n","protected":false},"featured_media":12088,"template":"","meta":{"_et_pb_use_builder":"","_et_pb_old_content":"","_et_gb_content_width":""},"product_brand":[1319],"product_cat":[2740,1837,2278],"product_tag":[],"class_list":{"0":"post-39005","1":"product","2":"type-product","3":"status-publish","4":"has-post-thumbnail","6":"product_brand-el-gran-cardenal","7":"product_cat-gyogyitas","8":"product_cat-hideg","9":"product_cat-sajt-es-kolbasz","10":"product_shipping_class-hidegszallitas","12":"first","13":"outofstock","14":"taxable","15":"shipping-taxable","16":"product-type-variable"},"_links":{"self":[{"href":"https:\/\/myspainfood.com\/hu\/wp-json\/wp\/v2\/product\/39005","targetHints":{"allow":["GET"]}}],"collection":[{"href":"https:\/\/myspainfood.com\/hu\/wp-json\/wp\/v2\/product"}],"about":[{"href":"https:\/\/myspainfood.com\/hu\/wp-json\/wp\/v2\/types\/product"}],"wp:featuredmedia":[{"embeddable":true,"href":"https:\/\/myspainfood.com\/hu\/wp-json\/wp\/v2\/media\/12088"}],"wp:attachment":[{"href":"https:\/\/myspainfood.com\/hu\/wp-json\/wp\/v2\/media?parent=39005"}],"wp:term":[{"taxonomy":"product_brand","embeddable":true,"href":"https:\/\/myspainfood.com\/hu\/wp-json\/wp\/v2\/product_brand?post=39005"},{"taxonomy":"product_cat","embeddable":true,"href":"https:\/\/myspainfood.com\/hu\/wp-json\/wp\/v2\/product_cat?post=39005"},{"taxonomy":"product_tag","embeddable":true,"href":"https:\/\/myspainfood.com\/hu\/wp-json\/wp\/v2\/product_tag?post=39005"}],"curies":[{"name":"wp","href":"https:\/\/api.w.org\/{rel}","templated":true}]}}