{"id":39184,"date":"2025-04-10T12:09:22","date_gmt":"2025-04-10T10:09:22","guid":{"rendered":"https:\/\/myspainfood.com\/producto\/oti-pacolt-kagylo-40-60-db-galiciai-keszitesu\/"},"modified":"2025-04-10T12:09:22","modified_gmt":"2025-04-10T10:09:22","slug":"oti-pacolt-kagylo-40-60-db-galiciai-keszitesu","status":"publish","type":"product","link":"https:\/\/myspainfood.com\/hu\/producto\/oti-pacolt-kagylo-40-60-db-galiciai-keszitesu\/","title":{"rendered":"Oti p\u00e1colt kagyl\u00f3 40\/60 db gal\u00edciai k\u00e9sz\u00edt\u00e9s\u0171"},"content":{"rendered":"<p>A legjobb min\u0151s\u00e9g\u0171 \u00e9s legnagyobb p\u00e9ld\u00e1nyokat az optim\u00e1lis pillanatban, a legjobb serpeny\u0151kb\u0151l nyerik ki. Kiv\u00e1l\u00f3 megjelen\u00e9s\u0171, egys\u00e9ges sz\u00edn\u0171, szak\u00e1llmentes \u00e9s nagyon \u00e9tv\u00e1gygerjeszt\u0151, gondos v\u00e1logat\u00e1s \u00e9s feldolgoz\u00e1s eredm\u00e9nye. A kiv\u00e1l\u00f3 min\u0151s\u00e9g\u0171 alapanyagokb\u00f3l \u00edzletes p\u00e1colt sz\u00f3sz k\u00e9sz\u00fcl, amely ide\u00e1lis k\u00f6r\u00edt\u00e9s ehhez a puhatest\u0171h\u00f6z.  <\/p>\n","protected":false},"excerpt":{"rendered":"<p>A legjobb min\u0151s\u00e9g\u0171 \u00e9s legnagyobb p\u00e9ld\u00e1nyokat az optim\u00e1lis pillanatban, a legjobb serpeny\u0151kb\u0151l nyerik ki. Kiv\u00e1l\u00f3 megjelen\u00e9s\u0171, egys\u00e9ges sz\u00edn\u0171, szak\u00e1llmentes \u00e9s nagyon \u00e9tv\u00e1gygerjeszt\u0151, gondos v\u00e1logat\u00e1s \u00e9s feldolgoz\u00e1s eredm\u00e9nye. A kiv\u00e1l\u00f3 min\u0151s\u00e9g\u0171 alapanyagokb\u00f3l \u00edzletes p\u00e1colt sz\u00f3sz k\u00e9sz\u00fcl, amely ide\u00e1lis k\u00f6r\u00edt\u00e9s ehhez a puhatest\u0171h\u00f6z.<\/p>\n","protected":false},"featured_media":8056,"template":"","meta":{"_et_pb_use_builder":"","_et_pb_old_content":"","_et_gb_content_width":""},"product_brand":[1075],"product_cat":[4062,1955,2927],"product_tag":[],"class_list":{"0":"post-39184","1":"product","2":"type-product","3":"status-publish","4":"has-post-thumbnail","6":"product_brand-oti","7":"product_cat-kagylo-hu-2","8":"product_cat-megorzi-a","9":"product_cat-nagykereskedelem","11":"first","12":"outofstock","13":"taxable","14":"shipping-taxable","15":"purchasable","16":"product-type-simple"},"_links":{"self":[{"href":"https:\/\/myspainfood.com\/hu\/wp-json\/wp\/v2\/product\/39184","targetHints":{"allow":["GET"]}}],"collection":[{"href":"https:\/\/myspainfood.com\/hu\/wp-json\/wp\/v2\/product"}],"about":[{"href":"https:\/\/myspainfood.com\/hu\/wp-json\/wp\/v2\/types\/product"}],"wp:featuredmedia":[{"embeddable":true,"href":"https:\/\/myspainfood.com\/hu\/wp-json\/wp\/v2\/media\/8056"}],"wp:attachment":[{"href":"https:\/\/myspainfood.com\/hu\/wp-json\/wp\/v2\/media?parent=39184"}],"wp:term":[{"taxonomy":"product_brand","embeddable":true,"href":"https:\/\/myspainfood.com\/hu\/wp-json\/wp\/v2\/product_brand?post=39184"},{"taxonomy":"product_cat","embeddable":true,"href":"https:\/\/myspainfood.com\/hu\/wp-json\/wp\/v2\/product_cat?post=39184"},{"taxonomy":"product_tag","embeddable":true,"href":"https:\/\/myspainfood.com\/hu\/wp-json\/wp\/v2\/product_tag?post=39184"}],"curies":[{"name":"wp","href":"https:\/\/api.w.org\/{rel}","templated":true}]}}