{"id":39194,"date":"2025-04-10T12:09:21","date_gmt":"2025-04-10T10:09:21","guid":{"rendered":"https:\/\/myspainfood.com\/producto\/240-db-oti-pacolt-kagylo-7-10-darab\/"},"modified":"2025-04-10T12:09:21","modified_gmt":"2025-04-10T10:09:21","slug":"240-db-oti-pacolt-kagylo-7-10-darab","status":"publish","type":"product","link":"https:\/\/myspainfood.com\/hu\/producto\/240-db-oti-pacolt-kagylo-7-10-darab\/","title":{"rendered":"240 db. Oti p\u00e1colt kagyl\u00f3 7\/10 darab"},"content":{"rendered":"<p>10 doboz 24 darabos - 240 darab 5,98 eur\u00f3 darabonk\u00e9nt<\/p>\n<p>Az Oti kagyl\u00f3 7\/10 darab <a href=\"http:\/\/www.conservasoti.es\/paginas\/historia.html\" target=\"_blank\" rel=\"noopener noreferrer nofollow\">hagyom\u00e1nyos<\/a> m\u00f3don k\u00e9sz\u00fclt term\u00e9szetes term\u00e9k.<\/p>\n<p>A Conservas Oti egy csal\u00e1di hagyom\u00e1nyokkal rendelkez\u0151 v\u00e1llalat, amelynek j\u00f3 munk\u00e1ja gener\u00e1ci\u00f3r\u00f3l gener\u00e1ci\u00f3ra \u00f6r\u00f6kl\u0151dik.<\/p>\n<p>A csal\u00e1d kem\u00e9ny munk\u00e1j\u00e1nak \u00e9s er\u0151fesz\u00edt\u00e9seinek k\u00f6sz\u00f6nhet\u0151en a <span class=\"negrita\">Conservas Oti<\/span> nagyr\u00e9szt n\u00f6vekedni \u00e9s terjeszkedni tudott.<\/p>\n<p>A f\u0151 \u00fczleti ter\u00fcletek a k\u00f6vetkez\u0151k: From the Sea, From the Land \u00e9s From the Farm.<\/p>\n<p>A tengerb\u0151l: Kagyl\u00f3, Ventresca, Sardinillas, Melva&#8230; Oti kagyl\u00f3 7\/10 darab <\/p>\n<p>Helyi term\u00e9kek: tejes csicseribors\u00f3, feh\u00e9r vesebab, Pinta bab, Pardina lencse&#8230;<\/p>\n<p>A gazdas\u00e1gb\u00f3l: Tiszta juhsajt, Makkos Ib\u00e9rico sonka, Makkos Ib\u00e9rico Salchich\u00f3n, Makkos Ib\u00e9rico Chorizo, Makkos Ib\u00e9rico&#8230;<\/p>\n<h4>A konzervek f\u0151 el\u0151nyei<\/h4>\n<ol>\n<li>Meg\u0151rzik mag\u00e1nak az \u00e9lelmiszernek minden t\u00e1panyagtartalm\u00e1t. Az \u00e9lelmiszer meg\u0151rzi frissess\u00e9g\u00e9t. <\/li>\n<li>A felhaszn\u00e1lt \u00e9lelmiszerek eg\u00e9szs\u00e9gesek, ez\u00e9rt magas vitamin- \u00e9s feh\u00e9rjetartalmuk miatt alkalmasak az optim\u00e1lis \u00e9trendre.<\/li>\n<li>Ezek a term\u00e9kek hosszabb \u00e9lettartam\u00faak (jellemz\u0151en 2-5 \u00e9v).<\/li>\n<li>A konzervek nagyon k\u00f6nnyen t\u00e1rolhat\u00f3k, mivel a csomagol\u00e1suk k\u00f6nnyen alkalmazhat\u00f3.<\/li>\n<\/ol>\n<p>Ha tonhalat vagy b\u00e1rmilyen m\u00e1s <a href=\"https:\/\/latiendadesami.com\/categoria-producto\/conservas\/\" rel=\"noopener noreferrer nofollow\" target=\"_blank\">konzervet<\/a> szeretne v\u00e1s\u00e1rolni, ne habozzon, n\u00e9zze meg online katal\u00f3gusunkat, hogy megismerje a <a href=\"https:\/\/latiendadesami.com\/categoria-producto\/conservas\/atun-y-bonito\/\" target=\"_blank\" rel=\"noopener noreferrer nofollow\">tonhal<\/a> sz\u00e9les v\u00e1laszt\u00e9k\u00e1t.<\/p>\n<p>Tov\u00e1bbi inform\u00e1ci\u00f3\u00e9rt \u00edrjon nek\u00fcnk.<\/p>\n","protected":false},"excerpt":{"rendered":"<p>10 doboz 24 darabos - 240 darab 5,98 eur\u00f3 darabonk\u00e9nt Az Oti kagyl\u00f3 7\/10 darab hagyom\u00e1nyos m\u00f3don k\u00e9sz\u00fclt term\u00e9szetes term\u00e9k. A Conservas Oti egy csal\u00e1di hagyom\u00e1nyokkal rendelkez\u0151 v\u00e1llalat, amelynek j\u00f3 munk\u00e1ja gener\u00e1ci\u00f3r\u00f3l gener\u00e1ci\u00f3ra \u00f6r\u00f6kl\u0151dik. A csal\u00e1d kem\u00e9ny munk\u00e1j\u00e1nak \u00e9s er\u0151fesz\u00edt\u00e9seinek k\u00f6sz\u00f6nhet\u0151en a Conservas Oti nagyr\u00e9szt n\u00f6vekedni \u00e9s terjeszkedni tudott. A f\u0151 \u00fczleti ter\u00fcletek a k\u00f6vetkez\u0151k: [&hellip;]<\/p>\n","protected":false},"featured_media":7939,"template":"","meta":{"_et_pb_use_builder":"","_et_pb_old_content":"","_et_gb_content_width":""},"product_brand":[1075],"product_cat":[4062,1955,2927],"product_tag":[],"class_list":{"0":"post-39194","1":"product","2":"type-product","3":"status-publish","4":"has-post-thumbnail","6":"product_brand-oti","7":"product_cat-kagylo-hu-2","8":"product_cat-megorzi-a","9":"product_cat-nagykereskedelem","11":"first","12":"outofstock","13":"taxable","14":"shipping-taxable","15":"purchasable","16":"product-type-simple"},"_links":{"self":[{"href":"https:\/\/myspainfood.com\/hu\/wp-json\/wp\/v2\/product\/39194","targetHints":{"allow":["GET"]}}],"collection":[{"href":"https:\/\/myspainfood.com\/hu\/wp-json\/wp\/v2\/product"}],"about":[{"href":"https:\/\/myspainfood.com\/hu\/wp-json\/wp\/v2\/types\/product"}],"wp:featuredmedia":[{"embeddable":true,"href":"https:\/\/myspainfood.com\/hu\/wp-json\/wp\/v2\/media\/7939"}],"wp:attachment":[{"href":"https:\/\/myspainfood.com\/hu\/wp-json\/wp\/v2\/media?parent=39194"}],"wp:term":[{"taxonomy":"product_brand","embeddable":true,"href":"https:\/\/myspainfood.com\/hu\/wp-json\/wp\/v2\/product_brand?post=39194"},{"taxonomy":"product_cat","embeddable":true,"href":"https:\/\/myspainfood.com\/hu\/wp-json\/wp\/v2\/product_cat?post=39194"},{"taxonomy":"product_tag","embeddable":true,"href":"https:\/\/myspainfood.com\/hu\/wp-json\/wp\/v2\/product_tag?post=39194"}],"curies":[{"name":"wp","href":"https:\/\/api.w.org\/{rel}","templated":true}]}}