{"id":39562,"date":"2025-04-10T12:14:28","date_gmt":"2025-04-10T10:14:28","guid":{"rendered":"https:\/\/myspainfood.com\/producto\/pincha-selection-bonito-file-olivaolajban-50-oliva-50-napraforgo-400-g\/"},"modified":"2026-01-30T08:25:37","modified_gmt":"2026-01-30T07:25:37","slug":"pincha-selection-bonito-file-olivaolajban-50-oliva-50-napraforgo-400-g","status":"publish","type":"product","link":"https:\/\/myspainfood.com\/hu\/producto\/pincha-selection-bonito-file-olivaolajban-50-oliva-50-napraforgo-400-g\/","title":{"rendered":"Pincha Selection Bonito fil\u00e9 ol\u00edvaolajban (50% ol\u00edva - 50% napraforg\u00f3) 400 g"},"content":{"rendered":"<p><strong>Tapasztalja meg a tenger legmagasabb min\u0151s\u00e9g\u00e9t \u00e9s \u00edz\u00e9t a Pincha Selecci\u00f3n Bonito fil\u00e9vel olajban<\/strong>. Ez a 400 grammos kiszerel\u00e9s\u0171 exkluz\u00edv term\u00e9k a tonhal finoms\u00e1g\u00e1t \u00f6tv\u00f6zi az ol\u00edva- \u00e9s napraforg\u00f3olaj t\u00f6k\u00e9letes kever\u00e9k\u00e9vel, egyed\u00fcl\u00e1ll\u00f3 kulin\u00e1ris \u00e9lm\u00e9nyt ny\u00fajtva. <\/p>\n<p><strong>A term\u00e9k jellemz\u0151i:<\/strong><\/p>\n<ul>\n<li><strong>Pr\u00e9mium v\u00e1logat\u00e1s:<\/strong> Tonhalfil\u00e9inket a legjobb fog\u00e1sokb\u00f3l v\u00e1logatjuk ki, ami garant\u00e1lja a zsenge text\u00far\u00e1t \u00e9s a kiv\u00e1l\u00f3 \u00edzt.<\/li>\n<li><strong>Kiv\u00e1l\u00f3 min\u0151s\u00e9g\u0171 olajkever\u00e9k:<\/strong> Az 50% ol\u00edvaolaj \u00e9s 50% napraforg\u00f3olaj kombin\u00e1ci\u00f3ja t\u00f6k\u00e9letes egyens\u00falyt biztos\u00edt az \u00edz \u00e9s a l\u00e1gys\u00e1g k\u00f6z\u00f6tt, kiemelve a tonhal term\u00e9szetes tulajdons\u00e1gait.<\/li>\n<li><strong>T\u00e1pl\u00e1lkoz\u00e1si el\u0151ny\u00f6k<\/strong>: Ez a term\u00e9k gazdag feh\u00e9rje-, omega-3 \u00e9s vitaminforr\u00e1s, ide\u00e1lis a kiegyens\u00falyozott \u00e9s eg\u00e9szs\u00e9ges t\u00e1pl\u00e1lkoz\u00e1shoz.<\/li>\n<li><strong>Sokoldal\u00fas\u00e1g a konyh\u00e1ban:<\/strong> T\u00f6k\u00e9letes a legk\u00fcl\u00f6nf\u00e9l\u00e9bb \u00e9telek elk\u00e9sz\u00edt\u00e9s\u00e9hez, a sal\u00e1t\u00e1kt\u00f3l \u00e9s tapasokt\u00f3l kezdve a t\u00e9szt\u00e1kon \u00e1t a f\u0151\u00e9telekig. Sokoldal\u00fas\u00e1ga miatt a kamra n\u00e9lk\u00fcl\u00f6zhetetlen alapanyaga. <\/li>\n<li><strong>Csal\u00e1di form\u00e1tum:<\/strong> A 400 grammos kiszerel\u00e9s ide\u00e1lis csal\u00e1dok sz\u00e1m\u00e1ra, vagy azoknak, akik k\u00e9nyelmes \u00e9s gazdas\u00e1gos megold\u00e1st keresnek a napi el\u0151k\u00e9sz\u00fcletekhez.<\/li>\n<\/ul>\n<p><strong>A Pincha Selecci\u00f3n v\u00e1laszt\u00e1s\u00e1nak el\u0151nyei:<\/strong><\/p>\n<ul>\n<li><strong>Elk\u00f6telezetts\u00e9g a kiv\u00e1l\u00f3s\u00e1g ir\u00e1nt<\/strong>: Arra t\u00f6reksz\u00fcnk, hogy a legjobb min\u0151s\u00e9g\u0171 tengeri term\u00e9keket k\u00edn\u00e1ljuk, a fenntarthat\u00f3s\u00e1gra \u00e9s a k\u00f6rnyezet tiszteletben tart\u00e1s\u00e1ra \u00f6sszpontos\u00edtva.<\/li>\n<li><strong>A tenger autentikus \u00edze:<\/strong> \u00c9lvezze a finom feh\u00e9r h\u00fas\u00e1\u00e9rt becsben tartott bonit\u00f3 autentikus \u00edz\u00e9t.<\/li>\n<li><strong>Optim\u00e1lis tart\u00f3s\u00edt\u00e1s<\/strong>: Hagyom\u00e1nyos tart\u00f3s\u00edt\u00e1si m\u00f3dszerekkel biztos\u00edtjuk, hogy minden bonit\u00f3 karaj meg\u0151rizze t\u00e1p\u00e9rt\u00e9k\u00e9t \u00e9s frissess\u00e9g\u00e9t.<\/li>\n<\/ul>\n<p><strong>Term\u00e9szetv\u00e9delmi tippek:<\/strong><\/p>\n<p>Ahhoz, hogy a term\u00e9k a lehet\u0151 legjobb min\u0151s\u00e9gben maradjon, t\u00e1rolja h\u0171v\u00f6s, sz\u00e1raz helyen. Felbont\u00e1s ut\u00e1n tartsa h\u0171tve, \u00e9s 3 napon bel\u00fcl fogyassza el. <\/p>\n<p><strong>\u00c9lvezze a kiv\u00e1l\u00f3 gasztron\u00f3miai \u00e9lm\u00e9nyt:<\/strong><\/p>\n<p>Adjon egy csipetnyi eleganci\u00e1t \u00e9s \u00edzt \u00e9teleinek a <strong>Pincha Selecci\u00f3n Bonito fil\u00e9 olajban (50% ol\u00edva - 50% napraforg\u00f3<\/strong>). T\u00f6k\u00e9letes azok sz\u00e1m\u00e1ra, akiknek fontos a min\u0151s\u00e9g, a t\u00e1panyag \u00e9s az \u00edz minden egyes falatban. <\/p>\n<p>A Pincha Selecci\u00f3n seg\u00edts\u00e9g\u00e9vel minden \u00e9tkez\u00e9s gourmet \u00e9lm\u00e9nny\u00e9 v\u00e1lik!<\/p>\n","protected":false},"excerpt":{"rendered":"<p>Tapasztalja meg a tenger legmagasabb min\u0151s\u00e9g\u00e9t \u00e9s \u00edz\u00e9t a Pincha Selecci\u00f3n Bonito fil\u00e9vel olajban. Ez a 400 grammos kiszerel\u00e9s\u0171 exkluz\u00edv term\u00e9k a tonhal finoms\u00e1g\u00e1t \u00f6tv\u00f6zi az ol\u00edva- \u00e9s napraforg\u00f3olaj t\u00f6k\u00e9letes kever\u00e9k\u00e9vel, egyed\u00fcl\u00e1ll\u00f3 kulin\u00e1ris \u00e9lm\u00e9nyt ny\u00fajtva. A term\u00e9k jellemz\u0151i: Pr\u00e9mium v\u00e1logat\u00e1s: Tonhalfil\u00e9inket a legjobb fog\u00e1sokb\u00f3l v\u00e1logatjuk ki, ami garant\u00e1lja a zsenge text\u00far\u00e1t \u00e9s a kiv\u00e1l\u00f3 \u00edzt. [&hellip;]<\/p>\n","protected":false},"featured_media":14851,"template":"","meta":{"_et_pb_use_builder":"","_et_pb_old_content":"","_et_gb_content_width":""},"product_brand":[1467],"product_cat":[1955,4220],"product_tag":[],"class_list":{"0":"post-39562","1":"product","2":"type-product","3":"status-publish","4":"has-post-thumbnail","6":"product_brand-pincha-seleccion","7":"product_cat-megorzi-a","8":"product_cat-tonhal-es-bonito","10":"first","11":"instock","12":"featured","13":"taxable","14":"shipping-taxable","15":"purchasable","16":"product-type-variable"},"_links":{"self":[{"href":"https:\/\/myspainfood.com\/hu\/wp-json\/wp\/v2\/product\/39562","targetHints":{"allow":["GET"]}}],"collection":[{"href":"https:\/\/myspainfood.com\/hu\/wp-json\/wp\/v2\/product"}],"about":[{"href":"https:\/\/myspainfood.com\/hu\/wp-json\/wp\/v2\/types\/product"}],"wp:featuredmedia":[{"embeddable":true,"href":"https:\/\/myspainfood.com\/hu\/wp-json\/wp\/v2\/media\/14851"}],"wp:attachment":[{"href":"https:\/\/myspainfood.com\/hu\/wp-json\/wp\/v2\/media?parent=39562"}],"wp:term":[{"taxonomy":"product_brand","embeddable":true,"href":"https:\/\/myspainfood.com\/hu\/wp-json\/wp\/v2\/product_brand?post=39562"},{"taxonomy":"product_cat","embeddable":true,"href":"https:\/\/myspainfood.com\/hu\/wp-json\/wp\/v2\/product_cat?post=39562"},{"taxonomy":"product_tag","embeddable":true,"href":"https:\/\/myspainfood.com\/hu\/wp-json\/wp\/v2\/product_tag?post=39562"}],"curies":[{"name":"wp","href":"https:\/\/api.w.org\/{rel}","templated":true}]}}