{"id":40326,"date":"2025-04-10T12:12:57","date_gmt":"2025-04-10T10:12:57","guid":{"rendered":"https:\/\/myspainfood.com\/producto\/a-inigo-szeletelt-sargarepa-400-g\/"},"modified":"2025-04-10T12:12:57","modified_gmt":"2025-04-10T10:12:57","slug":"a-inigo-szeletelt-sargarepa-400-g","status":"publish","type":"product","link":"https:\/\/myspainfood.com\/hu\/producto\/a-inigo-szeletelt-sargarepa-400-g\/","title":{"rendered":"A.I\u00f1igo Szeletelt s\u00e1rgar\u00e9pa 400 g"},"content":{"rendered":"<p>Az A.I\u00f1igo s\u00e1rgar\u00e9pa t\u00f6k\u00e9letes v\u00e1laszt\u00e1s azok sz\u00e1m\u00e1ra, akik min\u0151s\u00e9get \u00e9s \u00edzt keresnek az \u00e9tel\u00fckben. A gondosan termesztett \u00e9s gondosan v\u00e1logatott s\u00e1rgar\u00e9pa ropog\u00f3s text\u00far\u00e1t \u00e9s \u00e9des, term\u00e9szetes \u00edzt k\u00edn\u00e1l, amely minden \u00e9telt gazdag\u00edt. <\/p>\n<p>&nbsp;<\/p>\n<p><strong>Energia\u00e9rt\u00e9k:<\/strong> 71,4 kJ \/ 16,8kcal<\/p>\n<p><strong>Tel\u00edtett zs\u00edrok<\/strong>: 0 g<\/p>\n<p><strong>Sz\u00e9nhidr\u00e1tok<\/strong>: 4,2 g<\/p>\n<p><strong>Ebb\u0151l cukor:<\/strong> 2,3 g<\/p>\n<p><strong>\u00c9lelmi rost<\/strong>: 1,4 g<\/p>\n<p><strong>Feh\u00e9rje<\/strong>: 0g<\/p>\n<p><strong>S\u00f3<\/strong>: 0,65 g<\/p>\n","protected":false},"excerpt":{"rendered":"<p>Az A.I\u00f1igo s\u00e1rgar\u00e9pa t\u00f6k\u00e9letes v\u00e1laszt\u00e1s azok sz\u00e1m\u00e1ra, akik min\u0151s\u00e9get \u00e9s \u00edzt keresnek az \u00e9tel\u00fckben. A gondosan termesztett \u00e9s gondosan v\u00e1logatott s\u00e1rgar\u00e9pa ropog\u00f3s text\u00far\u00e1t \u00e9s \u00e9des, term\u00e9szetes \u00edzt k\u00edn\u00e1l, amely minden \u00e9telt gazdag\u00edt. &nbsp; Energia\u00e9rt\u00e9k: 71,4 kJ \/ 16,8kcal Tel\u00edtett zs\u00edrok: 0 g Sz\u00e9nhidr\u00e1tok: 4,2 g Ebb\u0151l cukor: 2,3 g \u00c9lelmi rost: 1,4 g Feh\u00e9rje: 0g [&hellip;]<\/p>\n","protected":false},"featured_media":14500,"template":"","meta":{"_et_pb_use_builder":"","_et_pb_old_content":"","_et_gb_content_width":""},"product_brand":[1461],"product_cat":[1955],"product_tag":[],"class_list":{"0":"post-40326","1":"product","2":"type-product","3":"status-publish","4":"has-post-thumbnail","6":"product_brand-a-inigo","7":"product_cat-megorzi-a","9":"first","10":"outofstock","11":"taxable","12":"shipping-taxable","13":"product-type-variable"},"_links":{"self":[{"href":"https:\/\/myspainfood.com\/hu\/wp-json\/wp\/v2\/product\/40326","targetHints":{"allow":["GET"]}}],"collection":[{"href":"https:\/\/myspainfood.com\/hu\/wp-json\/wp\/v2\/product"}],"about":[{"href":"https:\/\/myspainfood.com\/hu\/wp-json\/wp\/v2\/types\/product"}],"wp:featuredmedia":[{"embeddable":true,"href":"https:\/\/myspainfood.com\/hu\/wp-json\/wp\/v2\/media\/14500"}],"wp:attachment":[{"href":"https:\/\/myspainfood.com\/hu\/wp-json\/wp\/v2\/media?parent=40326"}],"wp:term":[{"taxonomy":"product_brand","embeddable":true,"href":"https:\/\/myspainfood.com\/hu\/wp-json\/wp\/v2\/product_brand?post=40326"},{"taxonomy":"product_cat","embeddable":true,"href":"https:\/\/myspainfood.com\/hu\/wp-json\/wp\/v2\/product_cat?post=40326"},{"taxonomy":"product_tag","embeddable":true,"href":"https:\/\/myspainfood.com\/hu\/wp-json\/wp\/v2\/product_tag?post=40326"}],"curies":[{"name":"wp","href":"https:\/\/api.w.org\/{rel}","templated":true}]}}