{"id":40505,"date":"2025-04-10T12:12:57","date_gmt":"2025-04-10T10:12:57","guid":{"rendered":"https:\/\/myspainfood.com\/producto\/la-vieja-fabrica-eperlekvar-diet-280-g\/"},"modified":"2025-04-10T12:12:57","modified_gmt":"2025-04-10T10:12:57","slug":"la-vieja-fabrica-eperlekvar-diet-280-g","status":"publish","type":"product","link":"https:\/\/myspainfood.com\/hu\/producto\/la-vieja-fabrica-eperlekvar-diet-280-g\/","title":{"rendered":"La Vieja F\u00e1brica Eperlekv\u00e1r DIET 280 g"},"content":{"rendered":"<p>A La Vieja F\u00e1brica di\u00e9t\u00e1s eperlekv\u00e1r finom \u00e9s eg\u00e9szs\u00e9ges v\u00e1laszt\u00e1s azok sz\u00e1m\u00e1ra, akik finom\u00edtott cukrok hozz\u00e1ad\u00e1sa n\u00e9lk\u00fcl szeretn\u00e9k \u00e9lvezni az eper autentikus \u00edz\u00e9t. Ez a di\u00e9t\u00e1s lekv\u00e1r term\u00e9szetes \u00f6sszetev\u0151kb\u0151l \u00e9s alacsony kal\u00f3riatartalm\u00fa \u00e9des\u00edt\u0151szerekb\u0151l k\u00e9sz\u00fcl, \u00edgy t\u00f6k\u00e9letes alternat\u00edv\u00e1t k\u00edn\u00e1l azoknak, akik figyelnek a kal\u00f3ria- \u00e9s glik\u00e9miabevitel\u00fckre. <\/p>\n<p><span class=\"info-key \"><strong>Az \u00e9lelmiszer neve<\/strong>:<\/span> di\u00e9t\u00e1s eperlekv\u00e1r<\/p>\n<p><span class=\"info-key \"><strong>Az \u00fczemeltet\u0151 neve<\/strong>:<\/span> \u00c1ngel Camacho Alimentaci\u00f3n, S.L.<\/p>\n<p><span class=\"info-key \"><strong>Az \u00fczemeltet\u0151 c\u00edme<\/strong>:<\/span> Avda. del Pilar, 6 - 41530 Mor\u00f3n de la Frontera (Sevilla).<\/p>\n<p><strong><span class=\"info-key \">Az \u00e9lelmiszer sz\u00e1rmaz\u00e1si helye:<\/span><\/strong> Spanyolorsz\u00e1gb\u00f3l sz\u00e1rmaz\u00f3 term\u00e9k<\/p>\n<p><strong><span class=\"info-key \">Nett\u00f3 mennyis\u00e9g:<\/span><\/strong> 280 g<\/p>\n<p><strong><span class=\"info-key \">Egy\u00e9b k\u00f6telez\u0151 c\u00edmk\u00e9z\u00e9si inform\u00e1ci\u00f3k:<\/span><\/strong> Cukorbetegek sz\u00e1m\u00e1ra alkalmas. 100 grammonk\u00e9nt 55 g eper felhaszn\u00e1l\u00e1s\u00e1val k\u00e9sz\u00fclt. <\/p>\n<p><strong>Teljes cukortartalom<\/strong> 42 g\/100 g.<\/p>\n","protected":false},"excerpt":{"rendered":"<p>A La Vieja F\u00e1brica di\u00e9t\u00e1s eperlekv\u00e1r finom \u00e9s eg\u00e9szs\u00e9ges v\u00e1laszt\u00e1s azok sz\u00e1m\u00e1ra, akik finom\u00edtott cukrok hozz\u00e1ad\u00e1sa n\u00e9lk\u00fcl szeretn\u00e9k \u00e9lvezni az eper autentikus \u00edz\u00e9t. Ez a di\u00e9t\u00e1s lekv\u00e1r term\u00e9szetes \u00f6sszetev\u0151kb\u0151l \u00e9s alacsony kal\u00f3riatartalm\u00fa \u00e9des\u00edt\u0151szerekb\u0151l k\u00e9sz\u00fcl, \u00edgy t\u00f6k\u00e9letes alternat\u00edv\u00e1t k\u00edn\u00e1l azoknak, akik figyelnek a kal\u00f3ria- \u00e9s glik\u00e9miabevitel\u00fckre. Az \u00e9lelmiszer neve: di\u00e9t\u00e1s eperlekv\u00e1r Az \u00fczemeltet\u0151 neve: \u00c1ngel Camacho [&hellip;]<\/p>\n","protected":false},"featured_media":14392,"template":"","meta":{"_et_pb_use_builder":"","_et_pb_old_content":"","_et_gb_content_width":""},"product_brand":[1460],"product_cat":[1955],"product_tag":[],"class_list":{"0":"post-40505","1":"product","2":"type-product","3":"status-publish","4":"has-post-thumbnail","6":"product_brand-la-vieja-fabrica","7":"product_cat-megorzi-a","9":"first","10":"outofstock","11":"taxable","12":"shipping-taxable","13":"product-type-variable"},"_links":{"self":[{"href":"https:\/\/myspainfood.com\/hu\/wp-json\/wp\/v2\/product\/40505","targetHints":{"allow":["GET"]}}],"collection":[{"href":"https:\/\/myspainfood.com\/hu\/wp-json\/wp\/v2\/product"}],"about":[{"href":"https:\/\/myspainfood.com\/hu\/wp-json\/wp\/v2\/types\/product"}],"wp:featuredmedia":[{"embeddable":true,"href":"https:\/\/myspainfood.com\/hu\/wp-json\/wp\/v2\/media\/14392"}],"wp:attachment":[{"href":"https:\/\/myspainfood.com\/hu\/wp-json\/wp\/v2\/media?parent=40505"}],"wp:term":[{"taxonomy":"product_brand","embeddable":true,"href":"https:\/\/myspainfood.com\/hu\/wp-json\/wp\/v2\/product_brand?post=40505"},{"taxonomy":"product_cat","embeddable":true,"href":"https:\/\/myspainfood.com\/hu\/wp-json\/wp\/v2\/product_cat?post=40505"},{"taxonomy":"product_tag","embeddable":true,"href":"https:\/\/myspainfood.com\/hu\/wp-json\/wp\/v2\/product_tag?post=40505"}],"curies":[{"name":"wp","href":"https:\/\/api.w.org\/{rel}","templated":true}]}}