{"id":40550,"date":"2025-04-10T12:12:57","date_gmt":"2025-04-10T10:12:57","guid":{"rendered":"https:\/\/myspainfood.com\/producto\/la-vieja-fabrica-erdei-gyumolcslekvar-280-g\/"},"modified":"2025-04-10T12:12:57","modified_gmt":"2025-04-10T10:12:57","slug":"la-vieja-fabrica-erdei-gyumolcslekvar-280-g","status":"publish","type":"product","link":"https:\/\/myspainfood.com\/hu\/producto\/la-vieja-fabrica-erdei-gyumolcslekvar-280-g\/","title":{"rendered":"La Vieja F\u00e1brica Erdei gy\u00fcm\u00f6lcslekv\u00e1r 280 g"},"content":{"rendered":"<p>A La Vieja F\u00e1brica erdei gy\u00fcm\u00f6lcslekv\u00e1rja az erd\u0151 legjobb gy\u00fcm\u00f6lcseib\u0151l k\u00e9sz\u00fclt, gondosan v\u00e1logatott, egyedi \u00e9s \u00edzletes \u00edzvil\u00e1g\u00fa gy\u00fcm\u00f6lcs\u00f6k kiv\u00e1l\u00f3 kombin\u00e1ci\u00f3ja. Ez a term\u00e9k kiemelkedik k\u00e9zm\u0171ves el\u0151\u00e1ll\u00edt\u00e1s\u00e1val \u00e9s a min\u0151s\u00e9g ir\u00e1nti elk\u00f6telezetts\u00e9g\u00e9vel, \u00e9s olyan gasztron\u00f3miai \u00e9lm\u00e9nyt ny\u00fajt, amely minden egyes kan\u00e1lban a term\u00e9szet esszenci\u00e1j\u00e1t id\u00e9zi fel. <\/p>\n<p><span class=\"info-key \"><strong>Az \u00e9lelmiszer neve<\/strong>:<\/span> erdei gy\u00fcm\u00f6lcslekv\u00e1r<\/p>\n<p><span class=\"info-key \"><strong>Az \u00fczemeltet\u0151 neve<\/strong>:<\/span> \u00c1ngel Camacho Alimentaci\u00f3n, S.L.<\/p>\n<p><strong><span class=\"info-key \">Az \u00fczemeltet\u0151 c\u00edme:<\/span><\/strong> del Pilar, 6 - 41530 Mor\u00f3n de la Frontera (Sevilla).<\/p>\n<p><span class=\"info-key \"><strong>Az \u00e9lelmiszer sz\u00e1rmaz\u00e1si helye<\/strong>:<\/span> spanyolorsz\u00e1gi term\u00e9k.<\/p>\n<p><span class=\"info-key \"><strong>Nett\u00f3 mennyis\u00e9g<\/strong>:<\/span> 350 g<\/p>\n<p><span class=\"info-key \"><strong>Egy\u00e9b k\u00f6telez\u0151 c\u00edmk\u00e9z\u00e9si inform\u00e1ci\u00f3k<\/strong>:<\/span> 100 grammonk\u00e9nt 45 g bogy\u00f3s gy\u00fcm\u00f6lcsb\u0151l k\u00e9sz\u00fclt.<\/p>\n<p> <strong> Teljes cukortartalom<\/strong> 50 g\/100 g.<\/p>\n","protected":false},"excerpt":{"rendered":"<p>A La Vieja F\u00e1brica erdei gy\u00fcm\u00f6lcslekv\u00e1rja az erd\u0151 legjobb gy\u00fcm\u00f6lcseib\u0151l k\u00e9sz\u00fclt, gondosan v\u00e1logatott, egyedi \u00e9s \u00edzletes \u00edzvil\u00e1g\u00fa gy\u00fcm\u00f6lcs\u00f6k kiv\u00e1l\u00f3 kombin\u00e1ci\u00f3ja. Ez a term\u00e9k kiemelkedik k\u00e9zm\u0171ves el\u0151\u00e1ll\u00edt\u00e1s\u00e1val \u00e9s a min\u0151s\u00e9g ir\u00e1nti elk\u00f6telezetts\u00e9g\u00e9vel, \u00e9s olyan gasztron\u00f3miai \u00e9lm\u00e9nyt ny\u00fajt, amely minden egyes kan\u00e1lban a term\u00e9szet esszenci\u00e1j\u00e1t id\u00e9zi fel. Az \u00e9lelmiszer neve: erdei gy\u00fcm\u00f6lcslekv\u00e1r Az \u00fczemeltet\u0151 neve: \u00c1ngel Camacho [&hellip;]<\/p>\n","protected":false},"featured_media":14365,"template":"","meta":{"_et_pb_use_builder":"","_et_pb_old_content":"","_et_gb_content_width":""},"product_brand":[1460],"product_cat":[1955],"product_tag":[],"class_list":{"0":"post-40550","1":"product","2":"type-product","3":"status-publish","4":"has-post-thumbnail","6":"product_brand-la-vieja-fabrica","7":"product_cat-megorzi-a","9":"first","10":"outofstock","11":"taxable","12":"shipping-taxable","13":"product-type-variable"},"_links":{"self":[{"href":"https:\/\/myspainfood.com\/hu\/wp-json\/wp\/v2\/product\/40550","targetHints":{"allow":["GET"]}}],"collection":[{"href":"https:\/\/myspainfood.com\/hu\/wp-json\/wp\/v2\/product"}],"about":[{"href":"https:\/\/myspainfood.com\/hu\/wp-json\/wp\/v2\/types\/product"}],"wp:featuredmedia":[{"embeddable":true,"href":"https:\/\/myspainfood.com\/hu\/wp-json\/wp\/v2\/media\/14365"}],"wp:attachment":[{"href":"https:\/\/myspainfood.com\/hu\/wp-json\/wp\/v2\/media?parent=40550"}],"wp:term":[{"taxonomy":"product_brand","embeddable":true,"href":"https:\/\/myspainfood.com\/hu\/wp-json\/wp\/v2\/product_brand?post=40550"},{"taxonomy":"product_cat","embeddable":true,"href":"https:\/\/myspainfood.com\/hu\/wp-json\/wp\/v2\/product_cat?post=40550"},{"taxonomy":"product_tag","embeddable":true,"href":"https:\/\/myspainfood.com\/hu\/wp-json\/wp\/v2\/product_tag?post=40550"}],"curies":[{"name":"wp","href":"https:\/\/api.w.org\/{rel}","templated":true}]}}