{"id":40721,"date":"2025-04-10T12:13:20","date_gmt":"2025-04-10T10:13:20","guid":{"rendered":"https:\/\/myspainfood.com\/producto\/bor-mataromera-ribera-del-duero-crianza-2019-eredetmegjeloles-75-cl\/"},"modified":"2026-01-29T12:53:34","modified_gmt":"2026-01-29T11:53:34","slug":"bor-mataromera-ribera-del-duero-crianza-2019-eredetmegjeloles-75-cl","status":"publish","type":"product","link":"https:\/\/myspainfood.com\/hu\/producto\/bor-mataromera-ribera-del-duero-crianza-2019-eredetmegjeloles-75-cl\/","title":{"rendered":"Bor Mataromera Ribera del Duero Crianza 2019 eredetmegjel\u00f6l\u00e9s 75 cl"},"content":{"rendered":"<p>A Mataromera a Ribera del Duero tartom\u00e1nyban m\u0171k\u00f6d\u0151 neves bor\u00e1szat, amely a kiv\u00e1l\u00f3s\u00e1g ir\u00e1nti elk\u00f6telezetts\u00e9g\u00e9r\u0151l, valamint a hagyom\u00e1nyokat \u00e9s az innov\u00e1ci\u00f3t egyar\u00e1nt tiszteletben tart\u00f3 sz\u0151l\u0151termeszt\u00e9si \u00e9s bork\u00e9sz\u00edt\u00e9si technik\u00e1k alkalmaz\u00e1s\u00e1r\u00f3l ismert. Ez a bor t\u00fckr\u00f6zi a Duero v\u00f6lgy lejt\u0151in fekv\u0151 sz\u0151l\u0151\u00fcltetv\u00e9nyek egyedi jelleg\u00e9t, ahol a sz\u00e9ls\u0151s\u00e9gesen kontinent\u00e1lis \u00e9ghajlat \u00e9s az agyagos-m\u00e9szk\u00f6ves talaj ide\u00e1lis felt\u00e9teleket biztos\u00edt a Tempranillo termeszt\u00e9s\u00e9hez. <\/p>\n<p>&nbsp;<\/p>\n<p>Ez a bor a Ribera del Duero autentikus kifejez\u0151d\u00e9se, amely gazdag \u00e9s eml\u00e9kezetes \u00e9rz\u00e9kszervi \u00e9lm\u00e9nyt ny\u00fajt. T\u00f6k\u00e9letes k\u00fcl\u00f6nleges \u00fcnneps\u00e9gekhez vagy egy kifinomult vacsorapartin val\u00f3 fogyaszt\u00e1shoz. <\/p>\n<p>&nbsp;<\/p>\n<p>K\u00f6r\u00fclbel\u00fcl 14 h\u00f3napig \u00e9rlel\u0151d\u00f6tt francia \u00e9s amerikai t\u00f6lgyfahord\u00f3kban, majd ezt k\u00f6vette egy tov\u00e1bbi palackos \u00e9rlel\u00e9si id\u0151szak.<\/p>\n","protected":false},"excerpt":{"rendered":"<p>A Mataromera a Ribera del Duero tartom\u00e1nyban m\u0171k\u00f6d\u0151 neves bor\u00e1szat, amely a kiv\u00e1l\u00f3s\u00e1g ir\u00e1nti elk\u00f6telezetts\u00e9g\u00e9r\u0151l, valamint a hagyom\u00e1nyokat \u00e9s az innov\u00e1ci\u00f3t egyar\u00e1nt tiszteletben tart\u00f3 sz\u0151l\u0151termeszt\u00e9si \u00e9s bork\u00e9sz\u00edt\u00e9si technik\u00e1k alkalmaz\u00e1s\u00e1r\u00f3l ismert. Ez a bor t\u00fckr\u00f6zi a Duero v\u00f6lgy lejt\u0151in fekv\u0151 sz\u0151l\u0151\u00fcltetv\u00e9nyek egyedi jelleg\u00e9t, ahol a sz\u00e9ls\u0151s\u00e9gesen kontinent\u00e1lis \u00e9ghajlat \u00e9s az agyagos-m\u00e9szk\u00f6ves talaj ide\u00e1lis felt\u00e9teleket biztos\u00edt a [&hellip;]<\/p>\n","protected":false},"featured_media":14563,"template":"","meta":{"_et_pb_use_builder":"","_et_pb_old_content":"","_et_gb_content_width":""},"product_brand":[1462],"product_cat":[6266,4875],"product_tag":[],"class_list":{"0":"post-40721","1":"product","2":"type-product","3":"status-publish","4":"has-post-thumbnail","6":"product_brand-matarromera","7":"product_cat-bor-hu-2","8":"product_cat-italok","10":"first","11":"outofstock","12":"taxable","13":"shipping-taxable","14":"product-type-variable"},"_links":{"self":[{"href":"https:\/\/myspainfood.com\/hu\/wp-json\/wp\/v2\/product\/40721","targetHints":{"allow":["GET"]}}],"collection":[{"href":"https:\/\/myspainfood.com\/hu\/wp-json\/wp\/v2\/product"}],"about":[{"href":"https:\/\/myspainfood.com\/hu\/wp-json\/wp\/v2\/types\/product"}],"wp:featuredmedia":[{"embeddable":true,"href":"https:\/\/myspainfood.com\/hu\/wp-json\/wp\/v2\/media\/14563"}],"wp:attachment":[{"href":"https:\/\/myspainfood.com\/hu\/wp-json\/wp\/v2\/media?parent=40721"}],"wp:term":[{"taxonomy":"product_brand","embeddable":true,"href":"https:\/\/myspainfood.com\/hu\/wp-json\/wp\/v2\/product_brand?post=40721"},{"taxonomy":"product_cat","embeddable":true,"href":"https:\/\/myspainfood.com\/hu\/wp-json\/wp\/v2\/product_cat?post=40721"},{"taxonomy":"product_tag","embeddable":true,"href":"https:\/\/myspainfood.com\/hu\/wp-json\/wp\/v2\/product_tag?post=40721"}],"curies":[{"name":"wp","href":"https:\/\/api.w.org\/{rel}","templated":true}]}}