{"id":40757,"date":"2025-04-10T12:13:45","date_gmt":"2025-04-10T10:13:45","guid":{"rendered":"https:\/\/myspainfood.com\/producto\/sierra-zarza-gourmet-kecskesajt-750-gramm\/"},"modified":"2025-10-27T19:41:46","modified_gmt":"2025-10-27T18:41:46","slug":"sierra-zarza-gourmet-kecskesajt-750-gramm","status":"publish","type":"product","link":"https:\/\/myspainfood.com\/hu\/producto\/sierra-zarza-gourmet-kecskesajt-750-gramm\/","title":{"rendered":"Sierra Zarza Gourmet kecskesajt 750 gramm"},"content":{"rendered":"<p>Fedezze fel a vid\u00e9k autentikus esszenci\u00e1j\u00e1t a kiv\u00e1l\u00f3 Sierra Zarza kecskesajtunkkal, amely a legtiszt\u00e1bb kecsketej hagyom\u00e1nyait \u00e9s min\u0151s\u00e9g\u00e9t megtestes\u00edt\u0151 k\u00e9zm\u0171ves finoms\u00e1g. A Sierra Zarza lejt\u0151in szabadon legel\u00e9sz\u0151, v\u00e1logatott csord\u00e1kb\u00f3l sz\u00e1rmaz\u00f3 sajt p\u00e1ratlan gasztron\u00f3miai \u00e9lm\u00e9nyt ny\u00fajt. <\/p>\n<p>A Sierra Zarza kecskesajt eleg\u00e1ns kiszerel\u00e9sben ker\u00fcl forgalomba, ide\u00e1lis k\u00fcl\u00f6nleges alkalmakra \u00e9s mindennapi haszn\u00e1latra egyar\u00e1nt. T\u00f6k\u00e9letesen illik feh\u00e9r \u00e9s roz\u00e9 borokhoz, de sal\u00e1t\u00e1k, tapasok \u00e9s \u00ednyenc desszertek kiv\u00e1l\u00f3 kieg\u00e9sz\u00edt\u0151je is. A konyh\u00e1ban val\u00f3 sokoldal\u00fas\u00e1ga miatt a j\u00f3 \u00e9telek szerelmeseinek n\u00e9lk\u00fcl\u00f6zhetetlen alapanyaga.  <\/p>\n<p>Fedezze fel a vid\u00e9k autentikus esszenci\u00e1j\u00e1t a kiv\u00e1l\u00f3 Sierra Zarza kecskesajtunkkal, amely a legtiszt\u00e1bb kecsketej hagyom\u00e1nyait \u00e9s min\u0151s\u00e9g\u00e9t megtestes\u00edt\u0151 k\u00e9zm\u0171ves finoms\u00e1g. A Sierra Zarza lejt\u0151in szabadon legel\u00e9sz\u0151, v\u00e1logatott csord\u00e1kb\u00f3l sz\u00e1rmaz\u00f3 sajt p\u00e1ratlan gasztron\u00f3miai \u00e9lm\u00e9nyt ny\u00fajt. <\/p>\n<p>&nbsp;<\/p>\n<p>A Sierra Zarza kecskesajt eleg\u00e1ns kiszerel\u00e9sben ker\u00fcl forgalomba, ide\u00e1lis k\u00fcl\u00f6nleges alkalmakra \u00e9s mindennapi haszn\u00e1latra egyar\u00e1nt. T\u00f6k\u00e9letesen illik feh\u00e9r \u00e9s roz\u00e9 borokhoz, de sal\u00e1t\u00e1k, tapasok \u00e9s \u00ednyenc desszertek kiv\u00e1l\u00f3 kieg\u00e9sz\u00edt\u0151je is. A konyh\u00e1ban val\u00f3 sokoldal\u00fas\u00e1ga miatt a j\u00f3 \u00e9telek szerelmeseinek n\u00e9lk\u00fcl\u00f6zhetetlen alapanyaga.  <\/p>\n","protected":false},"excerpt":{"rendered":"<p>Fedezze fel a vid\u00e9k autentikus esszenci\u00e1j\u00e1t a kiv\u00e1l\u00f3 Sierra Zarza kecskesajtunkkal, amely a legtiszt\u00e1bb kecsketej hagyom\u00e1nyait \u00e9s min\u0151s\u00e9g\u00e9t megtestes\u00edt\u0151 k\u00e9zm\u0171ves finoms\u00e1g. A Sierra Zarza lejt\u0151in szabadon legel\u00e9sz\u0151, v\u00e1logatott csord\u00e1kb\u00f3l sz\u00e1rmaz\u00f3 sajt p\u00e1ratlan gasztron\u00f3miai \u00e9lm\u00e9nyt ny\u00fajt. A Sierra Zarza kecskesajt eleg\u00e1ns kiszerel\u00e9sben ker\u00fcl forgalomba, ide\u00e1lis k\u00fcl\u00f6nleges alkalmakra \u00e9s mindennapi haszn\u00e1latra egyar\u00e1nt. T\u00f6k\u00e9letesen illik feh\u00e9r \u00e9s roz\u00e9 [&hellip;]<\/p>\n","protected":false},"featured_media":14671,"template":"","meta":{"_et_pb_use_builder":"","_et_pb_old_content":"","_et_gb_content_width":""},"product_brand":[1465],"product_cat":[2740,2278],"product_tag":[],"class_list":{"0":"post-40757","1":"product","2":"type-product","3":"status-publish","4":"has-post-thumbnail","6":"product_brand-sierra-zarza","7":"product_cat-gyogyitas","8":"product_cat-sajt-es-kolbasz","10":"first","11":"outofstock","12":"taxable","13":"shipping-taxable","14":"product-type-variable"},"_links":{"self":[{"href":"https:\/\/myspainfood.com\/hu\/wp-json\/wp\/v2\/product\/40757","targetHints":{"allow":["GET"]}}],"collection":[{"href":"https:\/\/myspainfood.com\/hu\/wp-json\/wp\/v2\/product"}],"about":[{"href":"https:\/\/myspainfood.com\/hu\/wp-json\/wp\/v2\/types\/product"}],"wp:featuredmedia":[{"embeddable":true,"href":"https:\/\/myspainfood.com\/hu\/wp-json\/wp\/v2\/media\/14671"}],"wp:attachment":[{"href":"https:\/\/myspainfood.com\/hu\/wp-json\/wp\/v2\/media?parent=40757"}],"wp:term":[{"taxonomy":"product_brand","embeddable":true,"href":"https:\/\/myspainfood.com\/hu\/wp-json\/wp\/v2\/product_brand?post=40757"},{"taxonomy":"product_cat","embeddable":true,"href":"https:\/\/myspainfood.com\/hu\/wp-json\/wp\/v2\/product_cat?post=40757"},{"taxonomy":"product_tag","embeddable":true,"href":"https:\/\/myspainfood.com\/hu\/wp-json\/wp\/v2\/product_tag?post=40757"}],"curies":[{"name":"wp","href":"https:\/\/api.w.org\/{rel}","templated":true}]}}