{"id":40835,"date":"2025-04-10T12:13:45","date_gmt":"2025-04-10T10:13:45","guid":{"rendered":"https:\/\/myspainfood.com\/producto\/ramon-bilbao-rioja-crianza-2020-eredetmegjeloles-75-cl\/"},"modified":"2026-01-29T12:11:48","modified_gmt":"2026-01-29T11:11:48","slug":"ramon-bilbao-rioja-crianza-2020-eredetmegjeloles-75-cl","status":"publish","type":"product","link":"https:\/\/myspainfood.com\/hu\/producto\/ramon-bilbao-rioja-crianza-2020-eredetmegjeloles-75-cl\/","title":{"rendered":"Ramon Bilbao Rioja Crianza 2020 eredetmegjel\u00f6l\u00e9s 75 cl"},"content":{"rendered":"<p>Fedezze fel a Rioja kiv\u00e1l\u00f3s\u00e1g\u00e1t a Ram\u00f3n Bilbao Crianza 2020 v\u00f6r\u00f6sborral, amely Spanyolorsz\u00e1g egyik legnevesebb bor\u00e1szat\u00e1nak hagyom\u00e1nyait \u00e9s innovat\u00edv szellem\u00e9t t\u00fckr\u00f6zi. Ez a bor, amelyet apr\u00f3l\u00e9kos odafigyel\u00e9ssel k\u00e9sz\u00edtettek, a Rioja r\u00e9gi\u00f3 min\u0151s\u00e9g\u00e9nek \u00e9s karakter\u00e9nek hiteles k\u00e9pvisel\u0151je. <\/p>\n<p>&nbsp;<\/p>\n<p>Az 1924-ben alap\u00edtott Ram\u00f3n Bilbao pinc\u00e9szet a Rioja bor\u00e1szati hagyom\u00e1nyait innovat\u00edv elk\u00e9pzel\u00e9sekkel \u00f6tv\u00f6zi, \u00e9s olyan borokat k\u00e9sz\u00edt, amelyek egyszerre tisztelegnek a r\u00e9gi\u00f3 \u00f6r\u00f6ks\u00e9ge el\u0151tt \u00e9s a modernit\u00e1s kifejez\u0151d\u00e9sei. A Ram\u00f3n Bilbao Crianza 2020 egy olyan bor, amely megh\u00edvja \u00d6nt Rioja gazdags\u00e1g\u00e1nak \u00e9s soksz\u00edn\u0171s\u00e9g\u00e9nek felfedez\u00e9s\u00e9re, \u00e9s ide\u00e1lis b\u00e1rmilyen alkalomra, a hivatalos vacsor\u00e1kt\u00f3l a k\u00f6tetlen \u00f6sszej\u00f6vetelekig. <\/p>\n","protected":false},"excerpt":{"rendered":"<p>Fedezze fel a Rioja kiv\u00e1l\u00f3s\u00e1g\u00e1t a Ram\u00f3n Bilbao Crianza 2020 v\u00f6r\u00f6sborral, amely Spanyolorsz\u00e1g egyik legnevesebb bor\u00e1szat\u00e1nak hagyom\u00e1nyait \u00e9s innovat\u00edv szellem\u00e9t t\u00fckr\u00f6zi. Ez a bor, amelyet apr\u00f3l\u00e9kos odafigyel\u00e9ssel k\u00e9sz\u00edtettek, a Rioja r\u00e9gi\u00f3 min\u0151s\u00e9g\u00e9nek \u00e9s karakter\u00e9nek hiteles k\u00e9pvisel\u0151je. &nbsp; Az 1924-ben alap\u00edtott Ram\u00f3n Bilbao pinc\u00e9szet a Rioja bor\u00e1szati hagyom\u00e1nyait innovat\u00edv elk\u00e9pzel\u00e9sekkel \u00f6tv\u00f6zi, \u00e9s olyan borokat k\u00e9sz\u00edt, amelyek [&hellip;]<\/p>\n","protected":false},"featured_media":14617,"template":"","meta":{"_et_pb_use_builder":"","_et_pb_old_content":"","_et_gb_content_width":""},"product_brand":[1463],"product_cat":[6266,4875],"product_tag":[],"class_list":{"0":"post-40835","1":"product","2":"type-product","3":"status-publish","4":"has-post-thumbnail","6":"product_brand-ramon-bilbao","7":"product_cat-bor-hu-2","8":"product_cat-italok","10":"first","11":"outofstock","12":"taxable","13":"shipping-taxable","14":"product-type-variable"},"_links":{"self":[{"href":"https:\/\/myspainfood.com\/hu\/wp-json\/wp\/v2\/product\/40835","targetHints":{"allow":["GET"]}}],"collection":[{"href":"https:\/\/myspainfood.com\/hu\/wp-json\/wp\/v2\/product"}],"about":[{"href":"https:\/\/myspainfood.com\/hu\/wp-json\/wp\/v2\/types\/product"}],"wp:featuredmedia":[{"embeddable":true,"href":"https:\/\/myspainfood.com\/hu\/wp-json\/wp\/v2\/media\/14617"}],"wp:attachment":[{"href":"https:\/\/myspainfood.com\/hu\/wp-json\/wp\/v2\/media?parent=40835"}],"wp:term":[{"taxonomy":"product_brand","embeddable":true,"href":"https:\/\/myspainfood.com\/hu\/wp-json\/wp\/v2\/product_brand?post=40835"},{"taxonomy":"product_cat","embeddable":true,"href":"https:\/\/myspainfood.com\/hu\/wp-json\/wp\/v2\/product_cat?post=40835"},{"taxonomy":"product_tag","embeddable":true,"href":"https:\/\/myspainfood.com\/hu\/wp-json\/wp\/v2\/product_tag?post=40835"}],"curies":[{"name":"wp","href":"https:\/\/api.w.org\/{rel}","templated":true}]}}