{"id":40878,"date":"2025-04-10T12:14:06","date_gmt":"2025-04-10T10:14:06","guid":{"rendered":"https:\/\/myspainfood.com\/producto\/a-inigo-garbanzos-de-primera-3-kg\/"},"modified":"2025-04-10T12:14:06","modified_gmt":"2025-04-10T10:14:06","slug":"a-inigo-garbanzos-de-primera-3-kg","status":"publish","type":"product","link":"https:\/\/myspainfood.com\/hu\/producto\/a-inigo-garbanzos-de-primera-3-kg\/","title":{"rendered":"A. I\u00f1igo Garbanzos de Primera 3 kg"},"content":{"rendered":"<p>Fedezze fel a <strong>Primera A. I\u00f1igo csicseribors\u00f3j\u00e1t. I\u00f1igo<\/strong>, apr\u00f3l\u00e9kosan v\u00e1logatva, hogy a legjobb min\u0151s\u00e9get \u00e9s \u00edzt k\u00edn\u00e1lja \u00d6nnek minden egyes babszemben. Ez a pr\u00e9mium csicseribors\u00f3 t\u00f6k\u00e9letes hozz\u00e1val\u00f3 az \u00e9telek feldob\u00e1s\u00e1hoz, sima \u00e9s kr\u00e9mes text\u00far\u00e1t biztos\u00edt, amely sokf\u00e9le recepthez alkalmazkodik. <\/p>\n<p><strong>El\u0151ny\u00f6k:<\/strong><\/p>\n<ul>\n<li><strong>T\u00e1pl\u00e1l\u00f3:<\/strong> magas rost- \u00e9s feh\u00e9rjetartalm\u00fa, az eg\u00e9szs\u00e9ges \u00e9s kiegyens\u00falyozott \u00e9trendhez elengedhetetlen.<\/li>\n<li><strong>Energetikus:<\/strong> Energi\u00e1t \u00e9s j\u00f3llakotts\u00e1got biztos\u00edtanak, \u00e9s ide\u00e1lisak a nap b\u00e1rmelyik \u00e9tkez\u00e9s\u00e9hez.<\/li>\n<li><strong>Eg\u00e9szs\u00e9ges<\/strong>: Adal\u00e9kanyagok \u00e9s tart\u00f3s\u00edt\u00f3szerek n\u00e9lk\u00fcl term\u00e9szetes \u00e9s eg\u00e9szs\u00e9ges v\u00e1laszt\u00e1s az eg\u00e9sz csal\u00e1d sz\u00e1m\u00e1ra.<\/li>\n<li><strong>Sokoldal\u00fas\u00e1g a konyh\u00e1ban<\/strong>: A hagyom\u00e1nyos \u00e9s modern receptek sz\u00e9les sk\u00e1l\u00e1j\u00e1hoz alkalmazkodnak, \u00edgy \u00edzletes \u00e9s t\u00e1pl\u00e1l\u00f3 \u00e9teleket k\u00e9sz\u00edthet.<\/li>\n<\/ul>\n<p><strong>Felhaszn\u00e1l\u00e1si javaslatok:<\/strong><\/p>\n<ul>\n<li><strong>Sal\u00e1t\u00e1k:<\/strong> Adja \u0151ket sal\u00e1t\u00e1ihoz, hogy egy kis text\u00far\u00e1t \u00e9s t\u00e1panyagot adjon nekik.<\/li>\n<li><strong>P\u00f6rk\u00f6ltek \u00e9s levesek:<\/strong> T\u00f6k\u00e9letes h\u00fas-, baromfi- vagy z\u00f6lds\u00e9gp\u00f6rk\u00f6ltek, valamint vigasztal\u00f3 levesek \u00edzes\u00edt\u00e9s\u00e9re.<\/li>\n<li><strong>Hummusz:<\/strong> H\u00e1zi humusz k\u00e9sz\u00edt\u00e9s\u00e9hez haszn\u00e1ld \u0151ket, tahini, citrom, fokhagyma \u00e9s ol\u00edvaolaj hozz\u00e1ad\u00e1s\u00e1val.<\/li>\n<li><strong>Hagyom\u00e1nyos \u00e9telek:<\/strong> Ide\u00e1lis p\u00f6rk\u00f6ltekhez, ragukhoz \u00e9s m\u00e1s hagyom\u00e1nyos spanyol receptekhez.<\/li>\n<\/ul>\n<p><strong>Meg\u0151rz\u00e9s:<\/strong><\/p>\n<ul>\n<li>H\u0171v\u00f6s, sz\u00e1raz helyen t\u00e1rolja.<\/li>\n<li>A frissess\u00e9g meg\u0151rz\u00e9se \u00e9rdek\u00e9ben tartsa szorosan z\u00e1rva a tart\u00e1lyt.<\/li>\n<\/ul>\n","protected":false},"excerpt":{"rendered":"<p>Fedezze fel a Primera A. I\u00f1igo csicseribors\u00f3j\u00e1t. I\u00f1igo, apr\u00f3l\u00e9kosan v\u00e1logatva, hogy a legjobb min\u0151s\u00e9get \u00e9s \u00edzt k\u00edn\u00e1lja \u00d6nnek minden egyes babszemben. Ez a pr\u00e9mium csicseribors\u00f3 t\u00f6k\u00e9letes hozz\u00e1val\u00f3 az \u00e9telek feldob\u00e1s\u00e1hoz, sima \u00e9s kr\u00e9mes text\u00far\u00e1t biztos\u00edt, amely sokf\u00e9le recepthez alkalmazkodik. El\u0151ny\u00f6k: T\u00e1pl\u00e1l\u00f3: magas rost- \u00e9s feh\u00e9rjetartalm\u00fa, az eg\u00e9szs\u00e9ges \u00e9s kiegyens\u00falyozott \u00e9trendhez elengedhetetlen. Energetikus: Energi\u00e1t \u00e9s j\u00f3llakotts\u00e1got [&hellip;]<\/p>\n","protected":false},"featured_media":14806,"template":"","meta":{"_et_pb_use_builder":"","_et_pb_old_content":"","_et_gb_content_width":""},"product_brand":[1461],"product_cat":[8047],"product_tag":[],"class_list":{"0":"post-40878","1":"product","2":"type-product","3":"status-publish","4":"has-post-thumbnail","6":"product_brand-a-inigo","7":"product_cat-vizsgalati-kategoria","9":"first","10":"outofstock","11":"taxable","12":"shipping-taxable","13":"product-type-variable"},"_links":{"self":[{"href":"https:\/\/myspainfood.com\/hu\/wp-json\/wp\/v2\/product\/40878","targetHints":{"allow":["GET"]}}],"collection":[{"href":"https:\/\/myspainfood.com\/hu\/wp-json\/wp\/v2\/product"}],"about":[{"href":"https:\/\/myspainfood.com\/hu\/wp-json\/wp\/v2\/types\/product"}],"wp:featuredmedia":[{"embeddable":true,"href":"https:\/\/myspainfood.com\/hu\/wp-json\/wp\/v2\/media\/14806"}],"wp:attachment":[{"href":"https:\/\/myspainfood.com\/hu\/wp-json\/wp\/v2\/media?parent=40878"}],"wp:term":[{"taxonomy":"product_brand","embeddable":true,"href":"https:\/\/myspainfood.com\/hu\/wp-json\/wp\/v2\/product_brand?post=40878"},{"taxonomy":"product_cat","embeddable":true,"href":"https:\/\/myspainfood.com\/hu\/wp-json\/wp\/v2\/product_cat?post=40878"},{"taxonomy":"product_tag","embeddable":true,"href":"https:\/\/myspainfood.com\/hu\/wp-json\/wp\/v2\/product_tag?post=40878"}],"curies":[{"name":"wp","href":"https:\/\/api.w.org\/{rel}","templated":true}]}}