{"id":41096,"date":"2025-04-10T12:14:06","date_gmt":"2025-04-10T10:14:06","guid":{"rendered":"https:\/\/myspainfood.com\/producto\/pochas-blancas-de-navarra-a-inigo-hiteles-hagyomanyos-iz-660-gr\/"},"modified":"2025-04-10T12:14:06","modified_gmt":"2025-04-10T10:14:06","slug":"pochas-blancas-de-navarra-a-inigo-hiteles-hagyomanyos-iz-660-gr","status":"publish","type":"product","link":"https:\/\/myspainfood.com\/hu\/producto\/pochas-blancas-de-navarra-a-inigo-hiteles-hagyomanyos-iz-660-gr\/","title":{"rendered":"Pochas Blancas de Navarra A. I\u00f1igo - Hiteles hagyom\u00e1nyos \u00edz 660 gr"},"content":{"rendered":"<p>Az A. I\u00f1igo&#8217;s Pochas Blancas hagyom\u00e1nyos navarrai csemege, amely kiv\u00e9teles min\u0151s\u00e9g\u00e9r\u0151l \u00e9s \u00edz\u00e9r\u0151l ismert. Ezeket a friss babokat optim\u00e1lis \u00e9retts\u00e9gi pontjukon sz\u00fcretelik, \u00e9s gondosan csomagolj\u00e1k, hogy meg\u0151rizz\u00e9k minden frissess\u00e9g\u00fcket \u00e9s t\u00e1panyagukat. <\/p>\n<ul>\n<li><strong>Sz\u00e1rmaz\u00e1si hely:<\/strong> Navarra, Spanyolorsz\u00e1g<\/li>\n<li><strong>Babfajta:<\/strong> Feh\u00e9rbab<\/li>\n<li><strong>El\u0151ad\u00e1s:<\/strong> \u00dcveged\u00e9ny<\/li>\n<li><strong>\u00d6sszetev\u0151k:<\/strong> Feh\u00e9r vesebab, v\u00edz, s\u00f3, s\u00f3.<\/li>\n<li><strong>T\u00e1rol\u00e1s:<\/strong> H\u0171v\u00f6s, sz\u00e1raz helyen t\u00e1rolja.<\/li>\n<li><strong>Felhaszn\u00e1l\u00e1si javaslat:<\/strong> Ide\u00e1lis p\u00f6rk\u00f6ltekhez, sal\u00e1t\u00e1khoz \u00e9s hagyom\u00e1nyos navarrai \u00e9s mediterr\u00e1n \u00e9telekhez.<\/li>\n<\/ul>\n<p>Az A. I\u00f1igo feh\u00e9r babot l\u00e1gys\u00e1ga \u00e9s finom \u00edze jellemzi, amely t\u00f6k\u00e9letesen kieg\u00e9sz\u00edti a levesek, p\u00f6rk\u00f6ltek \u00e9s sal\u00e1t\u00e1k egy\u00e9b \u00f6sszetev\u0151it. Zsenge text\u00far\u00e1ja \u00e9s v\u00e9kony h\u00e9ja miatt az \u00ednyencek \u00e9s a hagyom\u00e1nyos konyha kedvel\u0151i k\u00fcl\u00f6n\u00f6sen nagyra \u00e9rt\u00e9kelik. <\/p>\n","protected":false},"excerpt":{"rendered":"<p>Az A. I\u00f1igo&#8217;s Pochas Blancas hagyom\u00e1nyos navarrai csemege, amely kiv\u00e9teles min\u0151s\u00e9g\u00e9r\u0151l \u00e9s \u00edz\u00e9r\u0151l ismert. Ezeket a friss babokat optim\u00e1lis \u00e9retts\u00e9gi pontjukon sz\u00fcretelik, \u00e9s gondosan csomagolj\u00e1k, hogy meg\u0151rizz\u00e9k minden frissess\u00e9g\u00fcket \u00e9s t\u00e1panyagukat. Sz\u00e1rmaz\u00e1si hely: Navarra, Spanyolorsz\u00e1g Babfajta: Feh\u00e9rbab El\u0151ad\u00e1s: \u00dcveged\u00e9ny \u00d6sszetev\u0151k: Feh\u00e9r vesebab, v\u00edz, s\u00f3, s\u00f3. T\u00e1rol\u00e1s: H\u0171v\u00f6s, sz\u00e1raz helyen t\u00e1rolja. Felhaszn\u00e1l\u00e1si javaslat: Ide\u00e1lis p\u00f6rk\u00f6ltekhez, sal\u00e1t\u00e1khoz [&hellip;]<\/p>\n","protected":false},"featured_media":14680,"template":"","meta":{"_et_pb_use_builder":"","_et_pb_old_content":"","_et_gb_content_width":""},"product_brand":[1461],"product_cat":[3745],"product_tag":[],"class_list":{"0":"post-41096","1":"product","2":"type-product","3":"status-publish","4":"has-post-thumbnail","6":"product_brand-a-inigo","7":"product_cat-megorzi-a-hu-3","9":"first","10":"outofstock","11":"taxable","12":"shipping-taxable","13":"purchasable","14":"product-type-variable"},"_links":{"self":[{"href":"https:\/\/myspainfood.com\/hu\/wp-json\/wp\/v2\/product\/41096","targetHints":{"allow":["GET"]}}],"collection":[{"href":"https:\/\/myspainfood.com\/hu\/wp-json\/wp\/v2\/product"}],"about":[{"href":"https:\/\/myspainfood.com\/hu\/wp-json\/wp\/v2\/types\/product"}],"wp:featuredmedia":[{"embeddable":true,"href":"https:\/\/myspainfood.com\/hu\/wp-json\/wp\/v2\/media\/14680"}],"wp:attachment":[{"href":"https:\/\/myspainfood.com\/hu\/wp-json\/wp\/v2\/media?parent=41096"}],"wp:term":[{"taxonomy":"product_brand","embeddable":true,"href":"https:\/\/myspainfood.com\/hu\/wp-json\/wp\/v2\/product_brand?post=41096"},{"taxonomy":"product_cat","embeddable":true,"href":"https:\/\/myspainfood.com\/hu\/wp-json\/wp\/v2\/product_cat?post=41096"},{"taxonomy":"product_tag","embeddable":true,"href":"https:\/\/myspainfood.com\/hu\/wp-json\/wp\/v2\/product_tag?post=41096"}],"curies":[{"name":"wp","href":"https:\/\/api.w.org\/{rel}","templated":true}]}}