{"id":41142,"date":"2025-04-10T12:14:28","date_gmt":"2025-04-10T10:14:28","guid":{"rendered":"https:\/\/myspainfood.com\/producto\/la-encajera-fuszerezett-egesz-padlizsan-560-gramm\/"},"modified":"2025-04-10T12:14:28","modified_gmt":"2025-04-10T10:14:28","slug":"la-encajera-fuszerezett-egesz-padlizsan-560-gramm","status":"publish","type":"product","link":"https:\/\/myspainfood.com\/hu\/producto\/la-encajera-fuszerezett-egesz-padlizsan-560-gramm\/","title":{"rendered":"La Encajera f\u0171szerezett eg\u00e9sz padlizs\u00e1n 560 gramm"},"content":{"rendered":"<p>Az eg\u00e9sz padlizs\u00e1n \u00f6ntettel ide\u00e1lis <a href=\"https:\/\/www.laencajera.es\/berenjenas-de-almagro\" target=\"_blank\" rel=\"noopener noreferrer nofollow\">el\u0151\u00e9tel<\/a>.<\/p>\n<p>Sal\u00e1t\u00e1k k\u00eds\u00e9r\u0151jek\u00e9nt is haszn\u00e1lj\u00e1k.<\/p>\n<p>V\u00edzzel, borecettel, ol\u00edvaolajjal, paprik\u00e1val, s\u00f3val, k\u00f6m\u00e9nnyel \u00e9s fokhagym\u00e1val \u00edzes\u00edtik.<\/p>\n<p>A padlizs\u00e1n \u00f6ntetes padlizs\u00e1n a spanyolorsz\u00e1gi Castilla la Manch\u00e1b\u00f3l sz\u00e1rmazik.<\/p>\n<p>\u00d6sszetev\u0151k: S: Padlizs\u00e1n &#8222;De Almagro&#8221;, v\u00edz, s\u00f3, borecet, term\u00e9szetes f\u0171szerek (fokhagyma, k\u00f6m\u00e9ny, paprika, ol\u00edvaolaj), \u00edzfokoz\u00f3 (E-621), savany\u00edt\u00f3szer (E-330), tart\u00f3s\u00edt\u00f3szerek (E-270, E-211, E-202E-223), antioxid\u00e1ns (E-300), term\u00e9szetes arom\u00e1k.<\/p>\n<p>H\u0171v\u00f6s \u00e9s sz\u00e1raz helyen, 3\u00baC \u00e9s 10\u00baC k\u00f6z\u00f6tt tartsa. Tartsa t\u00e1vol a napf\u00e9nyt\u0151l \u00e9s er\u0151s szagokt\u00f3l. <\/p>\n<p>Felbont\u00e1s ut\u00e1n tartsa h\u0171tve, \u00e9s 30 napon bel\u00fcl fogyassza el.<\/p>\n<p>Ha olajbogy\u00f3t vagy b\u00e1rmilyen m\u00e1s t\u00edpus\u00fa <a href=\"https:\/\/latiendadesami.com\/categoria-producto\/encurtidos\/\" rel=\"noopener noreferrer nofollow\" target=\"_blank\">savany\u00fas\u00e1got<\/a> szeretne v\u00e1s\u00e1rolni, ne habozzon, n\u00e9zze meg online katal\u00f3gusunkat, hogy megismerje a <a href=\"https:\/\/latiendadesami.com\/categoria-producto\/encurtidos\/berenjenas\/\" target=\"_blank\" rel=\"noopener noreferrer nofollow\">padlizs\u00e1nok<\/a> sz\u00e9les v\u00e1laszt\u00e9k\u00e1t.<\/p>\n<p>A m\u00e1rka a La Encajonera, egy 1990-ben alap\u00edtott csal\u00e1di v\u00e1llalkoz\u00e1s, amely La Mancha sz\u00edv\u00e9ben, ALMAGRO v\u00e1ros\u00e1ban, Ciudad Real tartom\u00e1nyban tal\u00e1lhat\u00f3.<\/p>\n<p>Term\u00e9keinek gy\u00e1rt\u00e1si folyamata ugyanazon a term\u0151ter\u00fcleten kezd\u0151dik, a legjobb min\u0151s\u00e9g\u0171 term\u00e9k kiv\u00e1laszt\u00e1s\u00e1val.<\/p>\n<p>A gy\u00e1r a legmodernebb technol\u00f3gi\u00e1val van felszerelve, mik\u00f6zben meg\u0151rzi a k\u00e9zm\u0171vesek hagyom\u00e1nyait \u00e9s tud\u00e1s\u00e1t.<\/p>\n","protected":false},"excerpt":{"rendered":"<p>Az eg\u00e9sz padlizs\u00e1n \u00f6ntettel ide\u00e1lis el\u0151\u00e9tel. Sal\u00e1t\u00e1k k\u00eds\u00e9r\u0151jek\u00e9nt is haszn\u00e1lj\u00e1k. V\u00edzzel, borecettel, ol\u00edvaolajjal, paprik\u00e1val, s\u00f3val, k\u00f6m\u00e9nnyel \u00e9s fokhagym\u00e1val \u00edzes\u00edtik. A padlizs\u00e1n \u00f6ntetes padlizs\u00e1n a spanyolorsz\u00e1gi Castilla la Manch\u00e1b\u00f3l sz\u00e1rmazik. \u00d6sszetev\u0151k: S: Padlizs\u00e1n &#8222;De Almagro&#8221;, v\u00edz, s\u00f3, borecet, term\u00e9szetes f\u0171szerek (fokhagyma, k\u00f6m\u00e9ny, paprika, ol\u00edvaolaj), \u00edzfokoz\u00f3 (E-621), savany\u00edt\u00f3szer (E-330), tart\u00f3s\u00edt\u00f3szerek (E-270, E-211, E-202E-223), antioxid\u00e1ns (E-300), term\u00e9szetes arom\u00e1k. [&hellip;]<\/p>\n","protected":false},"featured_media":7436,"template":"","meta":{"_et_pb_use_builder":"","_et_pb_old_content":"","_et_gb_content_width":""},"product_brand":[1057],"product_cat":[2120,1568],"product_tag":[2123],"class_list":{"0":"post-41142","1":"product","2":"type-product","3":"status-publish","4":"has-post-thumbnail","6":"product_brand-la-encajera","7":"product_cat-padlizsan","8":"product_cat-savanyusagok","9":"product_tag-alinada-hu","11":"first","12":"outofstock","13":"taxable","14":"shipping-taxable","15":"product-type-variable"},"_links":{"self":[{"href":"https:\/\/myspainfood.com\/hu\/wp-json\/wp\/v2\/product\/41142","targetHints":{"allow":["GET"]}}],"collection":[{"href":"https:\/\/myspainfood.com\/hu\/wp-json\/wp\/v2\/product"}],"about":[{"href":"https:\/\/myspainfood.com\/hu\/wp-json\/wp\/v2\/types\/product"}],"wp:featuredmedia":[{"embeddable":true,"href":"https:\/\/myspainfood.com\/hu\/wp-json\/wp\/v2\/media\/7436"}],"wp:attachment":[{"href":"https:\/\/myspainfood.com\/hu\/wp-json\/wp\/v2\/media?parent=41142"}],"wp:term":[{"taxonomy":"product_brand","embeddable":true,"href":"https:\/\/myspainfood.com\/hu\/wp-json\/wp\/v2\/product_brand?post=41142"},{"taxonomy":"product_cat","embeddable":true,"href":"https:\/\/myspainfood.com\/hu\/wp-json\/wp\/v2\/product_cat?post=41142"},{"taxonomy":"product_tag","embeddable":true,"href":"https:\/\/myspainfood.com\/hu\/wp-json\/wp\/v2\/product_tag?post=41142"}],"curies":[{"name":"wp","href":"https:\/\/api.w.org\/{rel}","templated":true}]}}