{"id":41192,"date":"2025-04-10T12:14:28","date_gmt":"2025-04-10T10:14:28","guid":{"rendered":"https:\/\/myspainfood.com\/producto\/joyas-del-valle-sparga-rugyek-extra-nagyon-vastag-345-g\/"},"modified":"2025-04-10T12:14:28","modified_gmt":"2025-04-10T10:14:28","slug":"joyas-del-valle-sparga-rugyek-extra-nagyon-vastag-345-g","status":"publish","type":"product","link":"https:\/\/myspainfood.com\/hu\/producto\/joyas-del-valle-sparga-rugyek-extra-nagyon-vastag-345-g\/","title":{"rendered":"Joyas del Valle Sp\u00e1rga r\u00fcgyek Extra - Nagyon vastag 345 g"},"content":{"rendered":"<p><strong>Fedezze fel a magas konyham\u0171v\u00e9szet esszenci\u00e1j\u00e1t a Joyas del Valle Extra - Nagyon vastag sp\u00e1rgar\u00fcgyekkel<\/strong>. A 345 grammos kiszerel\u00e9s\u0171 sp\u00e1rgar\u00fcgyek vastags\u00e1gukkal, zsenges\u00e9g\u00fckkel \u00e9s p\u00e1ratlan \u00edz\u00fckkel t\u0171nnek ki, \u00edgy t\u00f6k\u00e9letes kieg\u00e9sz\u00edt\u0151i b\u00e1rmely \u00ednyenc \u00e9telnek. <\/p>\n<p><strong>A term\u00e9k jellemz\u0151i:<\/strong><\/p>\n<ul>\n<li><strong>Pr\u00e9mium kiv\u00e1laszt\u00e1s<\/strong>: Minden egyes sp\u00e1rgacs\u00facsot gondosan kiv\u00e1lasztunk, hogy biztos\u00edtsuk a vastags\u00e1g\u00e1t \u00e9s a kiv\u00e1l\u00f3 min\u0151s\u00e9g\u00e9t, \u00edgy pr\u00e9mium term\u00e9ket k\u00edn\u00e1lunk.<\/li>\n<li><strong>Sima text\u00fara \u00e9s finom \u00edz:<\/strong> \u00c9lvezze a kiv\u00e9telesen sima text\u00far\u00e1t \u00e9s a finom \u00edzt, amely b\u00e1rmilyen konyhai el\u0151k\u00e9sz\u00fcletet feldob.<\/li>\n<li><strong>Magas t\u00e1p\u00e9rt\u00e9k:<\/strong> A sp\u00e1rga vitaminokban, \u00e1sv\u00e1nyi anyagokban \u00e9s rostokban gazdag, hozz\u00e1j\u00e1rul a kiegyens\u00falyozott \u00e9s eg\u00e9szs\u00e9ges t\u00e1pl\u00e1lkoz\u00e1shoz.<\/li>\n<li><strong>Sokoldal\u00fas\u00e1g a konyh\u00e1ban:<\/strong> Ide\u00e1lis sal\u00e1t\u00e1khoz, tapasokhoz, k\u00f6retekhez vagy a legkifinomultabb receptek f\u0151 \u00f6sszetev\u0151jek\u00e9nt. Ezek a sp\u00e1rgabimb\u00f3k minden \u00e9telhez k\u00fcl\u00f6nlegess\u00e9get \u00e9s eleganci\u00e1t k\u00f6lcs\u00f6n\u00f6znek. <\/li>\n<li><strong>Gondos kiszerel\u00e9s<\/strong>: A Joyas del Valle sp\u00e1rgar\u00fcgyek gondosan csomagolva, hogy meg\u0151rizz\u00e9k frissess\u00e9g\u00fcket \u00e9s t\u00e1pl\u00e1lkoz\u00e1si tulajdons\u00e1gaikat, a Joyas del Valle sp\u00e1rgar\u00fcgyek b\u00e1rmely alkalomra k\u00e9szen \u00e1llnak a fogyaszt\u00e1sra.<\/li>\n<\/ul>\n<p><strong>A Joyas del Valle v\u00e1laszt\u00e1s\u00e1nak el\u0151nyei:<\/strong><\/p>\n<ul>\n<li><strong>Elk\u00f6telezetts\u00e9g a min\u0151s\u00e9g ir\u00e1nt:<\/strong> Elk\u00f6telezettek vagyunk a legmagasabb min\u0151s\u00e9g\u0171 term\u00e9kek k\u00edn\u00e1lata ir\u00e1nt, amelyeket a legszigor\u00fabb el\u0151\u00edr\u00e1sok szerint v\u00e1logatunk \u00e9s csomagolunk, hogy garant\u00e1ljuk a frissess\u00e9get \u00e9s az \u00edzeket.<\/li>\n<li><strong>Hiteles \u00edz:<\/strong> Tapasztalja meg a friss, odaad\u00f3an \u00e9s gondosan termesztett \u00e9s v\u00e1logatott sp\u00e1rga hiteles \u00edz\u00e9t.<\/li>\n<li><strong>Fenntarthat\u00f3 gyakorlatok:<\/strong> A Joyas del Valle elk\u00f6telezett a fenntarthat\u00f3s\u00e1g mellett, k\u00f6rnyezetbar\u00e1t mez\u0151gazdas\u00e1gi gyakorlatokat alkalmaz, hogy term\u00e9szetes \u00e9s eg\u00e9szs\u00e9ges term\u00e9ket k\u00edn\u00e1ljon.<\/li>\n<\/ul>\n<p><strong>Term\u00e9szetv\u00e9delmi tippek:<\/strong><\/p>\n<p>Ahhoz, hogy a sp\u00e1rgabimb\u00f3k a lehet\u0151 legjobb \u00e1llapotban maradjanak, t\u00e1rolja \u0151ket h\u0171v\u00f6s, sz\u00e1raz helyen. Ha felbontott\u00e1k, tartsa h\u0171t\u0151ben, \u00e9s a maxim\u00e1lis frissess\u00e9g \u00e9rdek\u00e9ben a k\u00f6vetkez\u0151 n\u00e9h\u00e1ny napon bel\u00fcl fogyassza el. <\/p>\n<p><strong>Emelje az \u00e9tkez\u00e9s\u00e9t a k\u00f6vetkez\u0151 szintre:<\/strong><\/p>\n<p>Adjon egy csipetnyi kifinomults\u00e1got \u00e9s \u00edzt \u00e9teleinek a <strong>Joyas del Valle Extra - Nagyon vastag sp\u00e1rgar\u00fcgyek 345 gr-mal.<\/strong> T\u00f6k\u00e9letes azoknak az \u00e9telek kedvel\u0151inek, akiknek fontos a min\u0151s\u00e9g, a t\u00e1pl\u00e1lkoz\u00e1s \u00e9s az autentikus \u00edz minden egyes falatban. <\/p>\n<p>A Joyas del Valle seg\u00edts\u00e9g\u00e9vel minden \u00e9tkez\u00e9s gourmet \u00e9lm\u00e9nny\u00e9 v\u00e1lik!<\/p>\n","protected":false},"excerpt":{"rendered":"<p>Fedezze fel a magas konyham\u0171v\u00e9szet esszenci\u00e1j\u00e1t a Joyas del Valle Extra - Nagyon vastag sp\u00e1rgar\u00fcgyekkel. A 345 grammos kiszerel\u00e9s\u0171 sp\u00e1rgar\u00fcgyek vastags\u00e1gukkal, zsenges\u00e9g\u00fckkel \u00e9s p\u00e1ratlan \u00edz\u00fckkel t\u0171nnek ki, \u00edgy t\u00f6k\u00e9letes kieg\u00e9sz\u00edt\u0151i b\u00e1rmely \u00ednyenc \u00e9telnek. A term\u00e9k jellemz\u0151i: Pr\u00e9mium kiv\u00e1laszt\u00e1s: Minden egyes sp\u00e1rgacs\u00facsot gondosan kiv\u00e1lasztunk, hogy biztos\u00edtsuk a vastags\u00e1g\u00e1t \u00e9s a kiv\u00e1l\u00f3 min\u0151s\u00e9g\u00e9t, \u00edgy pr\u00e9mium term\u00e9ket k\u00edn\u00e1lunk. [&hellip;]<\/p>\n","protected":false},"featured_media":14878,"template":"","meta":{"_et_pb_use_builder":"","_et_pb_old_content":"","_et_gb_content_width":""},"product_brand":[1468],"product_cat":[1955,6352,3723],"product_tag":[],"class_list":{"0":"post-41192","1":"product","2":"type-product","3":"status-publish","4":"has-post-thumbnail","6":"product_brand-joyas-del-valle","7":"product_cat-megorzi-a","8":"product_cat-sparga","9":"product_cat-zoldsegek","11":"first","12":"outofstock","13":"taxable","14":"shipping-taxable","15":"product-type-variable"},"_links":{"self":[{"href":"https:\/\/myspainfood.com\/hu\/wp-json\/wp\/v2\/product\/41192","targetHints":{"allow":["GET"]}}],"collection":[{"href":"https:\/\/myspainfood.com\/hu\/wp-json\/wp\/v2\/product"}],"about":[{"href":"https:\/\/myspainfood.com\/hu\/wp-json\/wp\/v2\/types\/product"}],"wp:featuredmedia":[{"embeddable":true,"href":"https:\/\/myspainfood.com\/hu\/wp-json\/wp\/v2\/media\/14878"}],"wp:attachment":[{"href":"https:\/\/myspainfood.com\/hu\/wp-json\/wp\/v2\/media?parent=41192"}],"wp:term":[{"taxonomy":"product_brand","embeddable":true,"href":"https:\/\/myspainfood.com\/hu\/wp-json\/wp\/v2\/product_brand?post=41192"},{"taxonomy":"product_cat","embeddable":true,"href":"https:\/\/myspainfood.com\/hu\/wp-json\/wp\/v2\/product_cat?post=41192"},{"taxonomy":"product_tag","embeddable":true,"href":"https:\/\/myspainfood.com\/hu\/wp-json\/wp\/v2\/product_tag?post=41192"}],"curies":[{"name":"wp","href":"https:\/\/api.w.org\/{rel}","templated":true}]}}