{"id":41762,"date":"2025-04-10T12:12:29","date_gmt":"2025-04-10T10:12:29","guid":{"rendered":"https:\/\/myspainfood.com\/producto\/la-vieja-fabrica-baracklekvar-diet-280-g\/"},"modified":"2025-04-10T12:12:29","modified_gmt":"2025-04-10T10:12:29","slug":"la-vieja-fabrica-baracklekvar-diet-280-g","status":"publish","type":"product","link":"https:\/\/myspainfood.com\/hu\/producto\/la-vieja-fabrica-baracklekvar-diet-280-g\/","title":{"rendered":"La Vieja F\u00e1brica Baracklekv\u00e1r DIET 280 g"},"content":{"rendered":"<p>A La Vieja F\u00e1brica di\u00e9t\u00e1s \u0151szibaracklekv\u00e1r \u00edzletes v\u00e1laszt\u00e1s azok sz\u00e1m\u00e1ra, akik a gy\u00fcm\u00f6lcs\u00f6k autentikus \u00edz\u00e9t szeretn\u00e9k \u00e9lvezni an\u00e9lk\u00fcl, hogy felesleges kal\u00f3ri\u00e1kat adn\u00e1nak az \u00e9trendj\u00fckh\u00f6z. Ez a v\u00e1logatott \u0151szibarackb\u00f3l, a La Vieja F\u00e1brica hagyom\u00e1nyos k\u00e9zm\u0171ves receptjei alapj\u00e1n k\u00e9sz\u00fclt lekv\u00e1r friss \u00e9s term\u00e9szetes \u00edzt k\u00edn\u00e1l. <\/p>\n<p><strong>Sz\u00e1rmaz\u00e1si hely<\/strong>: Spanyolorsz\u00e1g Gy\u00e1rt\u00f3: \u00c1ngel Camacho Alimentaci\u00f3n, S.L.<\/p>\n<p><strong>A gy\u00e1rt\u00f3 c\u00edme<\/strong>: Avda. del Pilar, 6 - 41530 Mor\u00f3n de la Frontera (Sevilla)<\/p>\n<p> <strong> Sz\u00e1rmaz\u00e1s<\/strong>: spanyolorsz\u00e1gi term\u00e9k<\/p>\n<p><strong>Nett\u00f3 s\u00faly<\/strong>: 280 g<\/p>\n<p><strong>Tov\u00e1bbi k\u00f6telez\u0151 inform\u00e1ci\u00f3k a c\u00edmk\u00e9n<\/strong>: 100 grammonk\u00e9nt 55 g \u0151szibarackot tartalmaz.<\/p>\n<p><strong>\u00d6sszes cukor<\/strong>: 42 g\/100 g.<\/p>\n","protected":false},"excerpt":{"rendered":"<p>A La Vieja F\u00e1brica di\u00e9t\u00e1s \u0151szibaracklekv\u00e1r \u00edzletes v\u00e1laszt\u00e1s azok sz\u00e1m\u00e1ra, akik a gy\u00fcm\u00f6lcs\u00f6k autentikus \u00edz\u00e9t szeretn\u00e9k \u00e9lvezni an\u00e9lk\u00fcl, hogy felesleges kal\u00f3ri\u00e1kat adn\u00e1nak az \u00e9trendj\u00fckh\u00f6z. Ez a v\u00e1logatott \u0151szibarackb\u00f3l, a La Vieja F\u00e1brica hagyom\u00e1nyos k\u00e9zm\u0171ves receptjei alapj\u00e1n k\u00e9sz\u00fclt lekv\u00e1r friss \u00e9s term\u00e9szetes \u00edzt k\u00edn\u00e1l. Sz\u00e1rmaz\u00e1si hely: Spanyolorsz\u00e1g Gy\u00e1rt\u00f3: \u00c1ngel Camacho Alimentaci\u00f3n, S.L. A gy\u00e1rt\u00f3 c\u00edme: Avda. [&hellip;]<\/p>\n","protected":false},"featured_media":14257,"template":"","meta":{"_et_pb_use_builder":"","_et_pb_old_content":"","_et_gb_content_width":""},"product_brand":[1460],"product_cat":[1955],"product_tag":[],"class_list":{"0":"post-41762","1":"product","2":"type-product","3":"status-publish","4":"has-post-thumbnail","6":"product_brand-la-vieja-fabrica","7":"product_cat-megorzi-a","9":"first","10":"outofstock","11":"taxable","12":"shipping-taxable","13":"product-type-variable"},"_links":{"self":[{"href":"https:\/\/myspainfood.com\/hu\/wp-json\/wp\/v2\/product\/41762","targetHints":{"allow":["GET"]}}],"collection":[{"href":"https:\/\/myspainfood.com\/hu\/wp-json\/wp\/v2\/product"}],"about":[{"href":"https:\/\/myspainfood.com\/hu\/wp-json\/wp\/v2\/types\/product"}],"wp:featuredmedia":[{"embeddable":true,"href":"https:\/\/myspainfood.com\/hu\/wp-json\/wp\/v2\/media\/14257"}],"wp:attachment":[{"href":"https:\/\/myspainfood.com\/hu\/wp-json\/wp\/v2\/media?parent=41762"}],"wp:term":[{"taxonomy":"product_brand","embeddable":true,"href":"https:\/\/myspainfood.com\/hu\/wp-json\/wp\/v2\/product_brand?post=41762"},{"taxonomy":"product_cat","embeddable":true,"href":"https:\/\/myspainfood.com\/hu\/wp-json\/wp\/v2\/product_cat?post=41762"},{"taxonomy":"product_tag","embeddable":true,"href":"https:\/\/myspainfood.com\/hu\/wp-json\/wp\/v2\/product_tag?post=41762"}],"curies":[{"name":"wp","href":"https:\/\/api.w.org\/{rel}","templated":true}]}}