{"id":41811,"date":"2025-04-10T12:12:57","date_gmt":"2025-04-10T10:12:57","guid":{"rendered":"https:\/\/myspainfood.com\/producto\/a-inigo-zoldbab-kerek-kozepes-darabok-400-gr\/"},"modified":"2025-04-10T12:12:57","modified_gmt":"2025-04-10T10:12:57","slug":"a-inigo-zoldbab-kerek-kozepes-darabok-400-gr","status":"publish","type":"product","link":"https:\/\/myspainfood.com\/hu\/producto\/a-inigo-zoldbab-kerek-kozepes-darabok-400-gr\/","title":{"rendered":"A.I\u00f1igo Z\u00f6ldbab kerek k\u00f6zepes darabok 400 gr"},"content":{"rendered":"<p>Az A.I\u00f1igo z\u00f6ldbab a frissess\u00e9g \u00e9s az \u00edzek kiv\u00e1l\u00f3s\u00e1g\u00e1t k\u00e9pviseli. Ezek a gondosan v\u00e1logatott \u00e9s optim\u00e1lis \u00e9retts\u00e9gi \u00e1llapotban betakar\u00edtott z\u00f6ldbabok ide\u00e1lis v\u00e1laszt\u00e1s b\u00e1rmelyik napi \u00e9tkez\u00e9shez. <\/p>\n<p><strong>Energia\u00e9rt\u00e9k:<\/strong> 15,9 kJ \/ 67,5 kcal<\/p>\n<p><strong>Zs\u00edr<\/strong>: 0 g<\/p>\n<p><strong>Ebb\u0151l tel\u00edtett<\/strong> 0 g<\/p>\n<p><strong>Sz\u00e9nhidr\u00e1tok:<\/strong> 3,3 g<\/p>\n<p><strong>Ebb\u0151l cukor<\/strong>: 0,8 g<\/p>\n<p><strong>\u00c9lelmi rost<\/strong>: 1,5 g<\/p>\n<p><strong>Feh\u00e9rje<\/strong>: 0,67 g<\/p>\n<p><strong>S\u00f3<\/strong>: 0,5 g<\/p>\n","protected":false},"excerpt":{"rendered":"<p>Az A.I\u00f1igo z\u00f6ldbab a frissess\u00e9g \u00e9s az \u00edzek kiv\u00e1l\u00f3s\u00e1g\u00e1t k\u00e9pviseli. Ezek a gondosan v\u00e1logatott \u00e9s optim\u00e1lis \u00e9retts\u00e9gi \u00e1llapotban betakar\u00edtott z\u00f6ldbabok ide\u00e1lis v\u00e1laszt\u00e1s b\u00e1rmelyik napi \u00e9tkez\u00e9shez. Energia\u00e9rt\u00e9k: 15,9 kJ \/ 67,5 kcal Zs\u00edr: 0 g Ebb\u0151l tel\u00edtett 0 g Sz\u00e9nhidr\u00e1tok: 3,3 g Ebb\u0151l cukor: 0,8 g \u00c9lelmi rost: 1,5 g Feh\u00e9rje: 0,67 g S\u00f3: 0,5 g<\/p>\n","protected":false},"featured_media":14527,"template":"","meta":{"_et_pb_use_builder":"","_et_pb_old_content":"","_et_gb_content_width":""},"product_brand":[1461],"product_cat":[1955],"product_tag":[],"class_list":{"0":"post-41811","1":"product","2":"type-product","3":"status-publish","4":"has-post-thumbnail","6":"product_brand-a-inigo","7":"product_cat-megorzi-a","9":"first","10":"instock","11":"taxable","12":"shipping-taxable","13":"product-type-variable"},"_links":{"self":[{"href":"https:\/\/myspainfood.com\/hu\/wp-json\/wp\/v2\/product\/41811","targetHints":{"allow":["GET"]}}],"collection":[{"href":"https:\/\/myspainfood.com\/hu\/wp-json\/wp\/v2\/product"}],"about":[{"href":"https:\/\/myspainfood.com\/hu\/wp-json\/wp\/v2\/types\/product"}],"wp:featuredmedia":[{"embeddable":true,"href":"https:\/\/myspainfood.com\/hu\/wp-json\/wp\/v2\/media\/14527"}],"wp:attachment":[{"href":"https:\/\/myspainfood.com\/hu\/wp-json\/wp\/v2\/media?parent=41811"}],"wp:term":[{"taxonomy":"product_brand","embeddable":true,"href":"https:\/\/myspainfood.com\/hu\/wp-json\/wp\/v2\/product_brand?post=41811"},{"taxonomy":"product_cat","embeddable":true,"href":"https:\/\/myspainfood.com\/hu\/wp-json\/wp\/v2\/product_cat?post=41811"},{"taxonomy":"product_tag","embeddable":true,"href":"https:\/\/myspainfood.com\/hu\/wp-json\/wp\/v2\/product_tag?post=41811"}],"curies":[{"name":"wp","href":"https:\/\/api.w.org\/{rel}","templated":true}]}}