{"id":42422,"date":"2025-04-10T12:11:40","date_gmt":"2025-04-10T10:11:40","guid":{"rendered":"https:\/\/myspainfood.com\/producto\/szardinia-napraforgoolajban-12-14-darab-111-g\/"},"modified":"2025-04-10T12:11:40","modified_gmt":"2025-04-10T10:11:40","slug":"szardinia-napraforgoolajban-12-14-darab-111-g","status":"publish","type":"product","link":"https:\/\/myspainfood.com\/hu\/producto\/szardinia-napraforgoolajban-12-14-darab-111-g\/","title":{"rendered":"Szard\u00ednia napraforg\u00f3olajban 12\/14 darab 111 g"},"content":{"rendered":"<p>Fedezze fel a tenger finom \u00edz\u00e9t a napraforg\u00f3olajban s\u00fclt pr\u00e9mium szard\u00edni\u00e1nkkal! Minden egyes falat a frissess\u00e9g \u00e9s a min\u0151s\u00e9g robban\u00e1sa, amely elvar\u00e1zsolja az \u00edzl\u00e9s\u00e9t, \u00e9s elrep\u00edti \u00d6nt a legegzotikusabb tengerpartokra. <\/p>\n<p>Szard\u00edni\u00e1inkat gondosan a legtiszt\u00e1bb vizekb\u0151l hal\u00e1ssz\u00e1k, \u00e9s \u00fagy v\u00e1logatj\u00e1k ki \u0151ket, hogy garant\u00e1lj\u00e1k p\u00e1ratlan frissess\u00e9g\u00fcket \u00e9s \u00edz\u00fcket. Pr\u00e9mium min\u0151s\u00e9g\u0171 napraforg\u00f3olajban \u00e1ztatva meg\u0151rzik zsenge szerkezet\u00fcket \u00e9s term\u00e9szetes \u00edz\u00fcket, hogy minden egyes falat felejthetetlen \u00e9lm\u00e9nyt ny\u00fajtson. <\/p>\n<p>Az omega-3 zs\u00edrsavakban, esszenci\u00e1lis vitaminokban \u00e9s \u00e1sv\u00e1nyi anyagokban gazdag szard\u00edni\u00e1nk napraforg\u00f3olajban nemcsak finom, hanem t\u00e1pl\u00e1l\u00f3 v\u00e1laszt\u00e1s is a napi \u00e9trendben. Haszn\u00e1lja \u0151ket friss sal\u00e1t\u00e1k, \u00ednyenc r\u00e1gcs\u00e1lnival\u00f3k szt\u00e1r\u00f6sszetev\u0151jek\u00e9nt, vagy egyszer\u0171en csak egyenesen a konzervdobozb\u00f3l fogyassza \u0151ket. <\/p>\n<p>Ak\u00e1r egy d\u00edszes vacsor\u00e1t k\u00e9sz\u00edtesz, ak\u00e1r egy eg\u00e9szs\u00e9ges snacket keresel elvitelre, a napraforg\u00f3olajban s\u00fclt szard\u00edni\u00e1nk t\u00f6k\u00e9letes v\u00e1laszt\u00e1s. Merd kipr\u00f3b\u00e1lni, \u00e9s fedezd fel, mi\u00e9rt ez a legjobban \u0151rz\u00f6tt titka minden gasztron\u00f3musnak! <\/p>\n<p>Szerezze be m\u00e9g ma a napraforg\u00f3olajos szard\u00edniakonzervet, \u00e9s adjon egy csipetnyi tengeri herkenty\u0171s \u00edzt kedvenc \u00e9teleinek!<\/p>\n","protected":false},"excerpt":{"rendered":"<p>Fedezze fel a tenger finom \u00edz\u00e9t a napraforg\u00f3olajban s\u00fclt pr\u00e9mium szard\u00edni\u00e1nkkal! Minden egyes falat a frissess\u00e9g \u00e9s a min\u0151s\u00e9g robban\u00e1sa, amely elvar\u00e1zsolja az \u00edzl\u00e9s\u00e9t, \u00e9s elrep\u00edti \u00d6nt a legegzotikusabb tengerpartokra. <\/p>\n","protected":false},"featured_media":14131,"template":"","meta":{"_et_pb_use_builder":"","_et_pb_old_content":"","_et_gb_content_width":""},"product_brand":[1358],"product_cat":[1955,3765],"product_tag":[],"class_list":{"0":"post-42422","1":"product","2":"type-product","3":"status-publish","4":"has-post-thumbnail","6":"product_brand-areoso","7":"product_cat-megorzi-a","8":"product_cat-sardinillas-hu","10":"first","11":"outofstock","12":"taxable","13":"shipping-taxable","14":"product-type-simple"},"_links":{"self":[{"href":"https:\/\/myspainfood.com\/hu\/wp-json\/wp\/v2\/product\/42422","targetHints":{"allow":["GET"]}}],"collection":[{"href":"https:\/\/myspainfood.com\/hu\/wp-json\/wp\/v2\/product"}],"about":[{"href":"https:\/\/myspainfood.com\/hu\/wp-json\/wp\/v2\/types\/product"}],"wp:featuredmedia":[{"embeddable":true,"href":"https:\/\/myspainfood.com\/hu\/wp-json\/wp\/v2\/media\/14131"}],"wp:attachment":[{"href":"https:\/\/myspainfood.com\/hu\/wp-json\/wp\/v2\/media?parent=42422"}],"wp:term":[{"taxonomy":"product_brand","embeddable":true,"href":"https:\/\/myspainfood.com\/hu\/wp-json\/wp\/v2\/product_brand?post=42422"},{"taxonomy":"product_cat","embeddable":true,"href":"https:\/\/myspainfood.com\/hu\/wp-json\/wp\/v2\/product_cat?post=42422"},{"taxonomy":"product_tag","embeddable":true,"href":"https:\/\/myspainfood.com\/hu\/wp-json\/wp\/v2\/product_tag?post=42422"}],"curies":[{"name":"wp","href":"https:\/\/api.w.org\/{rel}","templated":true}]}}