{"id":43709,"date":"2025-04-10T12:05:33","date_gmt":"2025-04-10T10:05:33","guid":{"rendered":"https:\/\/myspainfood.com\/producto\/padlizsan-izu-oliva\/"},"modified":"2025-04-10T12:05:33","modified_gmt":"2025-04-10T10:05:33","slug":"padlizsan-izu-oliva","status":"publish","type":"product","link":"https:\/\/myspainfood.com\/hu\/producto\/padlizsan-izu-oliva\/","title":{"rendered":"Padlizs\u00e1n \u00edz\u0171 ol\u00edva"},"content":{"rendered":"<p>A Padlizs\u00e1n \u00edz\u0171 olajbogy\u00f3 nagyon enyhe \u00edz\u0171, \u00edgy egy mer\u00e9sz <a href=\"https:\/\/www.laencajera.es\/aceitunas\" target=\"_blank\" rel=\"noopener noreferrer nofollow\">el\u0151\u00e9tel<\/a>, amely mindig \u00e9tv\u00e1gygerjeszt\u0151.<\/p>\n<p>Valamint ide\u00e1lis k\u00eds\u00e9r\u0151je a kanalas \u00e9teleknek. Egy poh\u00e1r borral is fogyaszthat\u00f3. <\/p>\n<p>\u00d6sszetev\u0151k: Olajbogy\u00f3, v\u00edz, bors, s\u00f3, ecet, term\u00e9szetes f\u0171szerek (fokhagyma, k\u00f6m\u00e9ny, paprika \u00e9s olaj), \u00edzfokoz\u00f3 (E-631, E-627, E-621), savany\u00edt\u00f3 (E-330), tart\u00f3s\u00edt\u00f3szerek (E-270, E-202, E-211), antioxid\u00e1ns (E-330) \u00e9s term\u00e9szetes arom\u00e1k. Szulfitokat tartalmazhat. <\/p>\n<p>H\u0171v\u00f6s \u00e9s sz\u00e1raz helyen, 3\u00baC \u00e9s 10\u00baC k\u00f6z\u00f6tt tartsa. Tartsa t\u00e1vol a napf\u00e9nyt\u0151l \u00e9s er\u0151s szagokt\u00f3l. <\/p>\n<p>A Padlizs\u00e1n \u00edz\u0171 olajbogy\u00f3 felbont\u00e1s ut\u00e1n h\u0171tve tartand\u00f3, \u00e9s 30 napon bel\u00fcl fogyaszthat\u00f3.<\/p>\n<p>Ha olajbogy\u00f3t vagy b\u00e1rmilyen m\u00e1s t\u00edpus\u00fa <a href=\"https:\/\/latiendadesami.com\/categoria-producto\/encurtidos\/\" rel=\"noopener noreferrer nofollow\" target=\"_blank\">savany\u00fas\u00e1got<\/a> szeretne v\u00e1s\u00e1rolni, ne habozzon, n\u00e9zze meg online katal\u00f3gusunkat, hogy megismerje a <a href=\"https:\/\/latiendadesami.com\/categoria-producto\/encurtidos\/berenjenas\/\" target=\"_blank\" rel=\"noopener noreferrer nofollow\">padlizs\u00e1nok<\/a> sz\u00e9les v\u00e1laszt\u00e9k\u00e1t.<\/p>\n<p>A m\u00e1rka a La Encajonera, egy 1990-ben alap\u00edtott csal\u00e1di v\u00e1llalkoz\u00e1s, amely La Mancha sz\u00edv\u00e9ben, ALMAGRO v\u00e1ros\u00e1ban, Ciudad Real tartom\u00e1nyban tal\u00e1lhat\u00f3.<\/p>\n<p>Term\u00e9keinek gy\u00e1rt\u00e1si folyamata ugyanazon a term\u0151ter\u00fcleten kezd\u0151dik, a legjobb min\u0151s\u00e9g\u0171 term\u00e9k kiv\u00e1laszt\u00e1s\u00e1val.<\/p>\n<p>A gy\u00e1r a legmodernebb technol\u00f3gi\u00e1val van felszerelve, mik\u00f6zben meg\u0151rzi a k\u00e9zm\u0171vesek hagyom\u00e1nyait \u00e9s tud\u00e1s\u00e1t.<\/p>\n","protected":false},"excerpt":{"rendered":"<p>A Padlizs\u00e1n \u00edz\u0171 olajbogy\u00f3 nagyon enyhe \u00edz\u0171, \u00edgy egy mer\u00e9sz el\u0151\u00e9tel, amely mindig \u00e9tv\u00e1gygerjeszt\u0151. Valamint ide\u00e1lis k\u00eds\u00e9r\u0151je a kanalas \u00e9teleknek. Egy poh\u00e1r borral is fogyaszthat\u00f3. \u00d6sszetev\u0151k: Olajbogy\u00f3, v\u00edz, bors, s\u00f3, ecet, term\u00e9szetes f\u0171szerek (fokhagyma, k\u00f6m\u00e9ny, paprika \u00e9s olaj), \u00edzfokoz\u00f3 (E-631, E-627, E-621), savany\u00edt\u00f3 (E-330), tart\u00f3s\u00edt\u00f3szerek (E-270, E-202, E-211), antioxid\u00e1ns (E-330) \u00e9s term\u00e9szetes arom\u00e1k. Szulfitokat tartalmazhat. [&hellip;]<\/p>\n","protected":false},"featured_media":7616,"template":"","meta":{"_et_pb_use_builder":"","_et_pb_old_content":"","_et_gb_content_width":""},"product_brand":[1057],"product_cat":[1569,1568],"product_tag":[2162],"class_list":{"0":"post-43709","1":"product","2":"type-product","3":"status-publish","4":"has-post-thumbnail","6":"product_brand-la-encajera","7":"product_cat-olajbogyo","8":"product_cat-savanyusagok","9":"product_tag-padlizsan","11":"first","12":"outofstock","13":"taxable","14":"shipping-taxable","15":"product-type-variable"},"_links":{"self":[{"href":"https:\/\/myspainfood.com\/hu\/wp-json\/wp\/v2\/product\/43709","targetHints":{"allow":["GET"]}}],"collection":[{"href":"https:\/\/myspainfood.com\/hu\/wp-json\/wp\/v2\/product"}],"about":[{"href":"https:\/\/myspainfood.com\/hu\/wp-json\/wp\/v2\/types\/product"}],"wp:featuredmedia":[{"embeddable":true,"href":"https:\/\/myspainfood.com\/hu\/wp-json\/wp\/v2\/media\/7616"}],"wp:attachment":[{"href":"https:\/\/myspainfood.com\/hu\/wp-json\/wp\/v2\/media?parent=43709"}],"wp:term":[{"taxonomy":"product_brand","embeddable":true,"href":"https:\/\/myspainfood.com\/hu\/wp-json\/wp\/v2\/product_brand?post=43709"},{"taxonomy":"product_cat","embeddable":true,"href":"https:\/\/myspainfood.com\/hu\/wp-json\/wp\/v2\/product_cat?post=43709"},{"taxonomy":"product_tag","embeddable":true,"href":"https:\/\/myspainfood.com\/hu\/wp-json\/wp\/v2\/product_tag?post=43709"}],"curies":[{"name":"wp","href":"https:\/\/api.w.org\/{rel}","templated":true}]}}