{"id":43810,"date":"2025-04-10T12:10:12","date_gmt":"2025-04-10T10:10:12","guid":{"rendered":"https:\/\/myspainfood.com\/producto\/80-db-cusumano-tengerparti-friss-bonito-18-kg\/"},"modified":"2026-01-13T13:49:08","modified_gmt":"2026-01-13T12:49:08","slug":"80-db-cusumano-tengerparti-friss-bonito-18-kg","status":"publish","type":"product","link":"https:\/\/myspainfood.com\/hu\/producto\/80-db-cusumano-tengerparti-friss-bonito-18-kg\/","title":{"rendered":"80 db Cusumano tengerparti friss bonito 1&#8217;8 kg"},"content":{"rendered":"<div id=\"product-description-short-5\" class=\"rte-content\">\n<p style=\"text-align: left;\">A part menti friss tonhal A Cusumano a Cantabriai-tengerben egyes\u00e9vel kifogott \u00e9s frissen <a href=\"https:\/\/es.wikipedia.org\/wiki\/Thunnus\" target=\"_blank\" rel=\"noopener noreferrer nofollow\">feldolgozott<\/a> feh\u00e9r tonhal.<\/p>\n<p>Ez az \u00e9tel autentikus \u00edz\u0171 \u00e9s kiv\u00e9teles \u00e1llag\u00fa.<\/p>\n<p>V\u00e9gre egy hagyom\u00e1nyos konzerv ker\u00fclhet az asztalra.<\/p>\n<p>Fresco de Costera.<\/p>\n<p>Mivel ez egy szezon\u00e1lis hal\u00e1szat, amely j\u00faniust\u00f3l okt\u00f3berig tart, a Cusumano garant\u00e1lja, hogy ez a feh\u00e9r tonhal nem ment \u00e1t semmilyen fagyaszt\u00e1si folyamaton a fog\u00e1st\u00f3l a termel\u00e9sig.<\/p>\n<p>Ez a tonhal s\u00e9rtetlen\u00fcl meg\u0151rzi sz\u00edn\u00e9nek, \u00edz\u00e9nek \u00e9s \u00e1llag\u00e1nak minden \u00e9rz\u00e9kszervi tulajdons\u00e1g\u00e1t.<\/p>\n<p>A Conservas Cusumano \u00faj \u00e9s modern, k\u00f6zel 6000 m\u00b2-es l\u00e9tes\u00edtm\u00e9nyei Mundak\u00e1ban tal\u00e1lhat\u00f3k.<\/p>\n<p>A Conservas Cusumano egy olyan v\u00e1llalat, amely t\u00f6bb mint 60 \u00e9ve \u0151rzi a hagyom\u00e1nyok \u00e9s a know-how ir\u00e1nti szeretetet a vil\u00e1g egyik legr\u00e9gebbi \u00e9s leghagyom\u00e1nyosabb szakm\u00e1j\u00e1ban: a friss feh\u00e9r tonhal hal\u00e1szat\u00e1ban \u00e9s konzerv\u00e1l\u00e1s\u00e1ban.<\/p>\n<p>A p\u00e1ratlan Urdaibai Bioszf\u00e9ra Rezerv\u00e1tumon bel\u00fcl, amely lehet\u0151v\u00e9 teszi sz\u00e1mukra, hogy a legfrissebb halakkal rendelkezzenek, mivel olyan k\u00f6zel van a tengerhez, amely \u00e1thatja a l\u00e9nyeg\u00fcnket.<\/p>\n<p>Ha friss Cusumano Coastal tonhalat vagy b\u00e1rmilyen m\u00e1s t\u00edpus\u00fa <a href=\"https:\/\/latiendadesami.com\/categoria-producto\/conservas\/\" rel=\"noopener noreferrer nofollow\" target=\"_blank\">tonhalkonzervet<\/a> szeretne v\u00e1s\u00e1rolni, ne habozzon, n\u00e9zze meg teljes online katal\u00f3gusunkat, hogy megismerje a <a href=\"https:\/\/latiendadesami.com\/categoria-producto\/conservas\/atun-y-bonito\/\" target=\"_blank\" rel=\"noopener noreferrer nofollow\">tonhalak<\/a> sz\u00e9les v\u00e1laszt\u00e9k\u00e1t.<\/p>\n<p>Tov\u00e1bbi inform\u00e1ci\u00f3\u00e9rt \u00edrjon nek\u00fcnk.<\/p>\n<p>&nbsp;<\/p>\n<\/div>\n","protected":false},"excerpt":{"rendered":"<p>A part menti friss tonhal A Cusumano a Cantabriai-tengerben egyes\u00e9vel kifogott \u00e9s frissen feldolgozott feh\u00e9r tonhal. Ez az \u00e9tel autentikus \u00edz\u0171 \u00e9s kiv\u00e9teles \u00e1llag\u00fa. V\u00e9gre egy hagyom\u00e1nyos konzerv ker\u00fclhet az asztalra. Fresco de Costera. Mivel ez egy szezon\u00e1lis hal\u00e1szat, amely j\u00faniust\u00f3l okt\u00f3berig tart, a Cusumano garant\u00e1lja, hogy ez a feh\u00e9r tonhal nem ment \u00e1t semmilyen [&hellip;]<\/p>\n","protected":false},"featured_media":12619,"template":"","meta":{"_et_pb_use_builder":"","_et_pb_old_content":"","_et_gb_content_width":""},"product_brand":[1272],"product_cat":[1955,4220],"product_tag":[],"class_list":{"0":"post-43810","1":"product","2":"type-product","3":"status-publish","4":"has-post-thumbnail","6":"product_brand-cusumano","7":"product_cat-megorzi-a","8":"product_cat-tonhal-es-bonito","10":"first","11":"outofstock","12":"taxable","13":"shipping-taxable","14":"purchasable","15":"product-type-simple"},"_links":{"self":[{"href":"https:\/\/myspainfood.com\/hu\/wp-json\/wp\/v2\/product\/43810","targetHints":{"allow":["GET"]}}],"collection":[{"href":"https:\/\/myspainfood.com\/hu\/wp-json\/wp\/v2\/product"}],"about":[{"href":"https:\/\/myspainfood.com\/hu\/wp-json\/wp\/v2\/types\/product"}],"wp:featuredmedia":[{"embeddable":true,"href":"https:\/\/myspainfood.com\/hu\/wp-json\/wp\/v2\/media\/12619"}],"wp:attachment":[{"href":"https:\/\/myspainfood.com\/hu\/wp-json\/wp\/v2\/media?parent=43810"}],"wp:term":[{"taxonomy":"product_brand","embeddable":true,"href":"https:\/\/myspainfood.com\/hu\/wp-json\/wp\/v2\/product_brand?post=43810"},{"taxonomy":"product_cat","embeddable":true,"href":"https:\/\/myspainfood.com\/hu\/wp-json\/wp\/v2\/product_cat?post=43810"},{"taxonomy":"product_tag","embeddable":true,"href":"https:\/\/myspainfood.com\/hu\/wp-json\/wp\/v2\/product_tag?post=43810"}],"curies":[{"name":"wp","href":"https:\/\/api.w.org\/{rel}","templated":true}]}}